{"id":13638,"date":"2026-02-27T00:18:42","date_gmt":"2026-02-27T00:18:42","guid":{"rendered":"https:\/\/nordicmart.andreevmaster.com\/product\/vasagle-bartisch-med-2-barstolar-stabord-med-barstolar-bartisch-och-barstolsats\/"},"modified":"2026-02-27T08:11:47","modified_gmt":"2026-02-27T08:11:47","slug":"vasagle-bartisch-med-2-barstolar-stabord-med-barstolar-bartisch-och-barstolsats","status":"publish","type":"product","link":"https:\/\/nordicmart.andreevmaster.com\/sv\/produkt\/vasagle-bartisch-med-2-barstolar-stabord-med-barstolar-bartisch-och-barstolsats\/","title":{"rendered":"VASAGLE Bartisch med 2 barstolar, st\u00e5bord med barstolar, Bartisch och barstolsats"},"content":{"rendered":"<p>VASAGLE barbordsset, st\u00e5bord med 2 barstolar, k\u00f6ksdisk med barstolar, barbord med barstolar, k\u00f6ksbord och k\u00f6ksstolar i industriell design, f\u00f6r k\u00f6k, vintagebrun-svart LBT219B01<br \/>\nSpecifikationer:<\/p>\n<p>&#8211; Bordets m\u00e5tt: 40 x 100 x 90 cm (D x B x H)<br \/>\n&#8211; M\u00e5tt per pall: 32 cm djup, 65 cm h\u00f6g<br \/>\n&#8211; Vikt: 18,1 kg<br \/>\n&#8211; Max. statisk b\u00e4rf\u00f6rm\u00e5ga per pall: 100 kg<br \/>\n&#8211; Material: sp\u00e5nskiva, st\u00e5l<br \/>\n&#8211; F\u00e4rg: brun-svart<\/p>\n","protected":false},"excerpt":{"rendered":"<p>VASAGLE barbordsset, st\u00e5bord med 2 barstolar, k\u00f6ksdisk med barstolar, barbord med barstolar, k\u00f6ksbord och k\u00f6ksstolar i industriell design, f\u00f6r k\u00f6k, vintagebrun-svart LBT219B01<\/p>\n","protected":false},"featured_media":41746,"comment_status":"open","ping_status":"closed","template":"","meta":[],"product_brand":[],"product_cat":[33],"product_tag":[],"class_list":{"0":"post-13638","1":"product","2":"type-product","3":"status-publish","4":"has-post-thumbnail","6":"product_cat-okategoriserad","8":"first","9":"instock","10":"shipping-taxable","11":"purchasable","12":"product-type-simple"},"_links":{"self":[{"href":"https:\/\/nordicmart.andreevmaster.com\/sv\/wp-json\/wp\/v2\/product\/13638","targetHints":{"allow":["GET"]}}],"collection":[{"href":"https:\/\/nordicmart.andreevmaster.com\/sv\/wp-json\/wp\/v2\/product"}],"about":[{"href":"https:\/\/nordicmart.andreevmaster.com\/sv\/wp-json\/wp\/v2\/types\/product"}],"replies":[{"embeddable":true,"href":"https:\/\/nordicmart.andreevmaster.com\/sv\/wp-json\/wp\/v2\/comments?post=13638"}],"wp:featuredmedia":[{"embeddable":true,"href":"https:\/\/nordicmart.andreevmaster.com\/sv\/wp-json\/wp\/v2\/media\/41746"}],"wp:attachment":[{"href":"https:\/\/nordicmart.andreevmaster.com\/sv\/wp-json\/wp\/v2\/media?parent=13638"}],"wp:term":[{"taxonomy":"product_brand","embeddable":true,"href":"https:\/\/nordicmart.andreevmaster.com\/sv\/wp-json\/wp\/v2\/product_brand?post=13638"},{"taxonomy":"product_cat","embeddable":true,"href":"https:\/\/nordicmart.andreevmaster.com\/sv\/wp-json\/wp\/v2\/product_cat?post=13638"},{"taxonomy":"product_tag","embeddable":true,"href":"https:\/\/nordicmart.andreevmaster.com\/sv\/wp-json\/wp\/v2\/product_tag?post=13638"}],"curies":[{"name":"wp","href":"https:\/\/api.w.org\/{rel}","templated":true}]}}