{"id":13636,"date":"2026-02-27T00:18:42","date_gmt":"2026-02-27T00:18:42","guid":{"rendered":"https:\/\/nordicmart.andreevmaster.com\/product\/vasagle-stabord-med-2-stolar-barbord-med-barstolar-matgrupp\/"},"modified":"2026-02-27T08:11:47","modified_gmt":"2026-02-27T08:11:47","slug":"vasagle-stabord-med-2-stolar-barbord-med-barstolar-matgrupp","status":"publish","type":"product","link":"https:\/\/nordicmart.andreevmaster.com\/sv\/produkt\/vasagle-stabord-med-2-stolar-barbord-med-barstolar-matgrupp\/","title":{"rendered":"VASAGLE st\u00e5bord med 2 stolar, barbord med barstolar, matgrupp"},"content":{"rendered":"<p>VASAGLE matgrupp, barbordsset, st\u00e5bord (100 x 40 x 90 cm) med 2 barstolar (30 x 40 x 65 cm vardera), metallstativ, industriell design, f\u00f6r matsal, vardagsrum, vintagebrun-svart LBT218B01<br \/>\nSpecifikationer:<\/p>\n<p>&#8211; Bordets m\u00e5tt: 100 x 40 x 90 cm (L x B x H)<br \/>\n&#8211; M\u00e5tt per pall: 40 x 30 x 65 cm (L x B x H)<br \/>\n&#8211; Totalvikt: 20,2 kg<br \/>\n&#8211; Max. statisk b\u00e4rf\u00f6rm\u00e5ga per pall: 100 kg<br \/>\n&#8211; Material: sp\u00e5nskiva, st\u00e5l<br \/>\n&#8211; F\u00e4rg: Greige-svart<\/p>\n","protected":false},"excerpt":{"rendered":"<p>VASAGLE matgrupp, barbordsset, st\u00e5bord (100 x 40 x 90 cm) med 2 barstolar (30 x 40 x 65 cm vardera), metallstativ, industriell design, f\u00f6r matsal, vardagsrum, vintagebrun-svart LBT218B01<\/p>\n","protected":false},"featured_media":41744,"comment_status":"open","ping_status":"closed","template":"","meta":[],"product_brand":[],"product_cat":[33],"product_tag":[],"class_list":{"0":"post-13636","1":"product","2":"type-product","3":"status-publish","4":"has-post-thumbnail","6":"product_cat-okategoriserad","8":"first","9":"instock","10":"shipping-taxable","11":"purchasable","12":"product-type-simple"},"_links":{"self":[{"href":"https:\/\/nordicmart.andreevmaster.com\/sv\/wp-json\/wp\/v2\/product\/13636","targetHints":{"allow":["GET"]}}],"collection":[{"href":"https:\/\/nordicmart.andreevmaster.com\/sv\/wp-json\/wp\/v2\/product"}],"about":[{"href":"https:\/\/nordicmart.andreevmaster.com\/sv\/wp-json\/wp\/v2\/types\/product"}],"replies":[{"embeddable":true,"href":"https:\/\/nordicmart.andreevmaster.com\/sv\/wp-json\/wp\/v2\/comments?post=13636"}],"wp:featuredmedia":[{"embeddable":true,"href":"https:\/\/nordicmart.andreevmaster.com\/sv\/wp-json\/wp\/v2\/media\/41744"}],"wp:attachment":[{"href":"https:\/\/nordicmart.andreevmaster.com\/sv\/wp-json\/wp\/v2\/media?parent=13636"}],"wp:term":[{"taxonomy":"product_brand","embeddable":true,"href":"https:\/\/nordicmart.andreevmaster.com\/sv\/wp-json\/wp\/v2\/product_brand?post=13636"},{"taxonomy":"product_cat","embeddable":true,"href":"https:\/\/nordicmart.andreevmaster.com\/sv\/wp-json\/wp\/v2\/product_cat?post=13636"},{"taxonomy":"product_tag","embeddable":true,"href":"https:\/\/nordicmart.andreevmaster.com\/sv\/wp-json\/wp\/v2\/product_tag?post=13636"}],"curies":[{"name":"wp","href":"https:\/\/api.w.org\/{rel}","templated":true}]}}