{"id":13635,"date":"2026-02-27T00:18:42","date_gmt":"2026-02-27T00:18:42","guid":{"rendered":"https:\/\/nordicmart.andreevmaster.com\/product\/vasagle-matgrupp-barbord-med-2-barstolar-stabord-med-stolsats\/"},"modified":"2026-02-27T08:11:47","modified_gmt":"2026-02-27T08:11:47","slug":"vasagle-matgrupp-barbord-med-2-barstolar-stabord-med-stolsats","status":"publish","type":"product","link":"https:\/\/nordicmart.andreevmaster.com\/sv\/produkt\/vasagle-matgrupp-barbord-med-2-barstolar-stabord-med-stolsats\/","title":{"rendered":"VASAGLE matgrupp, barbord med 2 barstolar, st\u00e5bord med stolsats"},"content":{"rendered":"<p>Produktdetaljer: &#8211; F\u00e4rg: Vintagebrun-svart  &#8211; Material: Sp\u00e5nskiva, st\u00e5l &#8211; Bordets storlek: 100 x 40 x 90 cm (L x B x H) &#8211; Storlek per pall: 30 x 40 x 65 cm (L x B x H) &#8211; Totalvikt: 20,2 kg &#8211; Max. statisk belastningskapacitet f\u00f6r bordet: 100 kg &#8211; Max. statisk belastningskapacitet per pall: 100 kg  Leveransomfattning: &#8211; 1 x barbord &#8211; 2 x barpallar &#8211; 1 x tillbeh\u00f6rspaket &#8211; 1 x tippskydd &#8211; 1 x instruktioner VASAGLE Anm\u00e4rkningar:- Barn f\u00e5r inte kl\u00e4ttra p\u00e5 eller leka med produkten. &#8211; Bordsskivans maximala b\u00e4rkraft \u00e4r 100 kg. Placera inte tyngre f\u00f6rem\u00e5l p\u00e5 bordet. \u00d6verskrid inte den maximala belastningskapaciteten. &#8211; Bartabellen b\u00f6r f\u00e4stas mot en v\u00e4gg med hj\u00e4lp av tippskyddet f\u00f6r att f\u00f6rhindra att den v\u00e4lter.<\/p>\n","protected":false},"excerpt":{"rendered":"<p>VASAGLE matgrupp, barbordsset, st\u00e5bord (100 x 40 x 90 cm) med 2 barstolar (30 x 40 x 65 cm vardera), metallstativ, industriell design, f\u00f6r matsal, vardagsrum, vintagebrun-svart LBT218B01<\/p>\n","protected":false},"featured_media":41743,"comment_status":"open","ping_status":"closed","template":"","meta":[],"product_brand":[],"product_cat":[33],"product_tag":[],"class_list":{"0":"post-13635","1":"product","2":"type-product","3":"status-publish","4":"has-post-thumbnail","6":"product_cat-okategoriserad","8":"first","9":"instock","10":"shipping-taxable","11":"purchasable","12":"product-type-simple"},"_links":{"self":[{"href":"https:\/\/nordicmart.andreevmaster.com\/sv\/wp-json\/wp\/v2\/product\/13635","targetHints":{"allow":["GET"]}}],"collection":[{"href":"https:\/\/nordicmart.andreevmaster.com\/sv\/wp-json\/wp\/v2\/product"}],"about":[{"href":"https:\/\/nordicmart.andreevmaster.com\/sv\/wp-json\/wp\/v2\/types\/product"}],"replies":[{"embeddable":true,"href":"https:\/\/nordicmart.andreevmaster.com\/sv\/wp-json\/wp\/v2\/comments?post=13635"}],"wp:featuredmedia":[{"embeddable":true,"href":"https:\/\/nordicmart.andreevmaster.com\/sv\/wp-json\/wp\/v2\/media\/41743"}],"wp:attachment":[{"href":"https:\/\/nordicmart.andreevmaster.com\/sv\/wp-json\/wp\/v2\/media?parent=13635"}],"wp:term":[{"taxonomy":"product_brand","embeddable":true,"href":"https:\/\/nordicmart.andreevmaster.com\/sv\/wp-json\/wp\/v2\/product_brand?post=13635"},{"taxonomy":"product_cat","embeddable":true,"href":"https:\/\/nordicmart.andreevmaster.com\/sv\/wp-json\/wp\/v2\/product_cat?post=13635"},{"taxonomy":"product_tag","embeddable":true,"href":"https:\/\/nordicmart.andreevmaster.com\/sv\/wp-json\/wp\/v2\/product_tag?post=13635"}],"curies":[{"name":"wp","href":"https:\/\/api.w.org\/{rel}","templated":true}]}}