{"id":13627,"date":"2026-02-27T00:18:40","date_gmt":"2026-02-27T00:18:40","guid":{"rendered":"https:\/\/nordicmart.andreevmaster.com\/product\/vasagle-matbord-med-2-stolar-barbord-med-barstolar-for-matsalen\/"},"modified":"2026-02-27T08:11:45","modified_gmt":"2026-02-27T08:11:45","slug":"vasagle-matbord-med-2-stolar-barbord-med-barstolar-for-matsalen","status":"publish","type":"product","link":"https:\/\/nordicmart.andreevmaster.com\/sv\/produkt\/vasagle-matbord-med-2-stolar-barbord-med-barstolar-for-matsalen\/","title":{"rendered":"VASAGLE matbord med 2 stolar, barbord med barstolar, f\u00f6r matsalen"},"content":{"rendered":"<p>VASAGLE barbord med barstolsats, matbord med 2 stolar, litet k\u00f6ksbord 60 x 60 x 90 cm, barstolar 30 x 40 x 65 cm vardera, f\u00f6r matsal, k\u00f6k, industriell design, vintagebrun-svart LBT017B01<br \/>\nSpecifikationer:<\/p>\n<p>&#8211; Bordets m\u00e5tt: 60 x 60 x 90 cm (D x B x H)<br \/>\n&#8211; M\u00e5tt per pall: 30 x 40 x 65 cm (D x B x H)<br \/>\n&#8211; Totalvikt: 19,1 kg<br \/>\n&#8211; Max. statisk b\u00e4rf\u00f6rm\u00e5ga f\u00f6r bordet: 100 kg<br \/>\n&#8211; Max. statisk b\u00e4rf\u00f6rm\u00e5ga per pall: 120 kg<br \/>\n&#8211; Material: sp\u00e5nskiva, st\u00e5l<br \/>\n&#8211; F\u00e4rg: brun-svart<\/p>\n","protected":false},"excerpt":{"rendered":"<p>VASAGLE barbord med barstolsats, matbord med 2 stolar, litet k\u00f6ksbord 60 x 60 x 90 cm, barstolar 30 x 40 x 65 cm vardera, f\u00f6r matsal, k\u00f6k, industriell design, vintagebrun-svart LBT017B01<\/p>\n","protected":false},"featured_media":41735,"comment_status":"open","ping_status":"closed","template":"","meta":[],"product_brand":[],"product_cat":[33],"product_tag":[],"class_list":{"0":"post-13627","1":"product","2":"type-product","3":"status-publish","4":"has-post-thumbnail","6":"product_cat-okategoriserad","8":"first","9":"instock","10":"shipping-taxable","11":"purchasable","12":"product-type-simple"},"_links":{"self":[{"href":"https:\/\/nordicmart.andreevmaster.com\/sv\/wp-json\/wp\/v2\/product\/13627","targetHints":{"allow":["GET"]}}],"collection":[{"href":"https:\/\/nordicmart.andreevmaster.com\/sv\/wp-json\/wp\/v2\/product"}],"about":[{"href":"https:\/\/nordicmart.andreevmaster.com\/sv\/wp-json\/wp\/v2\/types\/product"}],"replies":[{"embeddable":true,"href":"https:\/\/nordicmart.andreevmaster.com\/sv\/wp-json\/wp\/v2\/comments?post=13627"}],"wp:featuredmedia":[{"embeddable":true,"href":"https:\/\/nordicmart.andreevmaster.com\/sv\/wp-json\/wp\/v2\/media\/41735"}],"wp:attachment":[{"href":"https:\/\/nordicmart.andreevmaster.com\/sv\/wp-json\/wp\/v2\/media?parent=13627"}],"wp:term":[{"taxonomy":"product_brand","embeddable":true,"href":"https:\/\/nordicmart.andreevmaster.com\/sv\/wp-json\/wp\/v2\/product_brand?post=13627"},{"taxonomy":"product_cat","embeddable":true,"href":"https:\/\/nordicmart.andreevmaster.com\/sv\/wp-json\/wp\/v2\/product_cat?post=13627"},{"taxonomy":"product_tag","embeddable":true,"href":"https:\/\/nordicmart.andreevmaster.com\/sv\/wp-json\/wp\/v2\/product_tag?post=13627"}],"curies":[{"name":"wp","href":"https:\/\/api.w.org\/{rel}","templated":true}]}}