{"id":13626,"date":"2026-02-27T00:18:40","date_gmt":"2026-02-27T00:18:40","guid":{"rendered":"https:\/\/nordicmart.andreevmaster.com\/product\/vasagle-bartisch-i-industriell-design\/"},"modified":"2026-02-27T08:11:45","modified_gmt":"2026-02-27T08:11:45","slug":"vasagle-bartisch-i-industriell-design","status":"publish","type":"product","link":"https:\/\/nordicmart.andreevmaster.com\/sv\/produkt\/vasagle-bartisch-i-industriell-design\/","title":{"rendered":"VASAGLE Bartisch i industriell design"},"content":{"rendered":"<p>Med v\u00e5rt nya varum\u00e4rke &#8221;VASAGLE&#8221; och dess barbord i trendig vintagestil kan du skapa precis det som designerna hade i \u00e5tanke: en medelhavsatmosf\u00e4r i ditt eget hem. Praktiskt f\u00f6r restauranger, barer och hobbycocktailblandare Det klassiska, eleganta utseendet p\u00e5 denna m\u00f6bel kan kanske d\u00f6lja att den har en total belastningskapacitet p\u00e5 100 kg. Den stora arbetsytan p\u00e5 120 x 60 cm rymmer alla m\u00f6jliga drycker, cocktailingredienser, frukt, tallrikar och mycket annat. Bartabellen passar d\u00e4rf\u00f6r b\u00e5de f\u00f6r privat bruk och f\u00f6r anv\u00e4ndning i restauranger eller barer. Cocktails, kaffe eller \u00f6l? Anv\u00e4nd denna bartabell i din restaurang eller kaf\u00e9, komplettera med passande barstolar och servera dina kunder fruktiga cocktails eller aromatiskt kaffe. Hemma kan du ocks\u00e5 anv\u00e4nda bordet p\u00e5 samma s\u00e4tt eller som avst\u00e4llningsyta bredvid soffan, s\u00e5 att du alltid har kall \u00f6l och krispiga snacks inom r\u00e4ckh\u00e5ll. Produktdetaljer: &#8211; F\u00e4rg: m\u00f6rkbrun\/vintage  &#8211; Material: sp\u00e5nskiva, j\u00e4rn &#8211; Storlek: 120 x 60 x 90 cm (L x B x H) &#8211; Vikt: 17 kg &#8211; Total b\u00e4rf\u00f6rm\u00e5ga: 100 kg Leveransomfattning: &#8211; 1 x barbord &#8211; 1 x tillbeh\u00f6rsp\u00e5se &#8211; 1 x bruksanvisning (DE, EN, FR, ES, IT)<\/p>\n","protected":false},"excerpt":{"rendered":"<p>VASAGLE Bartisch, stabil st\u00e5bord, k\u00f6ksbord, matbord, 120 x 60 x 90 cm, enkel montering, tr\u00e4optik, vintage, m\u00f6rkbrun LBT91X<\/p>\n","protected":false},"featured_media":41734,"comment_status":"open","ping_status":"closed","template":"","meta":[],"product_brand":[],"product_cat":[33],"product_tag":[],"class_list":{"0":"post-13626","1":"product","2":"type-product","3":"status-publish","4":"has-post-thumbnail","6":"product_cat-okategoriserad","8":"first","9":"instock","10":"shipping-taxable","11":"purchasable","12":"product-type-simple"},"_links":{"self":[{"href":"https:\/\/nordicmart.andreevmaster.com\/sv\/wp-json\/wp\/v2\/product\/13626","targetHints":{"allow":["GET"]}}],"collection":[{"href":"https:\/\/nordicmart.andreevmaster.com\/sv\/wp-json\/wp\/v2\/product"}],"about":[{"href":"https:\/\/nordicmart.andreevmaster.com\/sv\/wp-json\/wp\/v2\/types\/product"}],"replies":[{"embeddable":true,"href":"https:\/\/nordicmart.andreevmaster.com\/sv\/wp-json\/wp\/v2\/comments?post=13626"}],"wp:featuredmedia":[{"embeddable":true,"href":"https:\/\/nordicmart.andreevmaster.com\/sv\/wp-json\/wp\/v2\/media\/41734"}],"wp:attachment":[{"href":"https:\/\/nordicmart.andreevmaster.com\/sv\/wp-json\/wp\/v2\/media?parent=13626"}],"wp:term":[{"taxonomy":"product_brand","embeddable":true,"href":"https:\/\/nordicmart.andreevmaster.com\/sv\/wp-json\/wp\/v2\/product_brand?post=13626"},{"taxonomy":"product_cat","embeddable":true,"href":"https:\/\/nordicmart.andreevmaster.com\/sv\/wp-json\/wp\/v2\/product_cat?post=13626"},{"taxonomy":"product_tag","embeddable":true,"href":"https:\/\/nordicmart.andreevmaster.com\/sv\/wp-json\/wp\/v2\/product_tag?post=13626"}],"curies":[{"name":"wp","href":"https:\/\/api.w.org\/{rel}","templated":true}]}}