{"id":13625,"date":"2026-02-27T00:18:40","date_gmt":"2026-02-27T00:18:40","guid":{"rendered":"https:\/\/nordicmart.andreevmaster.com\/product\/vasagle-matbord-industriell-design-svart\/"},"modified":"2026-02-27T08:11:45","modified_gmt":"2026-02-27T08:11:45","slug":"vasagle-matbord-industriell-design-svart","status":"publish","type":"product","link":"https:\/\/nordicmart.andreevmaster.com\/sv\/produkt\/vasagle-matbord-industriell-design-svart\/","title":{"rendered":"VASAGLE Matbord Industriell design Svart"},"content":{"rendered":"<p>G\u00e5 fram\u00e5t med mod och stil Visa din familj med detta barbord att du \u00e4ntligen har l\u00e4rt dig att fatta positiva beslut. Den fr\u00e4cka m\u00f6beln skriker bokstavligen: &#8221;Jag har kontroll \u00f6ver mitt liv&#8221; Produktdetaljer:- F\u00e4rg: Svart &#8211; Material: Sp\u00e5nskiva, j\u00e4rn &#8211; Storlek: 120 x 60 x 90 cm (L x B x H) &#8211; Vikt: 16,5 kg &#8211; Max. total statisk belastningskapacitet: 100 kg Leveransomfattning: &#8211; 1 x barbord &#8211; 1 x tillbeh\u00f6rsp\u00e5se &#8211; 1 x bruksanvisning (DE, EN, FR, ES, IT)<\/p>\n","protected":false},"excerpt":{"rendered":"<p>VASAGLE Bartisch, stabil st\u00e5bord, k\u00f6ksbord, matbord, 120 x 60 x 90 cm, enkel montering, tr\u00e4optik, vintage, m\u00f6rkbrun LBT91X<\/p>\n","protected":false},"featured_media":41733,"comment_status":"open","ping_status":"closed","template":"","meta":[],"product_brand":[],"product_cat":[33],"product_tag":[],"class_list":{"0":"post-13625","1":"product","2":"type-product","3":"status-publish","4":"has-post-thumbnail","6":"product_cat-okategoriserad","8":"first","9":"instock","10":"shipping-taxable","11":"purchasable","12":"product-type-simple"},"_links":{"self":[{"href":"https:\/\/nordicmart.andreevmaster.com\/sv\/wp-json\/wp\/v2\/product\/13625","targetHints":{"allow":["GET"]}}],"collection":[{"href":"https:\/\/nordicmart.andreevmaster.com\/sv\/wp-json\/wp\/v2\/product"}],"about":[{"href":"https:\/\/nordicmart.andreevmaster.com\/sv\/wp-json\/wp\/v2\/types\/product"}],"replies":[{"embeddable":true,"href":"https:\/\/nordicmart.andreevmaster.com\/sv\/wp-json\/wp\/v2\/comments?post=13625"}],"wp:featuredmedia":[{"embeddable":true,"href":"https:\/\/nordicmart.andreevmaster.com\/sv\/wp-json\/wp\/v2\/media\/41733"}],"wp:attachment":[{"href":"https:\/\/nordicmart.andreevmaster.com\/sv\/wp-json\/wp\/v2\/media?parent=13625"}],"wp:term":[{"taxonomy":"product_brand","embeddable":true,"href":"https:\/\/nordicmart.andreevmaster.com\/sv\/wp-json\/wp\/v2\/product_brand?post=13625"},{"taxonomy":"product_cat","embeddable":true,"href":"https:\/\/nordicmart.andreevmaster.com\/sv\/wp-json\/wp\/v2\/product_cat?post=13625"},{"taxonomy":"product_tag","embeddable":true,"href":"https:\/\/nordicmart.andreevmaster.com\/sv\/wp-json\/wp\/v2\/product_tag?post=13625"}],"curies":[{"name":"wp","href":"https:\/\/api.w.org\/{rel}","templated":true}]}}