{"id":13622,"date":"2026-02-27T00:18:39","date_gmt":"2026-02-27T00:18:39","guid":{"rendered":"https:\/\/nordicmart.andreevmaster.com\/product\/vasagle-bartisch-rund-60-x-60-x-1045-cm-ebenholzschwarz\/"},"modified":"2026-02-27T08:11:44","modified_gmt":"2026-02-27T08:11:44","slug":"vasagle-bartisch-rund-60-x-60-x-1045-cm-ebenholzschwarz","status":"publish","type":"product","link":"https:\/\/nordicmart.andreevmaster.com\/sv\/produkt\/vasagle-bartisch-rund-60-x-60-x-1045-cm-ebenholzschwarz\/","title":{"rendered":"VASAGLE Bartisch rund 60 x 60 x 104,5 cm ebenholzschwarz"},"content":{"rendered":"<p>VASAGLE Bartisch, st\u00e5bord, bistrobord runt, balkongbord inomhus, litet h\u00f6gt bord f\u00f6r hembar, vardagsrum och matsal, 60 x 60 x 104,5 cm, enkel montering, ebenholts svart LBT361B01<br \/>\nF\u00e4rg: ebenholts svart<br \/>\nMaterial: sp\u00e5nskiva, st\u00e5l<br \/>\nStorlek: 60 x 60 x 104,5 cm (D x B x H)<br \/>\nVikt: 8,5 kg<br \/>\nMax. statisk belastningskapacitet f\u00f6r bordsskivan: 100 kg<\/p>\n","protected":false},"excerpt":{"rendered":"<p>VASAGLE Bartisch, st\u00e5bord, bistrobord runt, balkongbord inomhus, litet h\u00f6gt bord f\u00f6r hembar, vardagsrum och matsal, 60 x 60 x 104,5 cm, enkel montering, ebenholts svart LBT361B01<\/p>\n","protected":false},"featured_media":41730,"comment_status":"open","ping_status":"closed","template":"","meta":[],"product_brand":[],"product_cat":[33],"product_tag":[],"class_list":{"0":"post-13622","1":"product","2":"type-product","3":"status-publish","4":"has-post-thumbnail","6":"product_cat-okategoriserad","8":"first","9":"instock","10":"shipping-taxable","11":"purchasable","12":"product-type-simple"},"_links":{"self":[{"href":"https:\/\/nordicmart.andreevmaster.com\/sv\/wp-json\/wp\/v2\/product\/13622","targetHints":{"allow":["GET"]}}],"collection":[{"href":"https:\/\/nordicmart.andreevmaster.com\/sv\/wp-json\/wp\/v2\/product"}],"about":[{"href":"https:\/\/nordicmart.andreevmaster.com\/sv\/wp-json\/wp\/v2\/types\/product"}],"replies":[{"embeddable":true,"href":"https:\/\/nordicmart.andreevmaster.com\/sv\/wp-json\/wp\/v2\/comments?post=13622"}],"wp:featuredmedia":[{"embeddable":true,"href":"https:\/\/nordicmart.andreevmaster.com\/sv\/wp-json\/wp\/v2\/media\/41730"}],"wp:attachment":[{"href":"https:\/\/nordicmart.andreevmaster.com\/sv\/wp-json\/wp\/v2\/media?parent=13622"}],"wp:term":[{"taxonomy":"product_brand","embeddable":true,"href":"https:\/\/nordicmart.andreevmaster.com\/sv\/wp-json\/wp\/v2\/product_brand?post=13622"},{"taxonomy":"product_cat","embeddable":true,"href":"https:\/\/nordicmart.andreevmaster.com\/sv\/wp-json\/wp\/v2\/product_cat?post=13622"},{"taxonomy":"product_tag","embeddable":true,"href":"https:\/\/nordicmart.andreevmaster.com\/sv\/wp-json\/wp\/v2\/product_tag?post=13622"}],"curies":[{"name":"wp","href":"https:\/\/api.w.org\/{rel}","templated":true}]}}