{"id":13618,"date":"2026-02-27T00:18:38","date_gmt":"2026-02-27T00:18:38","guid":{"rendered":"https:\/\/nordicmart.andreevmaster.com\/product\/vasagle-barbord-med-barstolsats-grabeige-melerad-black-svart\/"},"modified":"2026-02-27T08:11:43","modified_gmt":"2026-02-27T08:11:43","slug":"vasagle-barbord-med-barstolsats-grabeige-melerad-black-svart","status":"publish","type":"product","link":"https:\/\/nordicmart.andreevmaster.com\/sv\/produkt\/vasagle-barbord-med-barstolsats-grabeige-melerad-black-svart\/","title":{"rendered":"VASAGLE barbord med barstolsats gr\u00e5beige melerad-bl\u00e4ck svart"},"content":{"rendered":"<p>VASAGLE matgrupp, barbordsset, st\u00e5bord (100 x 40 x 90 cm) med 2 barstolar (30 x 40 x 65 cm vardera), metallstativ, industriell design, f\u00f6r matsalen, vardagsrummet, vintagebrun-svart LBT218B01<br \/>\nF\u00e4rg: Greige melerad-bl\u00e4ksvart<br \/>\nMaterial: Sp\u00e5nskiva, st\u00e5l<br \/>\nBordets storlek: 100 x 40 x 90 cm (L x B x H)<br \/>\nStorlek per pall: 40 x 30 x 65 cm (L x B x H)<br \/>\nTotalvikt: 20,2 kg<br \/>\nMax. statisk belastningskapacitet per pall: 100 kg<\/p>\n","protected":false},"excerpt":{"rendered":"<p>VASAGLE matgrupp, barbordsset, st\u00e5bord (100 x 40 x 90 cm) med 2 barstolar (30 x 40 x 65 cm vardera), metallstativ, industriell design, f\u00f6r matsalen, vardagsrummet, vintagebrun-svart LBT218B01<\/p>\n","protected":false},"featured_media":41726,"comment_status":"open","ping_status":"closed","template":"","meta":[],"product_brand":[],"product_cat":[33],"product_tag":[],"class_list":{"0":"post-13618","1":"product","2":"type-product","3":"status-publish","4":"has-post-thumbnail","6":"product_cat-okategoriserad","8":"first","9":"instock","10":"shipping-taxable","11":"purchasable","12":"product-type-simple"},"_links":{"self":[{"href":"https:\/\/nordicmart.andreevmaster.com\/sv\/wp-json\/wp\/v2\/product\/13618","targetHints":{"allow":["GET"]}}],"collection":[{"href":"https:\/\/nordicmart.andreevmaster.com\/sv\/wp-json\/wp\/v2\/product"}],"about":[{"href":"https:\/\/nordicmart.andreevmaster.com\/sv\/wp-json\/wp\/v2\/types\/product"}],"replies":[{"embeddable":true,"href":"https:\/\/nordicmart.andreevmaster.com\/sv\/wp-json\/wp\/v2\/comments?post=13618"}],"wp:featuredmedia":[{"embeddable":true,"href":"https:\/\/nordicmart.andreevmaster.com\/sv\/wp-json\/wp\/v2\/media\/41726"}],"wp:attachment":[{"href":"https:\/\/nordicmart.andreevmaster.com\/sv\/wp-json\/wp\/v2\/media?parent=13618"}],"wp:term":[{"taxonomy":"product_brand","embeddable":true,"href":"https:\/\/nordicmart.andreevmaster.com\/sv\/wp-json\/wp\/v2\/product_brand?post=13618"},{"taxonomy":"product_cat","embeddable":true,"href":"https:\/\/nordicmart.andreevmaster.com\/sv\/wp-json\/wp\/v2\/product_cat?post=13618"},{"taxonomy":"product_tag","embeddable":true,"href":"https:\/\/nordicmart.andreevmaster.com\/sv\/wp-json\/wp\/v2\/product_tag?post=13618"}],"curies":[{"name":"wp","href":"https:\/\/api.w.org\/{rel}","templated":true}]}}