{"id":13608,"date":"2026-02-27T00:18:36","date_gmt":"2026-02-27T00:18:36","guid":{"rendered":"https:\/\/nordicmart.andreevmaster.com\/product\/vasagle-barbord-3-hyllor-industriell-look\/"},"modified":"2026-02-27T08:11:42","modified_gmt":"2026-02-27T08:11:42","slug":"vasagle-barbord-3-hyllor-industriell-look","status":"publish","type":"product","link":"https:\/\/nordicmart.andreevmaster.com\/sv\/produkt\/vasagle-barbord-3-hyllor-industriell-look\/","title":{"rendered":"VASAGLE Barbord 3 hyllor Industriell look"},"content":{"rendered":"<p>Produktdetaljer: &#8211; F\u00e4rg: Vintage\/m\u00f6rkbrun &#8211; Material: Sp\u00e5nskiva, j\u00e4rn &#8211; Totala m\u00e5tt: 109 x 60 x 100 (L x B x H) &#8211; Bordsskivans m\u00e5tt: 109 x 60 x 1,5 (L x B x H) &#8211; Vikt: 17 kg &#8211; Max. statisk belastningskapacitet f\u00f6r bordsskivan: 100 kg &#8211; Max. statisk belastningskapacitet per hyllplan: 20 kg Leveransomfattning: &#8211; 1 x barbord &#8211; 1 x tillbeh\u00f6rsp\u00e5se &#8211; 1 x bruksanvisning (DE, EN, ES, FR, IT) VASAGLE Anvisningar: &#8211; H\u00e5ll barn borta fr\u00e5n arbetsomr\u00e5det under monteringen. Leveransen inneh\u00e5ller m\u00e5nga sm\u00e5delar som kan vara livsfarliga om de sv\u00e4ljs eller inhaleras. &#8211; L\u00e5t inte barn kl\u00e4ttra p\u00e5 produkten. Risk f\u00f6r v\u00e4lte! &#8211; H\u00e5ll produkten borta fr\u00e5n vassa och spetsiga f\u00f6rem\u00e5l samt fr\u00e4tande kemikalier f\u00f6r att undvika skador p\u00e5 ytan.- Den maximala statiska belastningen f\u00f6r bordsskivan \u00e4r 100 kg och f\u00f6r de enskilda hyllplanerna 20 kg. Placera inte tyngre f\u00f6rem\u00e5l p\u00e5 produkten.<\/p>\n","protected":false},"excerpt":{"rendered":"<p>VASAGLE rektangul\u00e4r barbord, st\u00e5bord med 3 hyllor, k\u00f6ksbord, k\u00f6ksdisk, stabil metallram, 109 x 60 x 100 cm, enkel montering, industridesign, vintage, m\u00f6rkbrun LBT11X<\/p>\n","protected":false},"featured_media":41716,"comment_status":"open","ping_status":"closed","template":"","meta":[],"product_brand":[],"product_cat":[33],"product_tag":[],"class_list":{"0":"post-13608","1":"product","2":"type-product","3":"status-publish","4":"has-post-thumbnail","6":"product_cat-okategoriserad","8":"first","9":"instock","10":"shipping-taxable","11":"purchasable","12":"product-type-simple"},"_links":{"self":[{"href":"https:\/\/nordicmart.andreevmaster.com\/sv\/wp-json\/wp\/v2\/product\/13608","targetHints":{"allow":["GET"]}}],"collection":[{"href":"https:\/\/nordicmart.andreevmaster.com\/sv\/wp-json\/wp\/v2\/product"}],"about":[{"href":"https:\/\/nordicmart.andreevmaster.com\/sv\/wp-json\/wp\/v2\/types\/product"}],"replies":[{"embeddable":true,"href":"https:\/\/nordicmart.andreevmaster.com\/sv\/wp-json\/wp\/v2\/comments?post=13608"}],"wp:featuredmedia":[{"embeddable":true,"href":"https:\/\/nordicmart.andreevmaster.com\/sv\/wp-json\/wp\/v2\/media\/41716"}],"wp:attachment":[{"href":"https:\/\/nordicmart.andreevmaster.com\/sv\/wp-json\/wp\/v2\/media?parent=13608"}],"wp:term":[{"taxonomy":"product_brand","embeddable":true,"href":"https:\/\/nordicmart.andreevmaster.com\/sv\/wp-json\/wp\/v2\/product_brand?post=13608"},{"taxonomy":"product_cat","embeddable":true,"href":"https:\/\/nordicmart.andreevmaster.com\/sv\/wp-json\/wp\/v2\/product_cat?post=13608"},{"taxonomy":"product_tag","embeddable":true,"href":"https:\/\/nordicmart.andreevmaster.com\/sv\/wp-json\/wp\/v2\/product_tag?post=13608"}],"curies":[{"name":"wp","href":"https:\/\/api.w.org\/{rel}","templated":true}]}}