{"id":13600,"date":"2026-02-27T00:18:33","date_gmt":"2026-02-27T00:18:33","guid":{"rendered":"https:\/\/nordicmart.andreevmaster.com\/product\/vasagle-barbord-med-metallstativ-60-x-60-x-105-cm-molnvit-mattvit\/"},"modified":"2026-02-27T08:11:40","modified_gmt":"2026-02-27T08:11:40","slug":"vasagle-barbord-med-metallstativ-60-x-60-x-105-cm-molnvit-mattvit","status":"publish","type":"product","link":"https:\/\/nordicmart.andreevmaster.com\/sv\/produkt\/vasagle-barbord-med-metallstativ-60-x-60-x-105-cm-molnvit-mattvit\/","title":{"rendered":"VASAGLE barbord med metallstativ 60 x 60 x 105 cm molnvit-mattvit"},"content":{"rendered":"<p>VASAGLE Bartisch, soffbord, k\u00f6ksbord, h\u00f6gt runt bord, metallstativ, 60 x 60 x 105 cm, k\u00f6k, hembar, vardagsrum, modern stil, enkel montering, bl\u00e4ck svart-matt svart LBT024B01<br \/>\nF\u00e4rg: Molnvit-mattvit<br \/>\nMaterial: St\u00e5l, MDF (medeldensitetsfiberplatta)<br \/>\nStorlek: 60 x 60 x 105 cm (D x B x H)<br \/>\nVikt: 7,7 kg<br \/>\nMax. statisk totalbelastning: 50 kg<br \/>\nDiagonalt avst\u00e5nd mellan bordsbenen: 59 cm<\/p>\n","protected":false},"excerpt":{"rendered":"<p>VASAGLE Bartisch, soffbord, k\u00f6ksbord, h\u00f6gt runt bord, metallstativ, 60 x 60 x 105 cm, k\u00f6k, hembar, vardagsrum, modern stil, enkel montering, bl\u00e4ck svart-matt svart LBT024B01<\/p>\n","protected":false},"featured_media":41708,"comment_status":"open","ping_status":"closed","template":"","meta":[],"product_brand":[],"product_cat":[33],"product_tag":[],"class_list":{"0":"post-13600","1":"product","2":"type-product","3":"status-publish","4":"has-post-thumbnail","6":"product_cat-okategoriserad","8":"first","9":"instock","10":"shipping-taxable","11":"purchasable","12":"product-type-simple"},"_links":{"self":[{"href":"https:\/\/nordicmart.andreevmaster.com\/sv\/wp-json\/wp\/v2\/product\/13600","targetHints":{"allow":["GET"]}}],"collection":[{"href":"https:\/\/nordicmart.andreevmaster.com\/sv\/wp-json\/wp\/v2\/product"}],"about":[{"href":"https:\/\/nordicmart.andreevmaster.com\/sv\/wp-json\/wp\/v2\/types\/product"}],"replies":[{"embeddable":true,"href":"https:\/\/nordicmart.andreevmaster.com\/sv\/wp-json\/wp\/v2\/comments?post=13600"}],"wp:featuredmedia":[{"embeddable":true,"href":"https:\/\/nordicmart.andreevmaster.com\/sv\/wp-json\/wp\/v2\/media\/41708"}],"wp:attachment":[{"href":"https:\/\/nordicmart.andreevmaster.com\/sv\/wp-json\/wp\/v2\/media?parent=13600"}],"wp:term":[{"taxonomy":"product_brand","embeddable":true,"href":"https:\/\/nordicmart.andreevmaster.com\/sv\/wp-json\/wp\/v2\/product_brand?post=13600"},{"taxonomy":"product_cat","embeddable":true,"href":"https:\/\/nordicmart.andreevmaster.com\/sv\/wp-json\/wp\/v2\/product_cat?post=13600"},{"taxonomy":"product_tag","embeddable":true,"href":"https:\/\/nordicmart.andreevmaster.com\/sv\/wp-json\/wp\/v2\/product_tag?post=13600"}],"curies":[{"name":"wp","href":"https:\/\/api.w.org\/{rel}","templated":true}]}}