{"id":13597,"date":"2026-02-27T00:18:33","date_gmt":"2026-02-27T00:18:33","guid":{"rendered":"https:\/\/nordicmart.andreevmaster.com\/product\/vasagle-ekho-kollektion-bartisch-med-forvaringsutrymme-i-mid-century-modern-stil\/"},"modified":"2026-02-27T08:11:39","modified_gmt":"2026-02-27T08:11:39","slug":"vasagle-ekho-kollektion-bartisch-med-forvaringsutrymme-i-mid-century-modern-stil","status":"publish","type":"product","link":"https:\/\/nordicmart.andreevmaster.com\/sv\/produkt\/vasagle-ekho-kollektion-bartisch-med-forvaringsutrymme-i-mid-century-modern-stil\/","title":{"rendered":"VASAGLE EKHO-kollektion Bartisch med f\u00f6rvaringsutrymme i mid-century modern-stil"},"content":{"rendered":"<p>VASAGLE EKHO-kollektion \u2013 Bartisch med f\u00f6rvaringsutrymme, h\u00f6gt runt bord, konstl\u00e4der med s\u00f6mmar, mid-century-modern stil, k\u00f6k, hembar, vardagsrum, enkel montering, ebenholts- och bl\u00e4cksvart<br \/>\nF\u00e4rg: ebenholts- och bl\u00e4ck svart<br \/>\nMaterial: st\u00e5l, PU-konstl\u00e4der (polyuretan), sp\u00e5nskiva<br \/>\nStorlek: 70 x 70 x 91 cm (D x B x H)<br \/>\nStorlek p\u00e5 bordsskivan: 60 cm d<br \/>\nVikt: 8,2 kg<br \/>\nMax. statisk totalbelastning: 55 kg<br \/>\nMax. statisk belastningskapacitet f\u00f6r bordsskivan: 46 kg<br \/>\nMax. statisk belastningskapacitet f\u00f6r hyllan nedanf\u00f6r: 9 kg<\/p>\n","protected":false},"excerpt":{"rendered":"<p>VASAGLE EKHO-kollektion \u2013 Bartisch med f\u00f6rvaringsutrymme, h\u00f6gt runt bord, konstl\u00e4der med s\u00f6mmar, mid-century-modern stil, k\u00f6k, hembar, vardagsrum, enkel montering, ebenholts- och bl\u00e4cksvart<\/p>\n","protected":false},"featured_media":0,"comment_status":"open","ping_status":"closed","template":"","meta":[],"product_brand":[],"product_cat":[33],"product_tag":[],"class_list":{"0":"post-13597","1":"product","2":"type-product","3":"status-publish","5":"product_cat-okategoriserad","7":"first","8":"instock","9":"shipping-taxable","10":"purchasable","11":"product-type-simple"},"_links":{"self":[{"href":"https:\/\/nordicmart.andreevmaster.com\/sv\/wp-json\/wp\/v2\/product\/13597","targetHints":{"allow":["GET"]}}],"collection":[{"href":"https:\/\/nordicmart.andreevmaster.com\/sv\/wp-json\/wp\/v2\/product"}],"about":[{"href":"https:\/\/nordicmart.andreevmaster.com\/sv\/wp-json\/wp\/v2\/types\/product"}],"replies":[{"embeddable":true,"href":"https:\/\/nordicmart.andreevmaster.com\/sv\/wp-json\/wp\/v2\/comments?post=13597"}],"wp:attachment":[{"href":"https:\/\/nordicmart.andreevmaster.com\/sv\/wp-json\/wp\/v2\/media?parent=13597"}],"wp:term":[{"taxonomy":"product_brand","embeddable":true,"href":"https:\/\/nordicmart.andreevmaster.com\/sv\/wp-json\/wp\/v2\/product_brand?post=13597"},{"taxonomy":"product_cat","embeddable":true,"href":"https:\/\/nordicmart.andreevmaster.com\/sv\/wp-json\/wp\/v2\/product_cat?post=13597"},{"taxonomy":"product_tag","embeddable":true,"href":"https:\/\/nordicmart.andreevmaster.com\/sv\/wp-json\/wp\/v2\/product_tag?post=13597"}],"curies":[{"name":"wp","href":"https:\/\/api.w.org\/{rel}","templated":true}]}}