{"id":13594,"date":"2026-02-27T00:18:32","date_gmt":"2026-02-27T00:18:32","guid":{"rendered":"https:\/\/nordicmart.andreevmaster.com\/product\/vasagle-barbord-med-laddningsstation-och-lada-40-x-998-x-1046-cm\/"},"modified":"2026-02-27T08:11:39","modified_gmt":"2026-02-27T08:11:39","slug":"vasagle-barbord-med-laddningsstation-och-lada-40-x-998-x-1046-cm","status":"publish","type":"product","link":"https:\/\/nordicmart.andreevmaster.com\/sv\/produkt\/vasagle-barbord-med-laddningsstation-och-lada-40-x-998-x-1046-cm\/","title":{"rendered":"VASAGLE barbord med laddningsstation och l\u00e5da 40 x 99,8 x 104,6 cm"},"content":{"rendered":"<p>VASAGLE Barbord, st\u00e5bord med laddningsstation och flexibel l\u00e5da av non-woven-tyg, krokar, 40 x 99,8 x 104,6 cm, askbrun LBT019K02<br \/>\nF\u00e4rg: Askbrun<br \/>\nMaterial: Sp\u00e5nskiva, st\u00e5l<br \/>\nStorlek: 40 x 99,8 x 104,6 cm<br \/>\nVikt: 19,6 kg<br \/>\nMax. statisk belastningskapacitet: 100 kg<\/p>\n","protected":false},"excerpt":{"rendered":"<p>VASAGLE Barbord, st\u00e5bord med laddningsstation och flexibel l\u00e5da av non-woven-tyg, krokar, 40 x 99,8 x 104,6 cm, askbrun LBT019K02<\/p>\n","protected":false},"featured_media":41706,"comment_status":"open","ping_status":"closed","template":"","meta":[],"product_brand":[],"product_cat":[33],"product_tag":[],"class_list":{"0":"post-13594","1":"product","2":"type-product","3":"status-publish","4":"has-post-thumbnail","6":"product_cat-okategoriserad","8":"first","9":"instock","10":"shipping-taxable","11":"purchasable","12":"product-type-simple"},"_links":{"self":[{"href":"https:\/\/nordicmart.andreevmaster.com\/sv\/wp-json\/wp\/v2\/product\/13594","targetHints":{"allow":["GET"]}}],"collection":[{"href":"https:\/\/nordicmart.andreevmaster.com\/sv\/wp-json\/wp\/v2\/product"}],"about":[{"href":"https:\/\/nordicmart.andreevmaster.com\/sv\/wp-json\/wp\/v2\/types\/product"}],"replies":[{"embeddable":true,"href":"https:\/\/nordicmart.andreevmaster.com\/sv\/wp-json\/wp\/v2\/comments?post=13594"}],"wp:featuredmedia":[{"embeddable":true,"href":"https:\/\/nordicmart.andreevmaster.com\/sv\/wp-json\/wp\/v2\/media\/41706"}],"wp:attachment":[{"href":"https:\/\/nordicmart.andreevmaster.com\/sv\/wp-json\/wp\/v2\/media?parent=13594"}],"wp:term":[{"taxonomy":"product_brand","embeddable":true,"href":"https:\/\/nordicmart.andreevmaster.com\/sv\/wp-json\/wp\/v2\/product_brand?post=13594"},{"taxonomy":"product_cat","embeddable":true,"href":"https:\/\/nordicmart.andreevmaster.com\/sv\/wp-json\/wp\/v2\/product_cat?post=13594"},{"taxonomy":"product_tag","embeddable":true,"href":"https:\/\/nordicmart.andreevmaster.com\/sv\/wp-json\/wp\/v2\/product_tag?post=13594"}],"curies":[{"name":"wp","href":"https:\/\/api.w.org\/{rel}","templated":true}]}}