{"id":13590,"date":"2026-02-27T00:18:31","date_gmt":"2026-02-27T00:18:31","guid":{"rendered":"https:\/\/nordicmart.andreevmaster.com\/product\/vasagle-matbord-med-2-stolar\/"},"modified":"2026-02-27T08:11:38","modified_gmt":"2026-02-27T08:11:38","slug":"vasagle-matbord-med-2-stolar","status":"publish","type":"product","link":"https:\/\/nordicmart.andreevmaster.com\/sv\/produkt\/vasagle-matbord-med-2-stolar\/","title":{"rendered":"VASAGLE matbord med 2 stolar"},"content":{"rendered":"<p>VASAGLE barbord med barstolsats, matbord med 2 stolar, litet k\u00f6ksbord 60 x 60 x 90 cm, barstolar 30 x 40 x 65 cm vardera, f\u00f6r matsal, k\u00f6k, industriell design, vintagebrun-svart LBT017B01<br \/>\nF\u00e4rg: Vintagebrun-svart<br \/>\nMaterial: sp\u00e5nskiva, st\u00e5l<br \/>\nBordets storlek: 60 x 60 x 90 cm (D x B x H)<br \/>\nStorlek per pall: 30 x 40 x 65 cm (D x B x H)<br \/>\nTotalvikt: 19,1 kg<br \/>\nMax. statisk belastningskapacitet f\u00f6r bordet: 100 kg<br \/>\nMax. statisk belastningskapacitet per pall: 120 kg<\/p>\n","protected":false},"excerpt":{"rendered":"<p>VASAGLE barbord med barstolsats, matbord med 2 stolar, litet k\u00f6ksbord 60 x 60 x 90 cm, barstolar 30 x 40 x 65 cm vardera, f\u00f6r matsal, k\u00f6k, industriell design, vintagebrun-svart LBT017B01<\/p>\n","protected":false},"featured_media":41702,"comment_status":"open","ping_status":"closed","template":"","meta":[],"product_brand":[],"product_cat":[33],"product_tag":[],"class_list":{"0":"post-13590","1":"product","2":"type-product","3":"status-publish","4":"has-post-thumbnail","6":"product_cat-okategoriserad","8":"first","9":"instock","10":"shipping-taxable","11":"purchasable","12":"product-type-simple"},"_links":{"self":[{"href":"https:\/\/nordicmart.andreevmaster.com\/sv\/wp-json\/wp\/v2\/product\/13590","targetHints":{"allow":["GET"]}}],"collection":[{"href":"https:\/\/nordicmart.andreevmaster.com\/sv\/wp-json\/wp\/v2\/product"}],"about":[{"href":"https:\/\/nordicmart.andreevmaster.com\/sv\/wp-json\/wp\/v2\/types\/product"}],"replies":[{"embeddable":true,"href":"https:\/\/nordicmart.andreevmaster.com\/sv\/wp-json\/wp\/v2\/comments?post=13590"}],"wp:featuredmedia":[{"embeddable":true,"href":"https:\/\/nordicmart.andreevmaster.com\/sv\/wp-json\/wp\/v2\/media\/41702"}],"wp:attachment":[{"href":"https:\/\/nordicmart.andreevmaster.com\/sv\/wp-json\/wp\/v2\/media?parent=13590"}],"wp:term":[{"taxonomy":"product_brand","embeddable":true,"href":"https:\/\/nordicmart.andreevmaster.com\/sv\/wp-json\/wp\/v2\/product_brand?post=13590"},{"taxonomy":"product_cat","embeddable":true,"href":"https:\/\/nordicmart.andreevmaster.com\/sv\/wp-json\/wp\/v2\/product_cat?post=13590"},{"taxonomy":"product_tag","embeddable":true,"href":"https:\/\/nordicmart.andreevmaster.com\/sv\/wp-json\/wp\/v2\/product_tag?post=13590"}],"curies":[{"name":"wp","href":"https:\/\/api.w.org\/{rel}","templated":true}]}}