{"id":13588,"date":"2026-02-27T00:18:30","date_gmt":"2026-02-27T00:18:30","guid":{"rendered":"https:\/\/nordicmart.andreevmaster.com\/product\/vasagle-bartisch-set-greige-schwarz\/"},"modified":"2026-02-27T08:11:38","modified_gmt":"2026-02-27T08:11:38","slug":"vasagle-bartisch-set-greige-schwarz","status":"publish","type":"product","link":"https:\/\/nordicmart.andreevmaster.com\/sv\/produkt\/vasagle-bartisch-set-greige-schwarz\/","title":{"rendered":"VASAGLE Bartisch-Set Greige-Schwarz"},"content":{"rendered":"<p>Produktdetaljer: &#8211; F\u00e4rg: Greige-svart  &#8211; Material: Sp\u00e5nskiva, st\u00e5l &#8211; Storlek bord: 120 x 60 x 90 cm (L x B x H) &#8211; Storlek stol: 40 x 30 x 65 cm (L x B x H) &#8211; Vikt: 24,5 kg &#8211; Max. statisk belastningskapacitet f\u00f6r bordsskivan: 100 kg &#8211; Max. statisk belastningskapacitet per barstol: 120 kg Leveransomf\u00e5ng: &#8211; 1 x barbord &#8211; 2 x barstolar &#8211; 1 x tillbeh\u00f6rsp\u00e5se &#8211; 1 x monteringsanvisning (DE, EN, ES, FR, IT) VASAGLE Anm\u00e4rkningar: &#8211; Barn f\u00e5r inte kl\u00e4ttra p\u00e5 eller leka med produkten. &#8211; Bordsskivans maximala b\u00e4rkraft \u00e4r 100 kg. Placera inte tyngre f\u00f6rem\u00e5l p\u00e5 den. \u00d6verskrid inte heller stolarnas maximala belastningskapacitet (120 kg per stol). &#8211; Barbordet b\u00f6r f\u00e4stas vid en v\u00e4gg med hj\u00e4lp av tippskyddet f\u00f6r att f\u00f6rhindra att det v\u00e4lter. &#8211; Luta dig inte bak\u00e5t och gunga inte fram och tillbaka n\u00e4r du sitter p\u00e5 pallen.<\/p>\n","protected":false},"excerpt":{"rendered":"<p>VASAGLE Bartisch-Set, st\u00e5bord med 2 barstolar, k\u00f6ksdisk med barstolar, k\u00f6ksbord och k\u00f6ksstolar i industriell design, f\u00f6r k\u00f6k, 120 x 60 x 90 cm, greige-svart LBT015B02<\/p>\n","protected":false},"featured_media":41700,"comment_status":"open","ping_status":"closed","template":"","meta":[],"product_brand":[],"product_cat":[33],"product_tag":[],"class_list":{"0":"post-13588","1":"product","2":"type-product","3":"status-publish","4":"has-post-thumbnail","6":"product_cat-okategoriserad","8":"first","9":"instock","10":"shipping-taxable","11":"purchasable","12":"product-type-simple"},"_links":{"self":[{"href":"https:\/\/nordicmart.andreevmaster.com\/sv\/wp-json\/wp\/v2\/product\/13588","targetHints":{"allow":["GET"]}}],"collection":[{"href":"https:\/\/nordicmart.andreevmaster.com\/sv\/wp-json\/wp\/v2\/product"}],"about":[{"href":"https:\/\/nordicmart.andreevmaster.com\/sv\/wp-json\/wp\/v2\/types\/product"}],"replies":[{"embeddable":true,"href":"https:\/\/nordicmart.andreevmaster.com\/sv\/wp-json\/wp\/v2\/comments?post=13588"}],"wp:featuredmedia":[{"embeddable":true,"href":"https:\/\/nordicmart.andreevmaster.com\/sv\/wp-json\/wp\/v2\/media\/41700"}],"wp:attachment":[{"href":"https:\/\/nordicmart.andreevmaster.com\/sv\/wp-json\/wp\/v2\/media?parent=13588"}],"wp:term":[{"taxonomy":"product_brand","embeddable":true,"href":"https:\/\/nordicmart.andreevmaster.com\/sv\/wp-json\/wp\/v2\/product_brand?post=13588"},{"taxonomy":"product_cat","embeddable":true,"href":"https:\/\/nordicmart.andreevmaster.com\/sv\/wp-json\/wp\/v2\/product_cat?post=13588"},{"taxonomy":"product_tag","embeddable":true,"href":"https:\/\/nordicmart.andreevmaster.com\/sv\/wp-json\/wp\/v2\/product_tag?post=13588"}],"curies":[{"name":"wp","href":"https:\/\/api.w.org\/{rel}","templated":true}]}}