{"id":13586,"date":"2026-02-27T00:18:30","date_gmt":"2026-02-27T00:18:30","guid":{"rendered":"https:\/\/nordicmart.andreevmaster.com\/product\/vasagle-industriell-design-rektangulart-stabord-vitt\/"},"modified":"2026-02-27T08:11:37","modified_gmt":"2026-02-27T08:11:37","slug":"vasagle-industriell-design-rektangulart-stabord-vitt","status":"publish","type":"product","link":"https:\/\/nordicmart.andreevmaster.com\/sv\/produkt\/vasagle-industriell-design-rektangulart-stabord-vitt\/","title":{"rendered":"VASAGLE Industriell design rektangul\u00e4rt st\u00e5bord Vitt"},"content":{"rendered":"<p>VASAGLE barbord, k\u00f6ksbord, k\u00f6ksdisk, rektangul\u00e4rt st\u00e5bord, stabil metallram, 100 x 40 x 90 cm, enkel montering, smalt, industriell design, greige-svart LBT010B02<\/p>\n","protected":false},"excerpt":{"rendered":"<p>VASAGLE barbord, k\u00f6ksbord, k\u00f6ksdisk, rektangul\u00e4rt st\u00e5bord, stabil metallram, 100 x 40 x 90 cm, enkel montering, smalt, industriell design, greige-svart LBT010B02<\/p>\n","protected":false},"featured_media":41698,"comment_status":"open","ping_status":"closed","template":"","meta":[],"product_brand":[],"product_cat":[33],"product_tag":[],"class_list":{"0":"post-13586","1":"product","2":"type-product","3":"status-publish","4":"has-post-thumbnail","6":"product_cat-okategoriserad","8":"first","9":"instock","10":"shipping-taxable","11":"purchasable","12":"product-type-simple"},"_links":{"self":[{"href":"https:\/\/nordicmart.andreevmaster.com\/sv\/wp-json\/wp\/v2\/product\/13586","targetHints":{"allow":["GET"]}}],"collection":[{"href":"https:\/\/nordicmart.andreevmaster.com\/sv\/wp-json\/wp\/v2\/product"}],"about":[{"href":"https:\/\/nordicmart.andreevmaster.com\/sv\/wp-json\/wp\/v2\/types\/product"}],"replies":[{"embeddable":true,"href":"https:\/\/nordicmart.andreevmaster.com\/sv\/wp-json\/wp\/v2\/comments?post=13586"}],"wp:featuredmedia":[{"embeddable":true,"href":"https:\/\/nordicmart.andreevmaster.com\/sv\/wp-json\/wp\/v2\/media\/41698"}],"wp:attachment":[{"href":"https:\/\/nordicmart.andreevmaster.com\/sv\/wp-json\/wp\/v2\/media?parent=13586"}],"wp:term":[{"taxonomy":"product_brand","embeddable":true,"href":"https:\/\/nordicmart.andreevmaster.com\/sv\/wp-json\/wp\/v2\/product_brand?post=13586"},{"taxonomy":"product_cat","embeddable":true,"href":"https:\/\/nordicmart.andreevmaster.com\/sv\/wp-json\/wp\/v2\/product_cat?post=13586"},{"taxonomy":"product_tag","embeddable":true,"href":"https:\/\/nordicmart.andreevmaster.com\/sv\/wp-json\/wp\/v2\/product_tag?post=13586"}],"curies":[{"name":"wp","href":"https:\/\/api.w.org\/{rel}","templated":true}]}}