{"id":13580,"date":"2026-02-27T00:18:29","date_gmt":"2026-02-27T00:18:29","guid":{"rendered":"https:\/\/nordicmart.andreevmaster.com\/product\/vasagle-skohylla-smal-platsbesparande-stativhylla-7-nivaer\/"},"modified":"2026-02-27T08:11:36","modified_gmt":"2026-02-27T08:11:36","slug":"vasagle-skohylla-smal-platsbesparande-stativhylla-7-nivaer","status":"publish","type":"product","link":"https:\/\/nordicmart.andreevmaster.com\/sv\/produkt\/vasagle-skohylla-smal-platsbesparande-stativhylla-7-nivaer\/","title":{"rendered":"VASAGLE Skohylla smal, platsbesparande stativhylla, 7 niv\u00e5er"},"content":{"rendered":"<p>Smal skohylla, platsbesparande stativhylla, 7 niv\u00e5er, f\u00f6r hallen, h\u00f6rn, skof\u00f6rvaring, vit<br \/>\n&#8211; F\u00e4rg: Vit<br \/>\n&#8211; Material: sp\u00e5nskiva<br \/>\n&#8211; Storlek: 30 x 26,4 x 110,4 cm (D x B x H)<br \/>\n&#8211; Vikt: 7,7 kg<br \/>\n&#8211; Max. statisk belastningskapacitet per hylla: 10 kg<br \/>\n&#8211; Max. statisk belastningskapacitet per krok: 5 kg<\/p>\n","protected":false},"excerpt":{"rendered":"<p>Smal skohylla, platsbesparande stativhylla, 7 niv\u00e5er, f\u00f6r hallen, h\u00f6rn, skof\u00f6rvaring, vit<\/p>\n","protected":false},"featured_media":41692,"comment_status":"open","ping_status":"closed","template":"","meta":[],"product_brand":[],"product_cat":[33],"product_tag":[],"class_list":{"0":"post-13580","1":"product","2":"type-product","3":"status-publish","4":"has-post-thumbnail","6":"product_cat-okategoriserad","8":"first","9":"instock","10":"shipping-taxable","11":"purchasable","12":"product-type-simple"},"_links":{"self":[{"href":"https:\/\/nordicmart.andreevmaster.com\/sv\/wp-json\/wp\/v2\/product\/13580","targetHints":{"allow":["GET"]}}],"collection":[{"href":"https:\/\/nordicmart.andreevmaster.com\/sv\/wp-json\/wp\/v2\/product"}],"about":[{"href":"https:\/\/nordicmart.andreevmaster.com\/sv\/wp-json\/wp\/v2\/types\/product"}],"replies":[{"embeddable":true,"href":"https:\/\/nordicmart.andreevmaster.com\/sv\/wp-json\/wp\/v2\/comments?post=13580"}],"wp:featuredmedia":[{"embeddable":true,"href":"https:\/\/nordicmart.andreevmaster.com\/sv\/wp-json\/wp\/v2\/media\/41692"}],"wp:attachment":[{"href":"https:\/\/nordicmart.andreevmaster.com\/sv\/wp-json\/wp\/v2\/media?parent=13580"}],"wp:term":[{"taxonomy":"product_brand","embeddable":true,"href":"https:\/\/nordicmart.andreevmaster.com\/sv\/wp-json\/wp\/v2\/product_brand?post=13580"},{"taxonomy":"product_cat","embeddable":true,"href":"https:\/\/nordicmart.andreevmaster.com\/sv\/wp-json\/wp\/v2\/product_cat?post=13580"},{"taxonomy":"product_tag","embeddable":true,"href":"https:\/\/nordicmart.andreevmaster.com\/sv\/wp-json\/wp\/v2\/product_tag?post=13580"}],"curies":[{"name":"wp","href":"https:\/\/api.w.org\/{rel}","templated":true}]}}