{"id":13576,"date":"2026-02-27T00:18:28","date_gmt":"2026-02-27T00:18:28","guid":{"rendered":"https:\/\/nordicmart.andreevmaster.com\/product\/vasagle-skobank-med-2-gallerhyllor-skohylla-30-x-73-x-45-cm\/"},"modified":"2026-02-27T08:11:35","modified_gmt":"2026-02-27T08:11:35","slug":"vasagle-skobank-med-2-gallerhyllor-skohylla-30-x-73-x-45-cm","status":"publish","type":"product","link":"https:\/\/nordicmart.andreevmaster.com\/sv\/produkt\/vasagle-skobank-med-2-gallerhyllor-skohylla-30-x-73-x-45-cm\/","title":{"rendered":"VASAGLE skob\u00e4nk med 2 gallerhyllor, skohylla, 30 x 73 x 45 cm"},"content":{"rendered":"<p>Skof\u00f6rvaring med 2 gallerhyllor, skohylla, 30 x 73 x 45 cm, f\u00f6r hall, entr\u00e9, vardagsrum, metallram, vintagebrun-svart<br \/>\nSpecifikationer:<\/p>\n<p>&#8211; M\u00e5tt: 30 x 73 x 45 cm (D x B x H)<br \/>\n&#8211; Vikt: 6,8 kg<br \/>\n&#8211; Maximal statisk belastningskapacitet f\u00f6r ytan: 90 kg<br \/>\n&#8211; Max. statisk b\u00e4rf\u00f6rm\u00e5ga per gallerhylla: 5 kg<br \/>\n&#8211; Material: sp\u00e5nskiva, st\u00e5l<br \/>\n&#8211; F\u00e4rg: beige-vit<\/p>\n","protected":false},"excerpt":{"rendered":"<p>Skof\u00f6rvaring med 2 gallerhyllor, skohylla, 30 x 73 x 45 cm, f\u00f6r hall, entr\u00e9, vardagsrum, metallram, vintagebrun-svart<\/p>\n","protected":false},"featured_media":41688,"comment_status":"open","ping_status":"closed","template":"","meta":[],"product_brand":[],"product_cat":[33],"product_tag":[],"class_list":{"0":"post-13576","1":"product","2":"type-product","3":"status-publish","4":"has-post-thumbnail","6":"product_cat-okategoriserad","8":"first","9":"instock","10":"shipping-taxable","11":"purchasable","12":"product-type-simple"},"_links":{"self":[{"href":"https:\/\/nordicmart.andreevmaster.com\/sv\/wp-json\/wp\/v2\/product\/13576","targetHints":{"allow":["GET"]}}],"collection":[{"href":"https:\/\/nordicmart.andreevmaster.com\/sv\/wp-json\/wp\/v2\/product"}],"about":[{"href":"https:\/\/nordicmart.andreevmaster.com\/sv\/wp-json\/wp\/v2\/types\/product"}],"replies":[{"embeddable":true,"href":"https:\/\/nordicmart.andreevmaster.com\/sv\/wp-json\/wp\/v2\/comments?post=13576"}],"wp:featuredmedia":[{"embeddable":true,"href":"https:\/\/nordicmart.andreevmaster.com\/sv\/wp-json\/wp\/v2\/media\/41688"}],"wp:attachment":[{"href":"https:\/\/nordicmart.andreevmaster.com\/sv\/wp-json\/wp\/v2\/media?parent=13576"}],"wp:term":[{"taxonomy":"product_brand","embeddable":true,"href":"https:\/\/nordicmart.andreevmaster.com\/sv\/wp-json\/wp\/v2\/product_brand?post=13576"},{"taxonomy":"product_cat","embeddable":true,"href":"https:\/\/nordicmart.andreevmaster.com\/sv\/wp-json\/wp\/v2\/product_cat?post=13576"},{"taxonomy":"product_tag","embeddable":true,"href":"https:\/\/nordicmart.andreevmaster.com\/sv\/wp-json\/wp\/v2\/product_tag?post=13576"}],"curies":[{"name":"wp","href":"https:\/\/api.w.org\/{rel}","templated":true}]}}