{"id":13571,"date":"2026-02-27T00:18:27","date_gmt":"2026-02-27T00:18:27","guid":{"rendered":"https:\/\/nordicmart.andreevmaster.com\/product\/vasagle-5-stegs-skohylla-for-12-16-par-skor-sko-organiserare\/"},"modified":"2026-02-27T08:11:34","modified_gmt":"2026-02-27T08:11:34","slug":"vasagle-5-stegs-skohylla-for-12-16-par-skor-sko-organiserare","status":"publish","type":"product","link":"https:\/\/nordicmart.andreevmaster.com\/sv\/produkt\/vasagle-5-stegs-skohylla-for-12-16-par-skor-sko-organiserare\/","title":{"rendered":"VASAGLE 5-stegs skohylla, f\u00f6r 12-16 par skor, sko-organiserare"},"content":{"rendered":"<p>Produktdetaljer: &#8211; F\u00e4rg: Vintagebrun-svart &#8211; Material: Sp\u00e5nskiva, st\u00e5l, polyestertyg &#8211; Storlek: 75 x 30 x 91 cm (L x B x H) &#8211; Vikt: 5,4 kg &#8211; Max. statisk b\u00e4rkraft f\u00f6r ytan: 30 kg &#8211; Max. statisk b\u00e4rkraft per hylla av polyesterv\u00e4v: 10 kg Leveransomfattning: &#8211; 1 x skost\u00e4ll &#8211; 1 x tippskydd &#8211; 1 x tillbeh\u00f6rspaket &#8211; 1 x bruksanvisning VASAGLE Anm\u00e4rkningar:- Av s\u00e4kerhetssk\u00e4l \u00e4r det f\u00f6rbjudet f\u00f6r barn att kl\u00e4ttra p\u00e5 eller leka med produkten. &#8211; Den maximala statiska belastningskapaciteten f\u00f6r ytan \u00e4r 30 kg, varje hylla av polyestertyg t\u00e5l upp till 10 kg. \u00d6verskrid inte denna maximala vikt. &#8211; F\u00e4st produkten p\u00e5 v\u00e4ggen med det medf\u00f6ljande tippskyddet f\u00f6r att garantera s\u00e4ker anv\u00e4ndning.<\/p>\n","protected":false},"excerpt":{"rendered":"<p>VASAGLE skohylla, skohylla med 5 niv\u00e5er, skohyllor, smal, metallstativ, 4 hyllor av polyestertyg, f\u00f6r entr\u00e9, hall, industriell design, vintagebrun-svart LBS036B01<\/p>\n","protected":false},"featured_media":41684,"comment_status":"open","ping_status":"closed","template":"","meta":[],"product_brand":[],"product_cat":[33],"product_tag":[],"class_list":{"0":"post-13571","1":"product","2":"type-product","3":"status-publish","4":"has-post-thumbnail","6":"product_cat-okategoriserad","8":"first","9":"instock","10":"shipping-taxable","11":"purchasable","12":"product-type-simple"},"_links":{"self":[{"href":"https:\/\/nordicmart.andreevmaster.com\/sv\/wp-json\/wp\/v2\/product\/13571","targetHints":{"allow":["GET"]}}],"collection":[{"href":"https:\/\/nordicmart.andreevmaster.com\/sv\/wp-json\/wp\/v2\/product"}],"about":[{"href":"https:\/\/nordicmart.andreevmaster.com\/sv\/wp-json\/wp\/v2\/types\/product"}],"replies":[{"embeddable":true,"href":"https:\/\/nordicmart.andreevmaster.com\/sv\/wp-json\/wp\/v2\/comments?post=13571"}],"wp:featuredmedia":[{"embeddable":true,"href":"https:\/\/nordicmart.andreevmaster.com\/sv\/wp-json\/wp\/v2\/media\/41684"}],"wp:attachment":[{"href":"https:\/\/nordicmart.andreevmaster.com\/sv\/wp-json\/wp\/v2\/media?parent=13571"}],"wp:term":[{"taxonomy":"product_brand","embeddable":true,"href":"https:\/\/nordicmart.andreevmaster.com\/sv\/wp-json\/wp\/v2\/product_brand?post=13571"},{"taxonomy":"product_cat","embeddable":true,"href":"https:\/\/nordicmart.andreevmaster.com\/sv\/wp-json\/wp\/v2\/product_cat?post=13571"},{"taxonomy":"product_tag","embeddable":true,"href":"https:\/\/nordicmart.andreevmaster.com\/sv\/wp-json\/wp\/v2\/product_tag?post=13571"}],"curies":[{"name":"wp","href":"https:\/\/api.w.org\/{rel}","templated":true}]}}