{"id":13569,"date":"2026-02-27T00:18:26","date_gmt":"2026-02-27T00:18:26","guid":{"rendered":"https:\/\/nordicmart.andreevmaster.com\/product\/songmics-2-stegs-skohylla-skoforvaring-i-bambu-sko-organiserare\/"},"modified":"2026-02-27T08:11:34","modified_gmt":"2026-02-27T08:11:34","slug":"songmics-2-stegs-skohylla-skoforvaring-i-bambu-sko-organiserare","status":"publish","type":"product","link":"https:\/\/nordicmart.andreevmaster.com\/sv\/produkt\/songmics-2-stegs-skohylla-skoforvaring-i-bambu-sko-organiserare\/","title":{"rendered":"SONGMICS 2-stegs skohylla, skof\u00f6rvaring i bambu, sko-organiserare"},"content":{"rendered":"<p>Ta r\u00e4tt beslut: Om dina skor ligger utspridda \u00f6ver hela huset, i hallen, sovrummet, vardagsrummet, badrummet och till och med i k\u00f6ket, \u00e4r det dags f\u00f6r en smart f\u00f6rvaringsstrategi! Ordna dina skor p\u00e5 denna raffinerade bambuhylla med 2 niv\u00e5er! Den vita lackeringen g\u00f6r detta m\u00f6bel perfekt f\u00f6r att visa upp dina sneakers och st\u00f6vlar, som fr\u00e5n och med nu finns inom r\u00e4ckh\u00e5ll i din hall eller sovrum. S\u00e5 kan du enkelt best\u00e4mma vilket par du vill ta p\u00e5 dig. Skor och tofflor: Trots att den \u00e4r enkel och kompakt har denna skoorganiserare med m\u00e5tten 70 x 26 x 33 cm (L x B x H) en belastningskapacitet p\u00e5 upp till 10 kg per hyllplan och \u00e4r d\u00e4rmed tillr\u00e4ckligt stabil f\u00f6r att du ska kunna st\u00e4lla sneakers, st\u00f6vlar och mockasiner p\u00e5 den. Och vad s\u00e4gs om tofflor? Det finns ocks\u00e5 tillr\u00e4ckligt med utrymme f\u00f6r dem! Anv\u00e4nd bara utrymmet mellan den nedre hyllan och golvet. Skapa ett lyckligt hem med denna skohylla fr\u00e5n SONGMICS! Produktdetaljer:F\u00e4rg: Vit Material: Bambu Storlek: 70 x 26 x 33 cm (L x B x H) Vikt: 2,6 kg Max. statisk belastningskapacitet per hyllplan: 10 kg Leveransomfattning: 1 x skohylla 1 x beh\u00e5llare med tillbeh\u00f6r 1 x bruksanvisning (DE, EN, FR, ES, IT) SONGMICS Anm\u00e4rkningar:Placera denna produkt p\u00e5 en plats d\u00e4r den inte kan uts\u00e4ttas f\u00f6r vattenst\u00e4nk.<\/p>\n","protected":false},"excerpt":{"rendered":"<p>SONGMICS skohylla i bambu, badrumshylla med 2 niv\u00e5er, skosk\u00e5p, skost\u00e4ll, 70 x 33 x 26 cm (B x H x D), vit och naturf\u00e4rgad LBS02H<\/p>\n","protected":false},"featured_media":41682,"comment_status":"open","ping_status":"closed","template":"","meta":[],"product_brand":[],"product_cat":[33],"product_tag":[],"class_list":{"0":"post-13569","1":"product","2":"type-product","3":"status-publish","4":"has-post-thumbnail","6":"product_cat-okategoriserad","8":"first","9":"instock","10":"shipping-taxable","11":"purchasable","12":"product-type-simple"},"_links":{"self":[{"href":"https:\/\/nordicmart.andreevmaster.com\/sv\/wp-json\/wp\/v2\/product\/13569","targetHints":{"allow":["GET"]}}],"collection":[{"href":"https:\/\/nordicmart.andreevmaster.com\/sv\/wp-json\/wp\/v2\/product"}],"about":[{"href":"https:\/\/nordicmart.andreevmaster.com\/sv\/wp-json\/wp\/v2\/types\/product"}],"replies":[{"embeddable":true,"href":"https:\/\/nordicmart.andreevmaster.com\/sv\/wp-json\/wp\/v2\/comments?post=13569"}],"wp:featuredmedia":[{"embeddable":true,"href":"https:\/\/nordicmart.andreevmaster.com\/sv\/wp-json\/wp\/v2\/media\/41682"}],"wp:attachment":[{"href":"https:\/\/nordicmart.andreevmaster.com\/sv\/wp-json\/wp\/v2\/media?parent=13569"}],"wp:term":[{"taxonomy":"product_brand","embeddable":true,"href":"https:\/\/nordicmart.andreevmaster.com\/sv\/wp-json\/wp\/v2\/product_brand?post=13569"},{"taxonomy":"product_cat","embeddable":true,"href":"https:\/\/nordicmart.andreevmaster.com\/sv\/wp-json\/wp\/v2\/product_cat?post=13569"},{"taxonomy":"product_tag","embeddable":true,"href":"https:\/\/nordicmart.andreevmaster.com\/sv\/wp-json\/wp\/v2\/product_tag?post=13569"}],"curies":[{"name":"wp","href":"https:\/\/api.w.org\/{rel}","templated":true}]}}