{"id":13567,"date":"2026-02-27T00:18:26","date_gmt":"2026-02-27T00:18:26","guid":{"rendered":"https:\/\/nordicmart.andreevmaster.com\/product\/songmics-bambu-skohylla\/"},"modified":"2026-02-27T08:11:33","modified_gmt":"2026-02-27T08:11:33","slug":"songmics-bambu-skohylla","status":"publish","type":"product","link":"https:\/\/nordicmart.andreevmaster.com\/sv\/produkt\/songmics-bambu-skohylla\/","title":{"rendered":"SONGMICS bambu skohylla"},"content":{"rendered":"<p>Det multifunktionella f\u00f6rvaringsst\u00e4llet fr\u00e5n SONGMICS har en ram av bambu och hyllor av MDF-skivor som inte deformeras. Fr\u00e4scha f\u00e4rger och ett enkelt utseende ger ditt hem en touch av lantlig charm.<\/p>\n<p>Anv\u00e4ndarv\u00e4nliga detaljer: B\u00f6jda b\u00e4rhandtag f\u00f6r ett bekv\u00e4mt grepp och f\u00f6r att enkelt kunna flytta hyllan; rundade h\u00f6rn och kanter f\u00f6rhindrar att man fastnar eller repar sig. Produktdetaljer:<br \/>\nMaterial: Bambu + MDF<br \/>\nM\u00e5tt: 67,5 x 108 x 25,8 cm (B\/H\/D)<br \/>\nFackh\u00f6jd: 17 cm<br \/>\nF\u00f6rpackningsm\u00e5tt: 69 x 29 x 17,5 cm<br \/>\nVikt: 7,6 kg<\/p>\n<p>Leveransomfattning:<br \/>\n1x skohylla<br \/>\n1x bruksanvisning<br \/>\n1x tillbeh\u00f6rssats<\/p>\n<p>Sk\u00f6tsel:<br \/>\nHylla \u00e4r slitstark och l\u00e4tt att reng\u00f6ra. F\u00f6r daglig sk\u00f6tsel r\u00e4cker det med en torr trasa.<br \/>\nSkydda hyllan fr\u00e5n fukt och starkt solljus.<\/p>\n","protected":false},"excerpt":{"rendered":"<p>SONGMICS bambu skohylla, 6 niv\u00e5er badrumshylla, bambu stativhylla, bokhylla, skosk\u00e5p f\u00f6r 20 par skor, 108 x 67,5 x 25,8 cm, idealisk f\u00f6r vardagsrum, hall, korridor, badrum LBS96N<\/p>\n","protected":false},"featured_media":0,"comment_status":"open","ping_status":"closed","template":"","meta":[],"product_brand":[],"product_cat":[33],"product_tag":[],"class_list":{"0":"post-13567","1":"product","2":"type-product","3":"status-publish","5":"product_cat-okategoriserad","7":"first","8":"instock","9":"shipping-taxable","10":"purchasable","11":"product-type-simple"},"_links":{"self":[{"href":"https:\/\/nordicmart.andreevmaster.com\/sv\/wp-json\/wp\/v2\/product\/13567","targetHints":{"allow":["GET"]}}],"collection":[{"href":"https:\/\/nordicmart.andreevmaster.com\/sv\/wp-json\/wp\/v2\/product"}],"about":[{"href":"https:\/\/nordicmart.andreevmaster.com\/sv\/wp-json\/wp\/v2\/types\/product"}],"replies":[{"embeddable":true,"href":"https:\/\/nordicmart.andreevmaster.com\/sv\/wp-json\/wp\/v2\/comments?post=13567"}],"wp:attachment":[{"href":"https:\/\/nordicmart.andreevmaster.com\/sv\/wp-json\/wp\/v2\/media?parent=13567"}],"wp:term":[{"taxonomy":"product_brand","embeddable":true,"href":"https:\/\/nordicmart.andreevmaster.com\/sv\/wp-json\/wp\/v2\/product_brand?post=13567"},{"taxonomy":"product_cat","embeddable":true,"href":"https:\/\/nordicmart.andreevmaster.com\/sv\/wp-json\/wp\/v2\/product_cat?post=13567"},{"taxonomy":"product_tag","embeddable":true,"href":"https:\/\/nordicmart.andreevmaster.com\/sv\/wp-json\/wp\/v2\/product_tag?post=13567"}],"curies":[{"name":"wp","href":"https:\/\/api.w.org\/{rel}","templated":true}]}}