{"id":13566,"date":"2026-02-27T00:18:25","date_gmt":"2026-02-27T00:18:25","guid":{"rendered":"https:\/\/nordicmart.andreevmaster.com\/product\/songmics-bank-med-skoforvaring-i-bambu\/"},"modified":"2026-02-27T08:11:33","modified_gmt":"2026-02-27T08:11:33","slug":"songmics-bank-med-skoforvaring-i-bambu","status":"publish","type":"product","link":"https:\/\/nordicmart.andreevmaster.com\/sv\/produkt\/songmics-bank-med-skoforvaring-i-bambu\/","title":{"rendered":"SONGMICS b\u00e4nk med skof\u00f6rvaring i bambu"},"content":{"rendered":"<p> Beskrivning:  &#8211; Benen och sitsen \u00e4r sammanfogade med tre skruvar, vilket g\u00f6r konstruktionen  stabilare j\u00e4mf\u00f6rt med en sammanfogning med endast tv\u00e5 skruvar. &#8211; Tillverkad av bambu, stabil och robust, l\u00e4tt att reng\u00f6ra och underh\u00e5lla. &#8211; Avrundade h\u00f6rn minimerar risken f\u00f6r skador vid st\u00f6tar. &#8211; Skruvmuttrarna sitter inte p\u00e5 ytan, vilket g\u00f6r att kl\u00e4derna inte fastnar i spikarna. &#8211; F\u00f6rzinkade rostfria skruvar &#8211; Skruvarna skruvas inte direkt i tr\u00e4et utan i de insatta bultarna, vilket g\u00f6r att hyllan kan monteras och demonteras flera g\u00e5nger. Produktdetaljer:  &#8211; M\u00e5tt: 90 x 45 x 28 cm &#8211; Material: bambu &#8211; F\u00f6rpackningsm\u00e5tt: 91,5 x 30,2 x 5,8 cm &#8211; Enkelvikt: 5,25 kg &#8211; F\u00e4rg: bambuf\u00e4rg (LBS90N);   Montering:  1. \u00d6ppna f\u00f6rpackningen f\u00f6rsiktigt f\u00f6r att skydda skohyllan fr\u00e5n repor. 2. Montera hyllbena med de korta skruvarna och sexkantskruvarna. Vid montering, l\u00e5t benen vara v\u00e4nda med h\u00e5len ut\u00e5t. 3. F\u00e4st tv\u00e5 hyllplan: S\u00e4tt in skruvbolten i h\u00e5len p\u00e5 hyllplanen och skruva in de l\u00e5nga skruvarna fr\u00e5n utsidan av hyllbenens insida. Vi rekommenderar att du f\u00f6rst f\u00e4ster hyllplanen diagonalt med skruvar, d\u00e5 blir det enklare att forts\u00e4tta monteringen med de \u00e5terst\u00e5ende skruvarna.<\/p>\n","protected":false},"excerpt":{"rendered":"<p>SONGMICS Skohylla i bambu, skob\u00e4nk med sittyta, 3 hyllor, 90 x 28 x 45 cm, vardagsrum, hall, badrum, entr\u00e9 LBS90N<\/p>\n","protected":false},"featured_media":41680,"comment_status":"open","ping_status":"closed","template":"","meta":[],"product_brand":[],"product_cat":[33],"product_tag":[],"class_list":{"0":"post-13566","1":"product","2":"type-product","3":"status-publish","4":"has-post-thumbnail","6":"product_cat-okategoriserad","8":"first","9":"instock","10":"shipping-taxable","11":"purchasable","12":"product-type-simple"},"_links":{"self":[{"href":"https:\/\/nordicmart.andreevmaster.com\/sv\/wp-json\/wp\/v2\/product\/13566","targetHints":{"allow":["GET"]}}],"collection":[{"href":"https:\/\/nordicmart.andreevmaster.com\/sv\/wp-json\/wp\/v2\/product"}],"about":[{"href":"https:\/\/nordicmart.andreevmaster.com\/sv\/wp-json\/wp\/v2\/types\/product"}],"replies":[{"embeddable":true,"href":"https:\/\/nordicmart.andreevmaster.com\/sv\/wp-json\/wp\/v2\/comments?post=13566"}],"wp:featuredmedia":[{"embeddable":true,"href":"https:\/\/nordicmart.andreevmaster.com\/sv\/wp-json\/wp\/v2\/media\/41680"}],"wp:attachment":[{"href":"https:\/\/nordicmart.andreevmaster.com\/sv\/wp-json\/wp\/v2\/media?parent=13566"}],"wp:term":[{"taxonomy":"product_brand","embeddable":true,"href":"https:\/\/nordicmart.andreevmaster.com\/sv\/wp-json\/wp\/v2\/product_brand?post=13566"},{"taxonomy":"product_cat","embeddable":true,"href":"https:\/\/nordicmart.andreevmaster.com\/sv\/wp-json\/wp\/v2\/product_cat?post=13566"},{"taxonomy":"product_tag","embeddable":true,"href":"https:\/\/nordicmart.andreevmaster.com\/sv\/wp-json\/wp\/v2\/product_tag?post=13566"}],"curies":[{"name":"wp","href":"https:\/\/api.w.org\/{rel}","templated":true}]}}