{"id":13565,"date":"2026-02-27T00:18:25","date_gmt":"2026-02-27T00:18:25","guid":{"rendered":"https:\/\/nordicmart.andreevmaster.com\/product\/vasagle-skoskap-med-4-luckor\/"},"modified":"2026-02-27T08:11:33","modified_gmt":"2026-02-27T08:11:33","slug":"vasagle-skoskap-med-4-luckor","status":"publish","type":"product","link":"https:\/\/nordicmart.andreevmaster.com\/sv\/produkt\/vasagle-skoskap-med-4-luckor\/","title":{"rendered":"VASAGLE skosk\u00e5p med 4 luckor"},"content":{"rendered":"<p>Produktdetaljer: &#8211; F\u00e4rg: Vintagebrun-svart &#8211; Material: Sp\u00e5nskiva, st\u00e5l &#8211; Storlek: 98,3 x 30 x 95 cm (L x B x H) &#8211; Vikt: 26,6 kg &#8211; Max. statisk belastningskapacitet f\u00f6r ytan: 20 kg &#8211; Max. statisk belastningskapacitet per fack: 5 kg  Leveransomf\u00e5ng: &#8211; 1 x skosk\u00e5p &#8211; 1 x tippskydd &#8211; 1 x tillbeh\u00f6rspaket &#8211; 1 x bruksanvisning VASAGLE Anm\u00e4rkningar: &#8211; Av s\u00e4kerhetssk\u00e4l \u00e4r det f\u00f6rbjudet f\u00f6r barn att kl\u00e4ttra p\u00e5 eller leka med produkten. &#8211; F\u00e4st denna produkt p\u00e5 v\u00e4ggen med det medf\u00f6ljande tippskyddet f\u00f6r att garantera s\u00e4ker anv\u00e4ndning.<\/p>\n","protected":false},"excerpt":{"rendered":"<p>VASAGLE skosk\u00e5p, skohylla, med 4 luckor, skof\u00f6rvaring, skokommod, i hallen, f\u00f6r 12\u201320 par skor, 98,3 x 30 x 95 cm, vintagebrun-svart LBS803B01<\/p>\n","protected":false},"featured_media":41679,"comment_status":"open","ping_status":"closed","template":"","meta":[],"product_brand":[],"product_cat":[33],"product_tag":[],"class_list":{"0":"post-13565","1":"product","2":"type-product","3":"status-publish","4":"has-post-thumbnail","6":"product_cat-okategoriserad","8":"first","9":"instock","10":"shipping-taxable","11":"purchasable","12":"product-type-simple"},"_links":{"self":[{"href":"https:\/\/nordicmart.andreevmaster.com\/sv\/wp-json\/wp\/v2\/product\/13565","targetHints":{"allow":["GET"]}}],"collection":[{"href":"https:\/\/nordicmart.andreevmaster.com\/sv\/wp-json\/wp\/v2\/product"}],"about":[{"href":"https:\/\/nordicmart.andreevmaster.com\/sv\/wp-json\/wp\/v2\/types\/product"}],"replies":[{"embeddable":true,"href":"https:\/\/nordicmart.andreevmaster.com\/sv\/wp-json\/wp\/v2\/comments?post=13565"}],"wp:featuredmedia":[{"embeddable":true,"href":"https:\/\/nordicmart.andreevmaster.com\/sv\/wp-json\/wp\/v2\/media\/41679"}],"wp:attachment":[{"href":"https:\/\/nordicmart.andreevmaster.com\/sv\/wp-json\/wp\/v2\/media?parent=13565"}],"wp:term":[{"taxonomy":"product_brand","embeddable":true,"href":"https:\/\/nordicmart.andreevmaster.com\/sv\/wp-json\/wp\/v2\/product_brand?post=13565"},{"taxonomy":"product_cat","embeddable":true,"href":"https:\/\/nordicmart.andreevmaster.com\/sv\/wp-json\/wp\/v2\/product_cat?post=13565"},{"taxonomy":"product_tag","embeddable":true,"href":"https:\/\/nordicmart.andreevmaster.com\/sv\/wp-json\/wp\/v2\/product_tag?post=13565"}],"curies":[{"name":"wp","href":"https:\/\/api.w.org\/{rel}","templated":true}]}}