{"id":13563,"date":"2026-02-27T00:18:25","date_gmt":"2026-02-27T00:18:25","guid":{"rendered":"https:\/\/nordicmart.andreevmaster.com\/product\/vasagle-skoskap-med-2-luckor-80-x-30-x-95-cm\/"},"modified":"2026-02-27T08:11:33","modified_gmt":"2026-02-27T08:11:33","slug":"vasagle-skoskap-med-2-luckor-80-x-30-x-95-cm","status":"publish","type":"product","link":"https:\/\/nordicmart.andreevmaster.com\/sv\/produkt\/vasagle-skoskap-med-2-luckor-80-x-30-x-95-cm\/","title":{"rendered":"VASAGLE skosk\u00e5p med 2 luckor 80 x 30 x 95 cm"},"content":{"rendered":"<p>VASAGLE skosk\u00e5p med 2 luckor, skohylla, skokommod med 2 fack, skof\u00f6rvaring, i hallen, f\u00f6r 8-12 par skor, platsbesparande, 60 x 30 x 95 cm<br \/>\nF\u00e4rg: VintagebrunSvart<br \/>\nMaterial: sp\u00e5nskiva, st\u00e5l<br \/>\nStorlek: 80 x 30 x 95 cm (L x B x H)<br \/>\nVikt: 18 kg<br \/>\nMax. statisk belastningskapacitet f\u00f6r ytan: 20 kg<br \/>\nMax. statisk belastningskapacitet per fack: 5 kg<\/p>\n","protected":false},"excerpt":{"rendered":"<p>VASAGLE skosk\u00e5p med 2 luckor, skohylla, skokommod med 2 fack, skof\u00f6rvaring, i hallen, f\u00f6r 8-12 par skor, platsbesparande, 60 x 30 x 95 cm<\/p>\n","protected":false},"featured_media":41677,"comment_status":"open","ping_status":"closed","template":"","meta":[],"product_brand":[],"product_cat":[33],"product_tag":[],"class_list":{"0":"post-13563","1":"product","2":"type-product","3":"status-publish","4":"has-post-thumbnail","6":"product_cat-okategoriserad","8":"first","9":"instock","10":"shipping-taxable","11":"purchasable","12":"product-type-simple"},"_links":{"self":[{"href":"https:\/\/nordicmart.andreevmaster.com\/sv\/wp-json\/wp\/v2\/product\/13563","targetHints":{"allow":["GET"]}}],"collection":[{"href":"https:\/\/nordicmart.andreevmaster.com\/sv\/wp-json\/wp\/v2\/product"}],"about":[{"href":"https:\/\/nordicmart.andreevmaster.com\/sv\/wp-json\/wp\/v2\/types\/product"}],"replies":[{"embeddable":true,"href":"https:\/\/nordicmart.andreevmaster.com\/sv\/wp-json\/wp\/v2\/comments?post=13563"}],"wp:featuredmedia":[{"embeddable":true,"href":"https:\/\/nordicmart.andreevmaster.com\/sv\/wp-json\/wp\/v2\/media\/41677"}],"wp:attachment":[{"href":"https:\/\/nordicmart.andreevmaster.com\/sv\/wp-json\/wp\/v2\/media?parent=13563"}],"wp:term":[{"taxonomy":"product_brand","embeddable":true,"href":"https:\/\/nordicmart.andreevmaster.com\/sv\/wp-json\/wp\/v2\/product_brand?post=13563"},{"taxonomy":"product_cat","embeddable":true,"href":"https:\/\/nordicmart.andreevmaster.com\/sv\/wp-json\/wp\/v2\/product_cat?post=13563"},{"taxonomy":"product_tag","embeddable":true,"href":"https:\/\/nordicmart.andreevmaster.com\/sv\/wp-json\/wp\/v2\/product_tag?post=13563"}],"curies":[{"name":"wp","href":"https:\/\/api.w.org\/{rel}","templated":true}]}}