{"id":13561,"date":"2026-02-27T00:18:24","date_gmt":"2026-02-27T00:18:24","guid":{"rendered":"https:\/\/nordicmart.andreevmaster.com\/product\/vasagle-skohylla-med-stort-fack\/"},"modified":"2026-02-27T08:11:32","modified_gmt":"2026-02-27T08:11:32","slug":"vasagle-skohylla-med-stort-fack","status":"publish","type":"product","link":"https:\/\/nordicmart.andreevmaster.com\/sv\/produkt\/vasagle-skohylla-med-stort-fack\/","title":{"rendered":"VASAGLE skohylla med stort fack"},"content":{"rendered":"<p>Produktdetaljer: &#8211; F\u00e4rg: Vintagebrun-svart &#8211; Material: Sp\u00e5nskiva, st\u00e5l &#8211; Storlek: 80 x 30 x 45 cm (L x B x H) &#8211; Vikt: 5,7 kg &#8211;&nbsp;Max.&nbsp;statisk belastningskapacitet&nbsp;f\u00f6r&nbsp;ytan:&nbsp;90&nbsp;kg &#8211;&nbsp;Max. statisk belastningskapacitet&nbsp;per&nbsp;gallerhylla: 5 kg Leveransomfattning: &#8211; 1 x skob\u00e4nk &#8211; 1 x tillbeh\u00f6rspaket &#8211; 1 xinstruktioner (DE, EN, ES, FR, IT) VASAGLE Anm\u00e4rkningar: &#8211; Av s\u00e4kerhetssk\u00e4l \u00e4r det f\u00f6rbjudet f\u00f6r barn att kl\u00e4ttra p\u00e5 eller leka med produkten. &#8211; Produktens maximala statiska belastningskapacitet \u00e4r 90 kg. \u00d6verskrid inte denna maximala vikt.<\/p>\n","protected":false},"excerpt":{"rendered":"<p>VASAGLE skob\u00e4nk, skohylla, skosk\u00e5p med t\u00e4ttmaskiga gallerhyllor, med fack f\u00f6r st\u00f6vlar, hall, vardagsrum, sovrum, enkel montering, stabil, industriell stil, vintagebrun-svart LBS77BX<\/p>\n","protected":false},"featured_media":41675,"comment_status":"open","ping_status":"closed","template":"","meta":[],"product_brand":[],"product_cat":[33],"product_tag":[],"class_list":{"0":"post-13561","1":"product","2":"type-product","3":"status-publish","4":"has-post-thumbnail","6":"product_cat-okategoriserad","8":"first","9":"instock","10":"shipping-taxable","11":"purchasable","12":"product-type-simple"},"_links":{"self":[{"href":"https:\/\/nordicmart.andreevmaster.com\/sv\/wp-json\/wp\/v2\/product\/13561","targetHints":{"allow":["GET"]}}],"collection":[{"href":"https:\/\/nordicmart.andreevmaster.com\/sv\/wp-json\/wp\/v2\/product"}],"about":[{"href":"https:\/\/nordicmart.andreevmaster.com\/sv\/wp-json\/wp\/v2\/types\/product"}],"replies":[{"embeddable":true,"href":"https:\/\/nordicmart.andreevmaster.com\/sv\/wp-json\/wp\/v2\/comments?post=13561"}],"wp:featuredmedia":[{"embeddable":true,"href":"https:\/\/nordicmart.andreevmaster.com\/sv\/wp-json\/wp\/v2\/media\/41675"}],"wp:attachment":[{"href":"https:\/\/nordicmart.andreevmaster.com\/sv\/wp-json\/wp\/v2\/media?parent=13561"}],"wp:term":[{"taxonomy":"product_brand","embeddable":true,"href":"https:\/\/nordicmart.andreevmaster.com\/sv\/wp-json\/wp\/v2\/product_brand?post=13561"},{"taxonomy":"product_cat","embeddable":true,"href":"https:\/\/nordicmart.andreevmaster.com\/sv\/wp-json\/wp\/v2\/product_cat?post=13561"},{"taxonomy":"product_tag","embeddable":true,"href":"https:\/\/nordicmart.andreevmaster.com\/sv\/wp-json\/wp\/v2\/product_tag?post=13561"}],"curies":[{"name":"wp","href":"https:\/\/api.w.org\/{rel}","templated":true}]}}