{"id":13558,"date":"2026-02-27T00:18:24","date_gmt":"2026-02-27T00:18:24","guid":{"rendered":"https:\/\/nordicmart.andreevmaster.com\/product\/vasagle-industriellt-designad-skobank-hylla\/"},"modified":"2026-02-27T08:11:32","modified_gmt":"2026-02-27T08:11:32","slug":"vasagle-industriellt-designad-skobank-hylla","status":"publish","type":"product","link":"https:\/\/nordicmart.andreevmaster.com\/sv\/produkt\/vasagle-industriellt-designad-skobank-hylla\/","title":{"rendered":"VASAGLE industriellt designad skob\u00e4nk &#038; hylla"},"content":{"rendered":"<p>Letar du ocks\u00e5 i timmar efter r\u00e4tt par skor? Ser din entr\u00e9 dessutom ut som hos Hempels under soffan? L\u00e5t d\u00e5 denna skohylla fr\u00e5n VASAGLE r\u00e4dda din hall s\u00e5 att den gl\u00e4nser och gnistrar som i reklamen. Kompakt och funktionell Denna kompakta skohylla, som m\u00e4ter 73 x 45 x 30 cm (B\/H\/D), \u00e4r mycket utrymmeseffektiv, men erbjuder \u00e4nd\u00e5 tillr\u00e4ckligt med f\u00f6rvaringsutrymme p\u00e5 3 niv\u00e5er och \u00e4r d\u00e4rf\u00f6r perfekt f\u00f6r sm\u00e5 utrymmen. Tack vare den enkla designen kan m\u00f6beln dessutom anv\u00e4ndas p\u00e5 m\u00e5nga olika s\u00e4tt, till exempel f\u00f6r f\u00f6rvaring av b\u00f6cker i vardagsrummet, l\u00e5dor i sovrummet eller v\u00e4skor i hallen. Allt f\u00f6r din bekv\u00e4mlighet Tack vare de 4 justerbara f\u00f6tterna kan detta rack balanseras perfekt \u00e4ven p\u00e5 l\u00e4tt oj\u00e4mna golv. Dessutom skyddar de mot repor. B\u00e4nken t\u00e5l dessutom en belastning p\u00e5 upp till 90 kg, s\u00e5 att du kan sitta bekv\u00e4mt n\u00e4r du tar p\u00e5 dig skorna.  R\u00e4dda dessutom dina dyrbara skor fr\u00e5n r\u00f6riga skoh\u00f6gar och ge dem ett v\u00e4l skyddat hem. Detta \u00e4r ocks\u00e5 en f\u00f6rdel f\u00f6r dig, eftersom du inte l\u00e4ngre beh\u00f6ver leta i timmar efter r\u00e4tt par skor. S\u00e5 kan du sova lite l\u00e4ngre p\u00e5 morgonen. Produktdetaljer: &#8211; F\u00e4rg: Vintagebrun-svart &#8211; Material: Sp\u00e5nskiva, st\u00e5l &#8211; Storlek: 73 x 45 x 30 cm (B x H x D) &#8211; Vikt: 8 kg &#8211; Belastningskapacitet: 90 kg Leveransomfattning: &#8211; 1 x skost\u00e4ll &#8211; 1 x tillbeh\u00f6rsp\u00e5se &#8211; 1 x bruksanvisning (DE, EN, ES, FR, IT) VASAGLE Anm\u00e4rkningar: &#8211; Placera denna produkt p\u00e5 en torr plats. &#8211; Observera produktens maximala belastningskapacitet.<\/p>\n","protected":false},"excerpt":{"rendered":"<p>VASAGLE Unna dig sj\u00e4lv och din entr\u00e9 n\u00e5got vackert med denna skob\u00e4nk i industriell design fr\u00e5n . 2 n\u00e4tfack f\u00f6r 6\u20138 par skor och ett rustikt fack f\u00f6r v\u00e4skor, pl\u00e5nb\u00f6cker och nycklar.<\/p>\n","protected":false},"featured_media":0,"comment_status":"open","ping_status":"closed","template":"","meta":[],"product_brand":[],"product_cat":[33],"product_tag":[],"class_list":{"0":"post-13558","1":"product","2":"type-product","3":"status-publish","5":"product_cat-okategoriserad","7":"first","8":"instock","9":"shipping-taxable","10":"purchasable","11":"product-type-simple"},"_links":{"self":[{"href":"https:\/\/nordicmart.andreevmaster.com\/sv\/wp-json\/wp\/v2\/product\/13558","targetHints":{"allow":["GET"]}}],"collection":[{"href":"https:\/\/nordicmart.andreevmaster.com\/sv\/wp-json\/wp\/v2\/product"}],"about":[{"href":"https:\/\/nordicmart.andreevmaster.com\/sv\/wp-json\/wp\/v2\/types\/product"}],"replies":[{"embeddable":true,"href":"https:\/\/nordicmart.andreevmaster.com\/sv\/wp-json\/wp\/v2\/comments?post=13558"}],"wp:attachment":[{"href":"https:\/\/nordicmart.andreevmaster.com\/sv\/wp-json\/wp\/v2\/media?parent=13558"}],"wp:term":[{"taxonomy":"product_brand","embeddable":true,"href":"https:\/\/nordicmart.andreevmaster.com\/sv\/wp-json\/wp\/v2\/product_brand?post=13558"},{"taxonomy":"product_cat","embeddable":true,"href":"https:\/\/nordicmart.andreevmaster.com\/sv\/wp-json\/wp\/v2\/product_cat?post=13558"},{"taxonomy":"product_tag","embeddable":true,"href":"https:\/\/nordicmart.andreevmaster.com\/sv\/wp-json\/wp\/v2\/product_tag?post=13558"}],"curies":[{"name":"wp","href":"https:\/\/api.w.org\/{rel}","templated":true}]}}