{"id":13556,"date":"2026-02-27T00:18:23","date_gmt":"2026-02-27T00:18:23","guid":{"rendered":"https:\/\/nordicmart.andreevmaster.com\/product\/songmics-stoppad-skobank-i-bambu-vit-gra\/"},"modified":"2026-02-27T08:11:31","modified_gmt":"2026-02-27T08:11:31","slug":"songmics-stoppad-skobank-i-bambu-vit-gra","status":"publish","type":"product","link":"https:\/\/nordicmart.andreevmaster.com\/sv\/produkt\/songmics-stoppad-skobank-i-bambu-vit-gra\/","title":{"rendered":"SONGMICS stoppad skob\u00e4nk i bambu, vit-gr\u00e5"},"content":{"rendered":"<p>Denna SONGMICS skob\u00e4nk \u00e4r tillverkad av naturlig bambu och h\u00f6gkvalitativ skumplast, har ett stilfullt och fr\u00e4scht utseende, \u00e4r praktisk och passar m\u00e5nga stilar. Som skob\u00e4nk rymmer den 3 par skor. Och du kan sitta bekv\u00e4mt p\u00e5 den f\u00f6r att byta skor. Nu beh\u00f6ver du inte l\u00e4ngre st\u00e5 p\u00e5 ett ben f\u00f6r att ta p\u00e5 dig skorna. Som f\u00f6rvaringspall \u00e4r de nedre hyllorna av bambulameller tillr\u00e4ckligt stabila f\u00f6r att rymma f\u00f6rvaringsl\u00e5dor, filtar, handdukar, v\u00e4xter, b\u00f6cker etc., vilket g\u00f6r den perfekt f\u00f6r ditt vardagsrum och sovrum. Produktdetaljer: &#8211; F\u00e4rg: vit, gr\u00e5 &#8211; Material: bambu, skumplast &#8211; Belastningsf\u00f6rm\u00e5ga: 100 kg &#8211; Produktm\u00e5tt: 60 x 43 x 32 cm &#8211; Vikt: 5,5 kg Leveransomfattning: &#8211; 1 x sittb\u00e4nk  &#8211; 1 x bruksanvisning &#8211; 1 x beslagsp\u00e5se SONGMICS Anvisningar: &#8211; Vid normal sk\u00f6tsel kan du torka bort fl\u00e4ckar med en ren trasa. &#8211; F\u00f6rvara produkten endast i torr milj\u00f6 och undvik att placera den direkt i solljus eller regn.<\/p>\n","protected":false},"excerpt":{"rendered":"<p>SONGMICS Bambusb\u00e4nk Skosk\u00e5pa med sittdyna Skohylla Skob\u00e4nk med 2 hyllor f\u00f6r vardagsrum, sovrum, hall, entr\u00e9 60 x 43 x 32 cm (B x H x D) Vit och gr\u00e5 LBS65WN<\/p>\n","protected":false},"featured_media":41672,"comment_status":"open","ping_status":"closed","template":"","meta":[],"product_brand":[],"product_cat":[33],"product_tag":[],"class_list":{"0":"post-13556","1":"product","2":"type-product","3":"status-publish","4":"has-post-thumbnail","6":"product_cat-okategoriserad","8":"first","9":"instock","10":"shipping-taxable","11":"purchasable","12":"product-type-simple"},"_links":{"self":[{"href":"https:\/\/nordicmart.andreevmaster.com\/sv\/wp-json\/wp\/v2\/product\/13556","targetHints":{"allow":["GET"]}}],"collection":[{"href":"https:\/\/nordicmart.andreevmaster.com\/sv\/wp-json\/wp\/v2\/product"}],"about":[{"href":"https:\/\/nordicmart.andreevmaster.com\/sv\/wp-json\/wp\/v2\/types\/product"}],"replies":[{"embeddable":true,"href":"https:\/\/nordicmart.andreevmaster.com\/sv\/wp-json\/wp\/v2\/comments?post=13556"}],"wp:featuredmedia":[{"embeddable":true,"href":"https:\/\/nordicmart.andreevmaster.com\/sv\/wp-json\/wp\/v2\/media\/41672"}],"wp:attachment":[{"href":"https:\/\/nordicmart.andreevmaster.com\/sv\/wp-json\/wp\/v2\/media?parent=13556"}],"wp:term":[{"taxonomy":"product_brand","embeddable":true,"href":"https:\/\/nordicmart.andreevmaster.com\/sv\/wp-json\/wp\/v2\/product_brand?post=13556"},{"taxonomy":"product_cat","embeddable":true,"href":"https:\/\/nordicmart.andreevmaster.com\/sv\/wp-json\/wp\/v2\/product_cat?post=13556"},{"taxonomy":"product_tag","embeddable":true,"href":"https:\/\/nordicmart.andreevmaster.com\/sv\/wp-json\/wp\/v2\/product_tag?post=13556"}],"curies":[{"name":"wp","href":"https:\/\/api.w.org\/{rel}","templated":true}]}}