{"id":13554,"date":"2026-02-27T00:18:23","date_gmt":"2026-02-27T00:18:23","guid":{"rendered":"https:\/\/nordicmart.andreevmaster.com\/product\/songmics-skobank-i-bambu-naturfargad-gra\/"},"modified":"2026-02-27T08:11:31","modified_gmt":"2026-02-27T08:11:31","slug":"songmics-skobank-i-bambu-naturfargad-gra","status":"publish","type":"product","link":"https:\/\/nordicmart.andreevmaster.com\/sv\/produkt\/songmics-skobank-i-bambu-naturfargad-gra\/","title":{"rendered":"SONGMICS skob\u00e4nk i bambu Naturf\u00e4rgad gr\u00e5"},"content":{"rendered":"<p>S\u00e4tt dig! Ta p\u00e5 dig skorna! Ist\u00e4llet f\u00f6r att hoppa runt p\u00e5 ett ben i l\u00e4genheten n\u00e4r du tar p\u00e5 dig skorna \u00e4r det s\u00e4kert bekv\u00e4mare att s\u00e4tta sig p\u00e5 denna vadderade skob\u00e4nk med justerbar hylla och ta p\u00e5 sig sneakersen i lugn och ro. Denna bekv\u00e4ma skob\u00e4nk fr\u00e5n SONGMICS kommer aldrig att svika dig! Bambu g\u00f6r skillnaden Naturligt material? F\u00f6rnybart? Detta \u00e4r bara n\u00e5gra av f\u00f6rdelarna med bambu. Det naturliga materialet \u00e4r dessutom robust och ser stilfullt ut. S\u00e5 du beh\u00f6ver inte v\u00e4lja mellan stil och l\u00e5ng livsl\u00e4ngd! Produktdetaljer:- F\u00e4rg: naturf\u00e4rgad gr\u00e5 &#8211; Material: bambu, skumplaststoppning &#8211; Storlek: 71 x 29 x 49 cm (L x B x H) &#8211; Vikt: 5,2 kg &#8211; Max. statisk belastningskapacitet sittyta: 150 kg &#8211; Max. statisk belastningskapacitet per hyllplan: 20 kg Leveransomfattning:- 1 x skob\u00e4nk &#8211; 1 x bruksanvisning (DE, EN, FR, ES, IT) SONGMICS Anm\u00e4rkningar: &#8211; Anv\u00e4nd inte produkten i fuktiga milj\u00f6er. &#8211; H\u00e5ll produkten borta fr\u00e5n vassa f\u00f6rem\u00e5l och aggressiva kemikalier.<\/p>\n","protected":false},"excerpt":{"rendered":"<p>SONGMICS skob\u00e4nk i bambu, skohylla med 2 hyllplan, b\u00e4nk, f\u00f6r hall, vardagsrum, sits med en belastningskapacitet p\u00e5 upp till 150 kg, 71 x 29 x 49 cm, vitgr\u00e5 LBS604W01<\/p>\n","protected":false},"featured_media":41670,"comment_status":"open","ping_status":"closed","template":"","meta":[],"product_brand":[],"product_cat":[33],"product_tag":[],"class_list":{"0":"post-13554","1":"product","2":"type-product","3":"status-publish","4":"has-post-thumbnail","6":"product_cat-okategoriserad","8":"first","9":"instock","10":"shipping-taxable","11":"purchasable","12":"product-type-simple"},"_links":{"self":[{"href":"https:\/\/nordicmart.andreevmaster.com\/sv\/wp-json\/wp\/v2\/product\/13554","targetHints":{"allow":["GET"]}}],"collection":[{"href":"https:\/\/nordicmart.andreevmaster.com\/sv\/wp-json\/wp\/v2\/product"}],"about":[{"href":"https:\/\/nordicmart.andreevmaster.com\/sv\/wp-json\/wp\/v2\/types\/product"}],"replies":[{"embeddable":true,"href":"https:\/\/nordicmart.andreevmaster.com\/sv\/wp-json\/wp\/v2\/comments?post=13554"}],"wp:featuredmedia":[{"embeddable":true,"href":"https:\/\/nordicmart.andreevmaster.com\/sv\/wp-json\/wp\/v2\/media\/41670"}],"wp:attachment":[{"href":"https:\/\/nordicmart.andreevmaster.com\/sv\/wp-json\/wp\/v2\/media?parent=13554"}],"wp:term":[{"taxonomy":"product_brand","embeddable":true,"href":"https:\/\/nordicmart.andreevmaster.com\/sv\/wp-json\/wp\/v2\/product_brand?post=13554"},{"taxonomy":"product_cat","embeddable":true,"href":"https:\/\/nordicmart.andreevmaster.com\/sv\/wp-json\/wp\/v2\/product_cat?post=13554"},{"taxonomy":"product_tag","embeddable":true,"href":"https:\/\/nordicmart.andreevmaster.com\/sv\/wp-json\/wp\/v2\/product_tag?post=13554"}],"curies":[{"name":"wp","href":"https:\/\/api.w.org\/{rel}","templated":true}]}}