{"id":13552,"date":"2026-02-27T00:18:22","date_gmt":"2026-02-27T00:18:22","guid":{"rendered":"https:\/\/nordicmart.andreevmaster.com\/product\/smal-skohylla-smal-forvaringshylla-for-skor-6-nivaers-skohylla-for-sma-utrymmen-hall-kladkammare-svart\/"},"modified":"2026-02-27T08:11:30","modified_gmt":"2026-02-27T08:11:30","slug":"smal-skohylla-smal-forvaringshylla-for-skor-6-nivaers-skohylla-for-sma-utrymmen-hall-kladkammare-svart","status":"publish","type":"product","link":"https:\/\/nordicmart.andreevmaster.com\/sv\/produkt\/smal-skohylla-smal-forvaringshylla-for-skor-6-nivaers-skohylla-for-sma-utrymmen-hall-kladkammare-svart\/","title":{"rendered":"Smal skohylla, smal f\u00f6rvaringshylla f\u00f6r skor, 6-niv\u00e5ers skohylla, f\u00f6r sm\u00e5 utrymmen, hall, kl\u00e4dkammare, svart"},"content":{"rendered":"<p>[Passar sm\u00e5 utrymmen] Med m\u00e5tten 30 x 26,4 x 110,4 cm utnyttjar denna smala skost\u00e4llning golvytan effektivt, vilket g\u00f6r den idealisk f\u00f6r sm\u00e5 hallar, l\u00e4genheter eller andra tr\u00e5nga utrymmen.[Praktisk f\u00f6rvaring med krokar] H\u00e4ng nycklar och pl\u00e5nb\u00f6cker p\u00e5 krokarna p\u00e5 den smala skohyllan s\u00e5 att du snabbt kan ta dem under morgonrusningen. \u00c4nnu b\u00e4ttre, krokarna kan monteras p\u00e5 v\u00e4nster eller h\u00f6ger sida efter behov. <\/p>\n<p>[Rymmer h\u00f6gre skor] Loafers, sneakers, vandringsskor, st\u00f6vlar&#8230; alla f\u00e5r plats p\u00e5 hyllorna, som har ett mellanrum p\u00e5 17 cm, b\u00e5de l\u00e5nga och korta.[Ger starkt st\u00f6d] Denna h\u00f6ga skost\u00e4llning av sp\u00e5nskiva \u00e4r mycket stabil (max. 10 kg belastning p\u00e5 varje hylla), s\u00e5 du kan enkelt placera tunga kl\u00e4tterskor p\u00e5 den.[Vad du f\u00e5r] 6-v\u00e5ningars smal skost\u00e4llning med bakplattor som \u00f6kar stabiliteten och skyddar v\u00e4ggen fr\u00e5n repor, samt en lutningsskyddsanordning som hj\u00e4lper dig att f\u00e4sta skost\u00e4llningen s\u00e4kert p\u00e5 v\u00e4ggen. Tekniska uppgifter: F\u00e4rg: Svart Material: Sp\u00e5nskiva Produktstorlek: 11,8&#8243; D x 10,4&#8243; B x 43,5&#8243; H (30 x 26 x 110 cm) Svart<br \/>\nMaterial: Material: Sp\u00e5nskiva<br \/>\nProduktens storlek: 11,8 &#8221;D x 10,4 &#8221;B x 43,5 &#8221;H (30 x 26,4 x 110,4 cm).<br \/>\nProduktens vikt: 7,7 kg (17 lb)<br \/>\nMax. Statisk belastning per hylla: 22 lb (10 kg)<br \/>\nMax. Statisk belastning per krok: 11 lb (5 kg)<\/p>\n<p>F\u00f6rpackningens inneh\u00e5ll:<\/p>\n<p>1 x Skost\u00e4ll<br \/>\n1 x Tillbeh\u00f6rsv\u00e4ska<br \/>\n1 x Anti-Tip Kit<br \/>\n1 x Instruktioner<\/p>\n","protected":false},"excerpt":{"rendered":"<p>[Passar sm\u00e5 utrymmen] Med m\u00e5tten 30 x 26,4 x 110,4 cm utnyttjar denna smala skost\u00e4llning golvytan effektivt, vilket g\u00f6r den idealisk f\u00f6r sm\u00e5 hallar, l\u00e4genheter eller andra tr\u00e5nga utrymmen.[Praktisk f\u00f6rvaring med krokar] H\u00e4ng nycklar och pl\u00e5nb\u00f6cker p\u00e5 krokarna p\u00e5 den smala skohyllan s\u00e5 att du snabbt kan ta dem under morgonrusningen. \u00c4nnu b\u00e4ttre, krokarna kan [&hellip;]<\/p>\n","protected":false},"featured_media":0,"comment_status":"open","ping_status":"closed","template":"","meta":[],"product_brand":[],"product_cat":[33],"product_tag":[],"class_list":{"0":"post-13552","1":"product","2":"type-product","3":"status-publish","5":"product_cat-okategoriserad","7":"first","8":"instock","9":"shipping-taxable","10":"product-type-simple"},"_links":{"self":[{"href":"https:\/\/nordicmart.andreevmaster.com\/sv\/wp-json\/wp\/v2\/product\/13552","targetHints":{"allow":["GET"]}}],"collection":[{"href":"https:\/\/nordicmart.andreevmaster.com\/sv\/wp-json\/wp\/v2\/product"}],"about":[{"href":"https:\/\/nordicmart.andreevmaster.com\/sv\/wp-json\/wp\/v2\/types\/product"}],"replies":[{"embeddable":true,"href":"https:\/\/nordicmart.andreevmaster.com\/sv\/wp-json\/wp\/v2\/comments?post=13552"}],"wp:attachment":[{"href":"https:\/\/nordicmart.andreevmaster.com\/sv\/wp-json\/wp\/v2\/media?parent=13552"}],"wp:term":[{"taxonomy":"product_brand","embeddable":true,"href":"https:\/\/nordicmart.andreevmaster.com\/sv\/wp-json\/wp\/v2\/product_brand?post=13552"},{"taxonomy":"product_cat","embeddable":true,"href":"https:\/\/nordicmart.andreevmaster.com\/sv\/wp-json\/wp\/v2\/product_cat?post=13552"},{"taxonomy":"product_tag","embeddable":true,"href":"https:\/\/nordicmart.andreevmaster.com\/sv\/wp-json\/wp\/v2\/product_tag?post=13552"}],"curies":[{"name":"wp","href":"https:\/\/api.w.org\/{rel}","templated":true}]}}