{"id":13550,"date":"2026-02-27T00:18:22","date_gmt":"2026-02-27T00:18:22","guid":{"rendered":"https:\/\/nordicmart.andreevmaster.com\/product\/vasagle-smalt-skostall-med-7-hyllplan-grabeige-melerat\/"},"modified":"2026-02-27T08:11:30","modified_gmt":"2026-02-27T08:11:30","slug":"vasagle-smalt-skostall-med-7-hyllplan-grabeige-melerat","status":"publish","type":"product","link":"https:\/\/nordicmart.andreevmaster.com\/sv\/produkt\/vasagle-smalt-skostall-med-7-hyllplan-grabeige-melerat\/","title":{"rendered":"VASAGLE smalt skost\u00e4ll med 7 hyllplan, gr\u00e5beige melerat"},"content":{"rendered":"<p>VASAGLE skost\u00e4ll, stativ med 6 niv\u00e5er, platsbesparande, f\u00f6r hallen, h\u00f6rn, skof\u00f6rvaring, vit LBS200T14<br \/>\nF\u00e4rg: Greige melerad<br \/>\nMaterial: Sp\u00e5nskiva<br \/>\nStorlek: 30 x 26,4 x 110,4 cm (D x B x H)<br \/>\nVikt: 7,7 kg<br \/>\nMax. statisk belastningskapacitet per hylla: 10 kg<br \/>\nMax. statisk belastningskapacitet per krok: 5 kg<\/p>\n","protected":false},"excerpt":{"rendered":"<p>VASAGLE skost\u00e4ll, stativ med 6 niv\u00e5er, platsbesparande, f\u00f6r hallen, h\u00f6rn, skof\u00f6rvaring, vit LBS200T14<\/p>\n","protected":false},"featured_media":41667,"comment_status":"open","ping_status":"closed","template":"","meta":[],"product_brand":[],"product_cat":[33],"product_tag":[],"class_list":{"0":"post-13550","1":"product","2":"type-product","3":"status-publish","4":"has-post-thumbnail","6":"product_cat-okategoriserad","8":"first","9":"instock","10":"shipping-taxable","11":"purchasable","12":"product-type-simple"},"_links":{"self":[{"href":"https:\/\/nordicmart.andreevmaster.com\/sv\/wp-json\/wp\/v2\/product\/13550","targetHints":{"allow":["GET"]}}],"collection":[{"href":"https:\/\/nordicmart.andreevmaster.com\/sv\/wp-json\/wp\/v2\/product"}],"about":[{"href":"https:\/\/nordicmart.andreevmaster.com\/sv\/wp-json\/wp\/v2\/types\/product"}],"replies":[{"embeddable":true,"href":"https:\/\/nordicmart.andreevmaster.com\/sv\/wp-json\/wp\/v2\/comments?post=13550"}],"wp:featuredmedia":[{"embeddable":true,"href":"https:\/\/nordicmart.andreevmaster.com\/sv\/wp-json\/wp\/v2\/media\/41667"}],"wp:attachment":[{"href":"https:\/\/nordicmart.andreevmaster.com\/sv\/wp-json\/wp\/v2\/media?parent=13550"}],"wp:term":[{"taxonomy":"product_brand","embeddable":true,"href":"https:\/\/nordicmart.andreevmaster.com\/sv\/wp-json\/wp\/v2\/product_brand?post=13550"},{"taxonomy":"product_cat","embeddable":true,"href":"https:\/\/nordicmart.andreevmaster.com\/sv\/wp-json\/wp\/v2\/product_cat?post=13550"},{"taxonomy":"product_tag","embeddable":true,"href":"https:\/\/nordicmart.andreevmaster.com\/sv\/wp-json\/wp\/v2\/product_tag?post=13550"}],"curies":[{"name":"wp","href":"https:\/\/api.w.org\/{rel}","templated":true}]}}