{"id":13549,"date":"2026-02-27T00:18:21","date_gmt":"2026-02-27T00:18:21","guid":{"rendered":"https:\/\/nordicmart.andreevmaster.com\/product\/vasagle-skohylla-med-4-gallerhyllor\/"},"modified":"2026-02-27T08:11:30","modified_gmt":"2026-02-27T08:11:30","slug":"vasagle-skohylla-med-4-gallerhyllor","status":"publish","type":"product","link":"https:\/\/nordicmart.andreevmaster.com\/sv\/produkt\/vasagle-skohylla-med-4-gallerhyllor\/","title":{"rendered":"VASAGLE skohylla med 4 gallerhyllor"},"content":{"rendered":"<p>Produktdetaljer: &#8211; F\u00e4rg: M\u00f6rkbrun\/Vintage  &#8211; Material: Sp\u00e5nskiva, j\u00e4rn &#8211; Storlek: 100 x 30 x 92,5 cm (L x B x H) &#8211; Vikt: 10,6 kg &#8211; Max. statisk belastningskapacitet f\u00f6r ytan: 10 kg &#8211; Max. statisk belastningskapacitet per gallerhylla: 5 kgLeveransomfattning:- 1 x skohylla &#8211; 1 x tillbeh\u00f6rsp\u00e5se &#8211; 1 x bruksanvisning (DE, EN, ES, FR, IT) VASAGLE Anm\u00e4rkningar: &#8211; Placera produkten s\u00e5 att den inte uts\u00e4tts f\u00f6r v\u00e4rmek\u00e4llor, direkt solljus eller fukt. &#8211; Barn f\u00e5r inte kl\u00e4ttra p\u00e5 produkten.<\/p>\n","protected":false},"excerpt":{"rendered":"<p>VASAGLE Skohylla, skof\u00f6rvaring med 4 gallerhyllor och gener\u00f6s yta f\u00f6r v\u00e4skor, f\u00f6r entr\u00e9n, hallen, metall, industridesign, vintage, m\u00f6rkbrun LBS15BX<\/p>\n","protected":false},"featured_media":41666,"comment_status":"open","ping_status":"closed","template":"","meta":[],"product_brand":[],"product_cat":[33],"product_tag":[],"class_list":{"0":"post-13549","1":"product","2":"type-product","3":"status-publish","4":"has-post-thumbnail","6":"product_cat-okategoriserad","8":"first","9":"instock","10":"shipping-taxable","11":"purchasable","12":"product-type-simple"},"_links":{"self":[{"href":"https:\/\/nordicmart.andreevmaster.com\/sv\/wp-json\/wp\/v2\/product\/13549","targetHints":{"allow":["GET"]}}],"collection":[{"href":"https:\/\/nordicmart.andreevmaster.com\/sv\/wp-json\/wp\/v2\/product"}],"about":[{"href":"https:\/\/nordicmart.andreevmaster.com\/sv\/wp-json\/wp\/v2\/types\/product"}],"replies":[{"embeddable":true,"href":"https:\/\/nordicmart.andreevmaster.com\/sv\/wp-json\/wp\/v2\/comments?post=13549"}],"wp:featuredmedia":[{"embeddable":true,"href":"https:\/\/nordicmart.andreevmaster.com\/sv\/wp-json\/wp\/v2\/media\/41666"}],"wp:attachment":[{"href":"https:\/\/nordicmart.andreevmaster.com\/sv\/wp-json\/wp\/v2\/media?parent=13549"}],"wp:term":[{"taxonomy":"product_brand","embeddable":true,"href":"https:\/\/nordicmart.andreevmaster.com\/sv\/wp-json\/wp\/v2\/product_brand?post=13549"},{"taxonomy":"product_cat","embeddable":true,"href":"https:\/\/nordicmart.andreevmaster.com\/sv\/wp-json\/wp\/v2\/product_cat?post=13549"},{"taxonomy":"product_tag","embeddable":true,"href":"https:\/\/nordicmart.andreevmaster.com\/sv\/wp-json\/wp\/v2\/product_tag?post=13549"}],"curies":[{"name":"wp","href":"https:\/\/api.w.org\/{rel}","templated":true}]}}