{"id":13547,"date":"2026-02-27T00:18:21","date_gmt":"2026-02-27T00:18:21","guid":{"rendered":"https:\/\/nordicmart.andreevmaster.com\/product\/songmics-skohylla-i-bambu-vit\/"},"modified":"2026-02-27T08:11:30","modified_gmt":"2026-02-27T08:11:30","slug":"songmics-skohylla-i-bambu-vit","status":"publish","type":"product","link":"https:\/\/nordicmart.andreevmaster.com\/sv\/produkt\/songmics-skohylla-i-bambu-vit\/","title":{"rendered":"SONGMICS skohylla i bambu, vit"},"content":{"rendered":"<p>Den robusta f\u00f6rvaringshyllan \u00e4r tillverkad av f\u00f6rnybar, milj\u00f6v\u00e4nlig bambu och har m\u00e5nga olika anv\u00e4ndningsomr\u00e5den. Tack vare den moderna designen passar den in i olika inredningsstilar. Hyllan \u00e4r tillverkad av robusta bambubitar som ger god stabilitet \u00e4ven vid h\u00f6g belastning. P\u00e5 s\u00e5 s\u00e4tt kan den uppfylla dina f\u00f6rvaringsbehov. I hallen kan det anv\u00e4ndas f\u00f6r f\u00f6rvaring av skor. I badrummet kan du st\u00e4lla dina duschartiklar p\u00e5 det. Du kan ocks\u00e5 anv\u00e4nda det i arbetsrummet f\u00f6r f\u00f6rvaring av dina b\u00f6cker. Du har s\u00e4kert \u00e4nnu fler id\u00e9er! Produktdetaljer: M\u00e5tt: 70 x 55 x 26 cm (B x H x D) F\u00f6rpackningsm\u00e5tt: 69 x 31 x 11 cm F\u00e4rg: vit Material: bambu Belastningskapacitet per niv\u00e5: 10 kg Total belastningskapacitet: 30 kg Vikt: 3,4 kg Leveransomfattning: 1 x skohylla 1 x beslagsp\u00e5se 1 x instruktioner (DE, EN, FR, ES, IT)<\/p>\n","protected":false},"excerpt":{"rendered":"<p>SONGMICS Skost\u00e4ll i bambu Skost\u00e4ll 3-niv\u00e5er Badrumshylla, f\u00f6rvaringshylla Skohylla Stativhylla Vit 70 x 55 x 26 cm perfekt f\u00f6r hall, badrum, vardagsrum, entr\u00e9 LBS13W<\/p>\n","protected":false},"featured_media":41664,"comment_status":"open","ping_status":"closed","template":"","meta":[],"product_brand":[],"product_cat":[33],"product_tag":[],"class_list":{"0":"post-13547","1":"product","2":"type-product","3":"status-publish","4":"has-post-thumbnail","6":"product_cat-okategoriserad","8":"first","9":"instock","10":"shipping-taxable","11":"purchasable","12":"product-type-simple"},"_links":{"self":[{"href":"https:\/\/nordicmart.andreevmaster.com\/sv\/wp-json\/wp\/v2\/product\/13547","targetHints":{"allow":["GET"]}}],"collection":[{"href":"https:\/\/nordicmart.andreevmaster.com\/sv\/wp-json\/wp\/v2\/product"}],"about":[{"href":"https:\/\/nordicmart.andreevmaster.com\/sv\/wp-json\/wp\/v2\/types\/product"}],"replies":[{"embeddable":true,"href":"https:\/\/nordicmart.andreevmaster.com\/sv\/wp-json\/wp\/v2\/comments?post=13547"}],"wp:featuredmedia":[{"embeddable":true,"href":"https:\/\/nordicmart.andreevmaster.com\/sv\/wp-json\/wp\/v2\/media\/41664"}],"wp:attachment":[{"href":"https:\/\/nordicmart.andreevmaster.com\/sv\/wp-json\/wp\/v2\/media?parent=13547"}],"wp:term":[{"taxonomy":"product_brand","embeddable":true,"href":"https:\/\/nordicmart.andreevmaster.com\/sv\/wp-json\/wp\/v2\/product_brand?post=13547"},{"taxonomy":"product_cat","embeddable":true,"href":"https:\/\/nordicmart.andreevmaster.com\/sv\/wp-json\/wp\/v2\/product_cat?post=13547"},{"taxonomy":"product_tag","embeddable":true,"href":"https:\/\/nordicmart.andreevmaster.com\/sv\/wp-json\/wp\/v2\/product_tag?post=13547"}],"curies":[{"name":"wp","href":"https:\/\/api.w.org\/{rel}","templated":true}]}}