{"id":13546,"date":"2026-02-27T00:18:21","date_gmt":"2026-02-27T00:18:21","guid":{"rendered":"https:\/\/nordicmart.andreevmaster.com\/product\/5-nivaers-smal-skostall-skap-hallskap-med-4-tyghyllor-och-ovre-del-for-vaskor-skostall-stalram-industriell-lantlig-brun-och\/"},"modified":"2026-02-27T08:11:30","modified_gmt":"2026-02-27T08:11:30","slug":"5-nivaers-smal-skostall-skap-hallskap-med-4-tyghyllor-och-ovre-del-for-vaskor-skostall-stalram-industriell-lantlig-brun-och","status":"publish","type":"product","link":"https:\/\/nordicmart.andreevmaster.com\/sv\/produkt\/5-nivaers-smal-skostall-skap-hallskap-med-4-tyghyllor-och-ovre-del-for-vaskor-skostall-stalram-industriell-lantlig-brun-och\/","title":{"rendered":"5-niv\u00e5ers smal skost\u00e4ll sk\u00e5p hallsk\u00e5p med 4 tyghyllor och \u00f6vre del f\u00f6r v\u00e4skor, skost\u00e4ll, st\u00e5lram, industriell, lantlig brun och"},"content":{"rendered":"","protected":false},"excerpt":{"rendered":"","protected":false},"featured_media":0,"comment_status":"open","ping_status":"closed","template":"","meta":[],"product_brand":[],"product_cat":[33],"product_tag":[],"class_list":{"0":"post-13546","1":"product","2":"type-product","3":"status-publish","5":"product_cat-okategoriserad","7":"first","8":"instock","9":"shipping-taxable","10":"product-type-simple"},"_links":{"self":[{"href":"https:\/\/nordicmart.andreevmaster.com\/sv\/wp-json\/wp\/v2\/product\/13546","targetHints":{"allow":["GET"]}}],"collection":[{"href":"https:\/\/nordicmart.andreevmaster.com\/sv\/wp-json\/wp\/v2\/product"}],"about":[{"href":"https:\/\/nordicmart.andreevmaster.com\/sv\/wp-json\/wp\/v2\/types\/product"}],"replies":[{"embeddable":true,"href":"https:\/\/nordicmart.andreevmaster.com\/sv\/wp-json\/wp\/v2\/comments?post=13546"}],"wp:attachment":[{"href":"https:\/\/nordicmart.andreevmaster.com\/sv\/wp-json\/wp\/v2\/media?parent=13546"}],"wp:term":[{"taxonomy":"product_brand","embeddable":true,"href":"https:\/\/nordicmart.andreevmaster.com\/sv\/wp-json\/wp\/v2\/product_brand?post=13546"},{"taxonomy":"product_cat","embeddable":true,"href":"https:\/\/nordicmart.andreevmaster.com\/sv\/wp-json\/wp\/v2\/product_cat?post=13546"},{"taxonomy":"product_tag","embeddable":true,"href":"https:\/\/nordicmart.andreevmaster.com\/sv\/wp-json\/wp\/v2\/product_tag?post=13546"}],"curies":[{"name":"wp","href":"https:\/\/api.w.org\/{rel}","templated":true}]}}