{"id":13544,"date":"2026-02-27T00:18:20","date_gmt":"2026-02-27T00:18:20","guid":{"rendered":"https:\/\/nordicmart.andreevmaster.com\/product\/vasagle-skobank-med-2-gallerhyllor-30-x-100-x-45-cm-grabeige-svart\/"},"modified":"2026-02-27T08:11:29","modified_gmt":"2026-02-27T08:11:29","slug":"vasagle-skobank-med-2-gallerhyllor-30-x-100-x-45-cm-grabeige-svart","status":"publish","type":"product","link":"https:\/\/nordicmart.andreevmaster.com\/sv\/produkt\/vasagle-skobank-med-2-gallerhyllor-30-x-100-x-45-cm-grabeige-svart\/","title":{"rendered":"VASAGLE skob\u00e4nk med 2 gallerhyllor 30 x 100 x 45 cm gr\u00e5beige-svart"},"content":{"rendered":"<p>VASAGLE skob\u00e4nk, skost\u00e4ll med 2 hyllor, skoorganiserare, 100 x 30 x 45 cm, f\u00f6r hall, korridor, vardagsrum, metallstativ, industriell design, vintagebrun-svart LBS078B01<br \/>\nF\u00e4rg: Greige-svart<br \/>\nMaterial: sp\u00e5nskiva, st\u00e5l<br \/>\nStorlek: 30 x 100 x 45 cm (D x B x H)<br \/>\nVikt: 10,3 kg<br \/>\nMax. statisk belastningskapacitet f\u00f6r ytan: 90 kg<br \/>\nMax. statisk belastningskapacitet per gallerhylla: 5 kg<\/p>\n","protected":false},"excerpt":{"rendered":"<p>VASAGLE skob\u00e4nk, skost\u00e4ll med 2 hyllor, skoorganiserare, 100 x 30 x 45 cm, f\u00f6r hall, korridor, vardagsrum, metallstativ, industriell design, vintagebrun-svart LBS078B01<\/p>\n","protected":false},"featured_media":0,"comment_status":"open","ping_status":"closed","template":"","meta":[],"product_brand":[],"product_cat":[33],"product_tag":[],"class_list":{"0":"post-13544","1":"product","2":"type-product","3":"status-publish","5":"product_cat-okategoriserad","7":"first","8":"instock","9":"shipping-taxable","10":"purchasable","11":"product-type-simple"},"_links":{"self":[{"href":"https:\/\/nordicmart.andreevmaster.com\/sv\/wp-json\/wp\/v2\/product\/13544","targetHints":{"allow":["GET"]}}],"collection":[{"href":"https:\/\/nordicmart.andreevmaster.com\/sv\/wp-json\/wp\/v2\/product"}],"about":[{"href":"https:\/\/nordicmart.andreevmaster.com\/sv\/wp-json\/wp\/v2\/types\/product"}],"replies":[{"embeddable":true,"href":"https:\/\/nordicmart.andreevmaster.com\/sv\/wp-json\/wp\/v2\/comments?post=13544"}],"wp:attachment":[{"href":"https:\/\/nordicmart.andreevmaster.com\/sv\/wp-json\/wp\/v2\/media?parent=13544"}],"wp:term":[{"taxonomy":"product_brand","embeddable":true,"href":"https:\/\/nordicmart.andreevmaster.com\/sv\/wp-json\/wp\/v2\/product_brand?post=13544"},{"taxonomy":"product_cat","embeddable":true,"href":"https:\/\/nordicmart.andreevmaster.com\/sv\/wp-json\/wp\/v2\/product_cat?post=13544"},{"taxonomy":"product_tag","embeddable":true,"href":"https:\/\/nordicmart.andreevmaster.com\/sv\/wp-json\/wp\/v2\/product_tag?post=13544"}],"curies":[{"name":"wp","href":"https:\/\/api.w.org\/{rel}","templated":true}]}}