{"id":13542,"date":"2026-02-27T00:18:20","date_gmt":"2026-02-27T00:18:20","guid":{"rendered":"https:\/\/nordicmart.andreevmaster.com\/product\/vasagle-entre-skobank\/"},"modified":"2026-02-27T08:11:29","modified_gmt":"2026-02-27T08:11:29","slug":"vasagle-entre-skobank","status":"publish","type":"product","link":"https:\/\/nordicmart.andreevmaster.com\/sv\/produkt\/vasagle-entre-skobank\/","title":{"rendered":"VASAGLE Entr\u00e9 Skob\u00e4nk"},"content":{"rendered":"<p>Produktdetaljer: &#8211; F\u00e4rg: Greige-svart  &#8211; Material: Sp\u00e5nskiva, st\u00e5l &#8211; Storlek: 80 x 30 x 44,5 cm (L x B x H) &#8211; Vikt: 5,9 kg &#8211; Max. statisk belastningskapacitet f\u00f6r ytan: 90 kg &#8211; Max. statisk belastningskapacitet per gallerhylla: 5 kgLeveransomfattning:- 1 x skob\u00e4nk &#8211; 1 x tillbeh\u00f6rspaket &#8211; 1 x bruksanvisning (DE, EN, ES, FR, IT) VASAGLE Anm\u00e4rkningar: &#8211; Placera produkten s\u00e5 att den inte uts\u00e4tts f\u00f6r v\u00e4rmek\u00e4llor, direkt solljus eller fukt. &#8211; Barn f\u00e5r inte kl\u00e4ttra p\u00e5 produkten.<\/p>\n","protected":false},"excerpt":{"rendered":"<p>VASAGLE Skob\u00e4nk med 2 gallerhyllor, skohylla med sittplats, 80 x 30 x 44,5 cm, skohylla f\u00f6r hallen, industriell design, greige-svart LBS074B02<\/p>\n","protected":false},"featured_media":41662,"comment_status":"open","ping_status":"closed","template":"","meta":[],"product_brand":[],"product_cat":[33],"product_tag":[],"class_list":{"0":"post-13542","1":"product","2":"type-product","3":"status-publish","4":"has-post-thumbnail","6":"product_cat-okategoriserad","8":"first","9":"instock","10":"shipping-taxable","11":"purchasable","12":"product-type-simple"},"_links":{"self":[{"href":"https:\/\/nordicmart.andreevmaster.com\/sv\/wp-json\/wp\/v2\/product\/13542","targetHints":{"allow":["GET"]}}],"collection":[{"href":"https:\/\/nordicmart.andreevmaster.com\/sv\/wp-json\/wp\/v2\/product"}],"about":[{"href":"https:\/\/nordicmart.andreevmaster.com\/sv\/wp-json\/wp\/v2\/types\/product"}],"replies":[{"embeddable":true,"href":"https:\/\/nordicmart.andreevmaster.com\/sv\/wp-json\/wp\/v2\/comments?post=13542"}],"wp:featuredmedia":[{"embeddable":true,"href":"https:\/\/nordicmart.andreevmaster.com\/sv\/wp-json\/wp\/v2\/media\/41662"}],"wp:attachment":[{"href":"https:\/\/nordicmart.andreevmaster.com\/sv\/wp-json\/wp\/v2\/media?parent=13542"}],"wp:term":[{"taxonomy":"product_brand","embeddable":true,"href":"https:\/\/nordicmart.andreevmaster.com\/sv\/wp-json\/wp\/v2\/product_brand?post=13542"},{"taxonomy":"product_cat","embeddable":true,"href":"https:\/\/nordicmart.andreevmaster.com\/sv\/wp-json\/wp\/v2\/product_cat?post=13542"},{"taxonomy":"product_tag","embeddable":true,"href":"https:\/\/nordicmart.andreevmaster.com\/sv\/wp-json\/wp\/v2\/product_tag?post=13542"}],"curies":[{"name":"wp","href":"https:\/\/api.w.org\/{rel}","templated":true}]}}