{"id":13541,"date":"2026-02-27T00:18:19","date_gmt":"2026-02-27T00:18:19","guid":{"rendered":"https:\/\/nordicmart.andreevmaster.com\/product\/vasagle-skobank-med-2-gallerhyllor-i-eikbeige-klassiskt-vitt\/"},"modified":"2026-02-27T08:11:29","modified_gmt":"2026-02-27T08:11:29","slug":"vasagle-skobank-med-2-gallerhyllor-i-eikbeige-klassiskt-vitt","status":"publish","type":"product","link":"https:\/\/nordicmart.andreevmaster.com\/sv\/produkt\/vasagle-skobank-med-2-gallerhyllor-i-eikbeige-klassiskt-vitt\/","title":{"rendered":"VASAGLE skob\u00e4nk med 2 gallerhyllor i eikbeige-klassiskt vitt"},"content":{"rendered":"<p>VASAGLE Unna dig sj\u00e4lv och din entr\u00e9 n\u00e5got vackert med denna skob\u00e4nk i industriell design fr\u00e5n . 2 n\u00e4tfack f\u00f6r 6\u20138 par skor och ett rustikt fack f\u00f6r v\u00e4skor, pl\u00e5nb\u00f6cker och nycklar.<br \/>\nF\u00e4rg: Eikbeige-klassiskt vitt<br \/>\nMaterial: sp\u00e5nskiva, st\u00e5l<br \/>\nStorlek: 30 x 73 x 45 cm (D x B x H)<br \/>\nVikt: 6,8 kg<br \/>\nMax. statisk belastningskapacitet f\u00f6r ytan: 90 kg<br \/>\nMax. statisk belastningskapacitet per gallerhylla: 5 kg<\/p>\n","protected":false},"excerpt":{"rendered":"<p>VASAGLE Unna dig sj\u00e4lv och din entr\u00e9 n\u00e5got vackert med denna skob\u00e4nk i industriell design fr\u00e5n . 2 n\u00e4tfack f\u00f6r 6\u20138 par skor och ett rustikt fack f\u00f6r v\u00e4skor, pl\u00e5nb\u00f6cker och nycklar.<\/p>\n","protected":false},"featured_media":46608,"comment_status":"open","ping_status":"closed","template":"","meta":[],"product_brand":[],"product_cat":[33],"product_tag":[],"class_list":{"0":"post-13541","1":"product","2":"type-product","3":"status-publish","4":"has-post-thumbnail","6":"product_cat-okategoriserad","8":"first","9":"instock","10":"shipping-taxable","11":"purchasable","12":"product-type-simple"},"_links":{"self":[{"href":"https:\/\/nordicmart.andreevmaster.com\/sv\/wp-json\/wp\/v2\/product\/13541","targetHints":{"allow":["GET"]}}],"collection":[{"href":"https:\/\/nordicmart.andreevmaster.com\/sv\/wp-json\/wp\/v2\/product"}],"about":[{"href":"https:\/\/nordicmart.andreevmaster.com\/sv\/wp-json\/wp\/v2\/types\/product"}],"replies":[{"embeddable":true,"href":"https:\/\/nordicmart.andreevmaster.com\/sv\/wp-json\/wp\/v2\/comments?post=13541"}],"wp:featuredmedia":[{"embeddable":true,"href":"https:\/\/nordicmart.andreevmaster.com\/sv\/wp-json\/wp\/v2\/media\/46608"}],"wp:attachment":[{"href":"https:\/\/nordicmart.andreevmaster.com\/sv\/wp-json\/wp\/v2\/media?parent=13541"}],"wp:term":[{"taxonomy":"product_brand","embeddable":true,"href":"https:\/\/nordicmart.andreevmaster.com\/sv\/wp-json\/wp\/v2\/product_brand?post=13541"},{"taxonomy":"product_cat","embeddable":true,"href":"https:\/\/nordicmart.andreevmaster.com\/sv\/wp-json\/wp\/v2\/product_cat?post=13541"},{"taxonomy":"product_tag","embeddable":true,"href":"https:\/\/nordicmart.andreevmaster.com\/sv\/wp-json\/wp\/v2\/product_tag?post=13541"}],"curies":[{"name":"wp","href":"https:\/\/api.w.org\/{rel}","templated":true}]}}