{"id":13540,"date":"2026-02-27T00:18:19","date_gmt":"2026-02-27T00:18:19","guid":{"rendered":"https:\/\/nordicmart.andreevmaster.com\/product\/vasagle-metallisk-skostallning-med-2-hyllor-och-bank\/"},"modified":"2026-02-27T08:11:29","modified_gmt":"2026-02-27T08:11:29","slug":"vasagle-metallisk-skostallning-med-2-hyllor-och-bank","status":"publish","type":"product","link":"https:\/\/nordicmart.andreevmaster.com\/sv\/produkt\/vasagle-metallisk-skostallning-med-2-hyllor-och-bank\/","title":{"rendered":"Vasagle metallisk skost\u00e4llning med 2 hyllor och b\u00e4nk"},"content":{"rendered":"<p>Typ:Hyllst\u00e4llMaterial:Tr\u00e4Material:MetallF\u00e4rg:GulF\u00e4rg:Brun, svartM\u00e5tt:73x30x45 cmMaterial:Tr\u00e4, st\u00e5lPlacering:I hallen<\/p>\n","protected":false},"excerpt":{"rendered":"<p>Typ:Hyllst\u00e4llMaterial:Tr\u00e4Material:MetallF\u00e4rg:GulF\u00e4rg:Brun, svartM\u00e5tt:73x30x45 cmMaterial:Tr\u00e4, st\u00e5lPlacering:I hallen<\/p>\n","protected":false},"featured_media":0,"comment_status":"open","ping_status":"closed","template":"","meta":[],"product_brand":[],"product_cat":[33],"product_tag":[],"class_list":{"0":"post-13540","1":"product","2":"type-product","3":"status-publish","5":"product_cat-okategoriserad","7":"first","8":"instock","9":"shipping-taxable","10":"product-type-simple"},"_links":{"self":[{"href":"https:\/\/nordicmart.andreevmaster.com\/sv\/wp-json\/wp\/v2\/product\/13540","targetHints":{"allow":["GET"]}}],"collection":[{"href":"https:\/\/nordicmart.andreevmaster.com\/sv\/wp-json\/wp\/v2\/product"}],"about":[{"href":"https:\/\/nordicmart.andreevmaster.com\/sv\/wp-json\/wp\/v2\/types\/product"}],"replies":[{"embeddable":true,"href":"https:\/\/nordicmart.andreevmaster.com\/sv\/wp-json\/wp\/v2\/comments?post=13540"}],"wp:attachment":[{"href":"https:\/\/nordicmart.andreevmaster.com\/sv\/wp-json\/wp\/v2\/media?parent=13540"}],"wp:term":[{"taxonomy":"product_brand","embeddable":true,"href":"https:\/\/nordicmart.andreevmaster.com\/sv\/wp-json\/wp\/v2\/product_brand?post=13540"},{"taxonomy":"product_cat","embeddable":true,"href":"https:\/\/nordicmart.andreevmaster.com\/sv\/wp-json\/wp\/v2\/product_cat?post=13540"},{"taxonomy":"product_tag","embeddable":true,"href":"https:\/\/nordicmart.andreevmaster.com\/sv\/wp-json\/wp\/v2\/product_tag?post=13540"}],"curies":[{"name":"wp","href":"https:\/\/api.w.org\/{rel}","templated":true}]}}