{"id":13537,"date":"2026-02-27T00:18:19","date_gmt":"2026-02-27T00:18:19","guid":{"rendered":"https:\/\/nordicmart.andreevmaster.com\/product\/songmics-skohylla-i-bambu\/"},"modified":"2026-02-27T08:11:28","modified_gmt":"2026-02-27T08:11:28","slug":"songmics-skohylla-i-bambu","status":"publish","type":"product","link":"https:\/\/nordicmart.andreevmaster.com\/sv\/produkt\/songmics-skohylla-i-bambu\/","title":{"rendered":"SONGMICS skohylla i bambu"},"content":{"rendered":"<p> Ett m\u00f6bel med tv\u00e5 sidor Skob\u00e4nk: Placera fyra par skor p\u00e5 de tv\u00e5 nedre hyllorna i detta skost\u00e4ll och s\u00e4tt dig bekv\u00e4mt p\u00e5 b\u00e4nken n\u00e4r du vill ta p\u00e5 dig ett av dessa par. F\u00f6rvaringshylla: Anv\u00e4nd denna m\u00f6bel \u00e4ven f\u00f6r f\u00f6rvaring av l\u00e5dor, korgar, filtar, handdukar eller b\u00f6cker och placera g\u00e4rna n\u00e5gra gr\u00f6na v\u00e4xter p\u00e5 den \u00f6vre hyllan. Vill du anv\u00e4nda denna m\u00e5ngsidiga m\u00f6bel i sovrummet, vardagsrummet, badrummet eller hallen? Produktdetaljer: &#8211; F\u00e4rg: naturf\u00e4rger &#8211; Material: bambu &#8211; M\u00e5tt: 70 x 45 x 28 cm (B x H x D) &#8211; Vikt: 4,26 kg  Leveransomfattning: &#8211; 1 x skohylla &#8211; 1 x tillbeh\u00f6rsset &#8211; 1 x bruksanvisning (DE, EN, IT, ES, FR)SONGMICS Anm\u00e4rkningar:  &#8211; Torka bort vattenst\u00e4nk omedelbart. &#8211; Skydda denna hylla fr\u00e5n regn och intensivt solljus. <\/p>\n","protected":false},"excerpt":{"rendered":"<p>SONGMICS skost\u00e4ll, skob\u00e4nk av bambu, med sittb\u00e4nk och 3 hyllor, 70 x 28 x 45 cm, hall, badrum, vardagsrum LBS04N<\/p>\n","protected":false},"featured_media":41660,"comment_status":"open","ping_status":"closed","template":"","meta":[],"product_brand":[],"product_cat":[33],"product_tag":[],"class_list":{"0":"post-13537","1":"product","2":"type-product","3":"status-publish","4":"has-post-thumbnail","6":"product_cat-okategoriserad","8":"first","9":"instock","10":"shipping-taxable","11":"purchasable","12":"product-type-simple"},"_links":{"self":[{"href":"https:\/\/nordicmart.andreevmaster.com\/sv\/wp-json\/wp\/v2\/product\/13537","targetHints":{"allow":["GET"]}}],"collection":[{"href":"https:\/\/nordicmart.andreevmaster.com\/sv\/wp-json\/wp\/v2\/product"}],"about":[{"href":"https:\/\/nordicmart.andreevmaster.com\/sv\/wp-json\/wp\/v2\/types\/product"}],"replies":[{"embeddable":true,"href":"https:\/\/nordicmart.andreevmaster.com\/sv\/wp-json\/wp\/v2\/comments?post=13537"}],"wp:featuredmedia":[{"embeddable":true,"href":"https:\/\/nordicmart.andreevmaster.com\/sv\/wp-json\/wp\/v2\/media\/41660"}],"wp:attachment":[{"href":"https:\/\/nordicmart.andreevmaster.com\/sv\/wp-json\/wp\/v2\/media?parent=13537"}],"wp:term":[{"taxonomy":"product_brand","embeddable":true,"href":"https:\/\/nordicmart.andreevmaster.com\/sv\/wp-json\/wp\/v2\/product_brand?post=13537"},{"taxonomy":"product_cat","embeddable":true,"href":"https:\/\/nordicmart.andreevmaster.com\/sv\/wp-json\/wp\/v2\/product_cat?post=13537"},{"taxonomy":"product_tag","embeddable":true,"href":"https:\/\/nordicmart.andreevmaster.com\/sv\/wp-json\/wp\/v2\/product_tag?post=13537"}],"curies":[{"name":"wp","href":"https:\/\/api.w.org\/{rel}","templated":true}]}}