{"id":13536,"date":"2026-02-27T00:18:18","date_gmt":"2026-02-27T00:18:18","guid":{"rendered":"https:\/\/nordicmart.andreevmaster.com\/product\/songmics-skobank-i-bambu-vit\/"},"modified":"2026-02-27T08:11:28","modified_gmt":"2026-02-27T08:11:28","slug":"songmics-skobank-i-bambu-vit","status":"publish","type":"product","link":"https:\/\/nordicmart.andreevmaster.com\/sv\/produkt\/songmics-skobank-i-bambu-vit\/","title":{"rendered":"SONGMICS skob\u00e4nk i bambu, vit"},"content":{"rendered":"<p>Bambuhyllan fr\u00e5n Songmics \u00e4r en kombination av skohylla och sittb\u00e4nk, vilket  kan passa dina olika anv\u00e4ndningsomr\u00e5den.  Den stabila och robusta hyllan \u00e4r tillverkad av h\u00f6gkvalitativ bambu. Bambu \u00e4r en snabbt  f\u00f6rnybar r\u00e5vara och d\u00e4rmed ett milj\u00f6v\u00e4nligt alternativ. Det \u00e4r ett bra val f\u00f6r milj\u00f6medvetna personer med sinne f\u00f6r elegans.  Bambubrickorna \u00e4r sl\u00e4tbearbetade. De rundade kanterna skadar varken dina kl\u00e4der eller din kropp. J\u00e4mf\u00f6rt med andra erbjudanden \u00e4r hyllorna i detta rack tillverkade av en hel bambubricka med sp\u00e5r, vilket m\u00f6jligg\u00f6r h\u00f6gre belastningskapacitet och ser mycket vackert och modernt ut. Med detta vackra rack skapar du mysig komfort.  Tips f\u00f6r montering\uff1a 1. Montera f\u00f6rst hyllbena med de korta skruvarna och sexkantskruvarna.  2. S\u00e4tt in skruvbolten i h\u00e5len och skruva in de l\u00e5nga skruvarna  fr\u00e5n utsidan av hyllbenen in\u00e5t. Vid montering, l\u00e5t benen vara med h\u00e5len ut\u00e5t.  3. Vid montering av hyllorna rekommenderar vi att du f\u00f6rst f\u00e4ster hyllorna diagonalt med skruvar, d\u00e5 blir det enklare att forts\u00e4tta montera med de \u00e5terst\u00e5ende skruvarna.  Anvisningar:  1. I badrummet ska vattnet torkas bort i tid och skohyllan ska  h\u00e5llas torr.  2. Hyllan ska skyddas mot regn och starkt solljus. Produktdetaljer: &#8211; M\u00e5tt: 70 x 45 x 28 cm (B x H x D) &#8211; Material: bambu &#8211; F\u00e4rg: vit &#8211; F\u00f6rpackningsm\u00e5tt: 72 x 5 x 31 cm (B x H x D) &#8211; Enkelvikt: 4,26 kg  Leveransomfattning: &#8211; 1 x skohylla &#8211; 1 x bruksanvisning &#8211; 1 x tillbeh\u00f6rssats <\/p>\n","protected":false},"excerpt":{"rendered":"<p>SONGMICS skost\u00e4ll, skob\u00e4nk av bambu, med sittb\u00e4nk och 3 hyllor, 70 x 28 x 45 cm, hall, badrum, vardagsrum LBS04N<\/p>\n","protected":false},"featured_media":41659,"comment_status":"open","ping_status":"closed","template":"","meta":[],"product_brand":[],"product_cat":[33],"product_tag":[],"class_list":{"0":"post-13536","1":"product","2":"type-product","3":"status-publish","4":"has-post-thumbnail","6":"product_cat-okategoriserad","8":"first","9":"instock","10":"shipping-taxable","11":"purchasable","12":"product-type-simple"},"_links":{"self":[{"href":"https:\/\/nordicmart.andreevmaster.com\/sv\/wp-json\/wp\/v2\/product\/13536","targetHints":{"allow":["GET"]}}],"collection":[{"href":"https:\/\/nordicmart.andreevmaster.com\/sv\/wp-json\/wp\/v2\/product"}],"about":[{"href":"https:\/\/nordicmart.andreevmaster.com\/sv\/wp-json\/wp\/v2\/types\/product"}],"replies":[{"embeddable":true,"href":"https:\/\/nordicmart.andreevmaster.com\/sv\/wp-json\/wp\/v2\/comments?post=13536"}],"wp:featuredmedia":[{"embeddable":true,"href":"https:\/\/nordicmart.andreevmaster.com\/sv\/wp-json\/wp\/v2\/media\/41659"}],"wp:attachment":[{"href":"https:\/\/nordicmart.andreevmaster.com\/sv\/wp-json\/wp\/v2\/media?parent=13536"}],"wp:term":[{"taxonomy":"product_brand","embeddable":true,"href":"https:\/\/nordicmart.andreevmaster.com\/sv\/wp-json\/wp\/v2\/product_brand?post=13536"},{"taxonomy":"product_cat","embeddable":true,"href":"https:\/\/nordicmart.andreevmaster.com\/sv\/wp-json\/wp\/v2\/product_cat?post=13536"},{"taxonomy":"product_tag","embeddable":true,"href":"https:\/\/nordicmart.andreevmaster.com\/sv\/wp-json\/wp\/v2\/product_tag?post=13536"}],"curies":[{"name":"wp","href":"https:\/\/api.w.org\/{rel}","templated":true}]}}