{"id":13533,"date":"2026-02-27T00:18:17","date_gmt":"2026-02-27T00:18:17","guid":{"rendered":"https:\/\/nordicmart.andreevmaster.com\/product\/skorstall-i-bambu-rostfritt-stal\/"},"modified":"2026-02-27T08:11:27","modified_gmt":"2026-02-27T08:11:27","slug":"skorstall-i-bambu-rostfritt-stal","status":"publish","type":"product","link":"https:\/\/nordicmart.andreevmaster.com\/sv\/produkt\/skorstall-i-bambu-rostfritt-stal\/","title":{"rendered":"Skorst\u00e4ll i bambu\/rostfritt st\u00e5l"},"content":{"rendered":"<p>Songmics skost\u00e4ll kombinerar ett modernt utseende med praktiska egenskaper. Tack vare de sm\u00e5 dimensionerna \u00e4r det l\u00e4tt att flytta. Hyllan kan anv\u00e4ndas p\u00e5 m\u00e5nga olika s\u00e4tt: I hallen kan den anv\u00e4ndas som skoreol f\u00f6r f\u00f6rvaring av skor; i vardagsrummet \u00e4r den en perfekt hylla f\u00f6r f\u00f6rvaring av kl\u00e4der; p\u00e5 kontoret kan du placera mappar p\u00e5 den. H\u00e4r \u00e4r n\u00e5gra fler id\u00e9er. Rena, polerade kanter skyddar dig och din familj mot skador. Songmics-produkterna g\u00f6r alltid ditt liv enklare och bekv\u00e4mare. Produktdetaljer: &#8211; F\u00e4rg: naturf\u00e4rg (sidopanel), rostfritt st\u00e5l (r\u00f6r i rostfritt st\u00e5l) &#8211; Material: bambu, r\u00f6r i rostfritt st\u00e5l &#8211; Belastningskapacitet p\u00e5 varje niv\u00e5: 6 kg &#8211; Total belastningskapacitet: 18 kg &#8211; M\u00e5tt: 80 x 50 x 30 cm (B x H x D) &#8211; Vikt: 2,8 kg Leveransomfattning: &#8211; 1 x skost\u00e4ll &#8211; 1 x verktygsp\u00e5se &#8211; 1 x bruksanvisning (DE, EN, FR, ES, IT) Anm\u00e4rkningar: &#8211; Torka av produkten regelbundet med en torr trasa. &#8211; F\u00f6rvara produkten i en torr milj\u00f6 och skydda den mot direkt solljus eller regnvatten.<\/p>\n","protected":false},"excerpt":{"rendered":"<p>Songmics skost\u00e4ll kombinerar ett modernt utseende med praktiska egenskaper. Tack vare de sm\u00e5 dimensionerna \u00e4r det l\u00e4tt att flytta. Hyllan kan anv\u00e4ndas p\u00e5 m\u00e5nga olika s\u00e4tt: I hallen kan den anv\u00e4ndas som skoreol f\u00f6r f\u00f6rvaring av skor; i vardagsrummet \u00e4r den en perfekt hylla f\u00f6r f\u00f6rvaring av kl\u00e4der; p\u00e5 kontoret kan du placera mappar p\u00e5 [&hellip;]<\/p>\n","protected":false},"featured_media":0,"comment_status":"open","ping_status":"closed","template":"","meta":[],"product_brand":[],"product_cat":[33],"product_tag":[],"class_list":{"0":"post-13533","1":"product","2":"type-product","3":"status-publish","5":"product_cat-okategoriserad","7":"first","8":"instock","9":"shipping-taxable","10":"purchasable","11":"product-type-simple"},"_links":{"self":[{"href":"https:\/\/nordicmart.andreevmaster.com\/sv\/wp-json\/wp\/v2\/product\/13533","targetHints":{"allow":["GET"]}}],"collection":[{"href":"https:\/\/nordicmart.andreevmaster.com\/sv\/wp-json\/wp\/v2\/product"}],"about":[{"href":"https:\/\/nordicmart.andreevmaster.com\/sv\/wp-json\/wp\/v2\/types\/product"}],"replies":[{"embeddable":true,"href":"https:\/\/nordicmart.andreevmaster.com\/sv\/wp-json\/wp\/v2\/comments?post=13533"}],"wp:attachment":[{"href":"https:\/\/nordicmart.andreevmaster.com\/sv\/wp-json\/wp\/v2\/media?parent=13533"}],"wp:term":[{"taxonomy":"product_brand","embeddable":true,"href":"https:\/\/nordicmart.andreevmaster.com\/sv\/wp-json\/wp\/v2\/product_brand?post=13533"},{"taxonomy":"product_cat","embeddable":true,"href":"https:\/\/nordicmart.andreevmaster.com\/sv\/wp-json\/wp\/v2\/product_cat?post=13533"},{"taxonomy":"product_tag","embeddable":true,"href":"https:\/\/nordicmart.andreevmaster.com\/sv\/wp-json\/wp\/v2\/product_tag?post=13533"}],"curies":[{"name":"wp","href":"https:\/\/api.w.org\/{rel}","templated":true}]}}