{"id":13531,"date":"2026-02-27T00:18:17","date_gmt":"2026-02-27T00:18:17","guid":{"rendered":"https:\/\/nordicmart.andreevmaster.com\/product\/songmics-skohylla-i-bambu-gra\/"},"modified":"2026-02-27T08:11:27","modified_gmt":"2026-02-27T08:11:27","slug":"songmics-skohylla-i-bambu-gra","status":"publish","type":"product","link":"https:\/\/nordicmart.andreevmaster.com\/sv\/produkt\/songmics-skohylla-i-bambu-gra\/","title":{"rendered":"SONGMICS skohylla i bambu Gr\u00e5"},"content":{"rendered":"<p>Songmics skohylla \u00e4r den perfekta f\u00f6rvaringshj\u00e4lpen f\u00f6r hallen eller korridoren. Du f\u00e5r en snygg skohylla som \u00f6vertygar med sin goda bearbetningskvalitet och \u00e4r extremt dekorativ. Den skapar inte bara ordning i hemmet, utan kan ocks\u00e5 anv\u00e4ndas f\u00f6r att visa upp skor och dekorationsf\u00f6rem\u00e5l i butiken. De fyra f\u00f6rvaringsplatserna rymmer skor, v\u00e4skor, v\u00e4xter, korgar och badrumstillbeh\u00f6r som handdukar. H\u00e4r finns fler id\u00e9er. Varf\u00f6r ska du v\u00e4lja Songmics skost\u00e4ll? Songmics \u00e4r alltid kundorienterat och g\u00f6r sitt yttersta f\u00f6r att erbjuda produkter av h\u00f6g kvalitet till ett bra pris. Vi har en utm\u00e4rkt kundservice och g\u00f6r allt f\u00f6r att l\u00f6sa dina problem. Produktdetaljer: &#8211; F\u00e4rg: gr\u00e5 &#8211; Material: bambu &#8211; M\u00e5tt: 70 x 55 x 26 cm (B x H x D) &#8211; Vikt: 3,4 kg Leveransomfattning: &#8211; 1 x skost\u00e4ll med 3 niv\u00e5er &#8211; 1 x tillbeh\u00f6rsp\u00e5se (inkl. insexnyckel) &#8211; 1 x bruksanvisning (DE, EN, FR, IT, ES)<\/p>\n","protected":false},"excerpt":{"rendered":"<p>SONGMICS skost\u00e4ll med 3 niv\u00e5er, skost\u00e4ll med hyllor, 80 x 50 x 30 cm, naturf\u00e4rgat LBS03N<\/p>\n","protected":false},"featured_media":41655,"comment_status":"open","ping_status":"closed","template":"","meta":[],"product_brand":[],"product_cat":[33],"product_tag":[],"class_list":{"0":"post-13531","1":"product","2":"type-product","3":"status-publish","4":"has-post-thumbnail","6":"product_cat-okategoriserad","8":"first","9":"instock","10":"shipping-taxable","11":"purchasable","12":"product-type-simple"},"_links":{"self":[{"href":"https:\/\/nordicmart.andreevmaster.com\/sv\/wp-json\/wp\/v2\/product\/13531","targetHints":{"allow":["GET"]}}],"collection":[{"href":"https:\/\/nordicmart.andreevmaster.com\/sv\/wp-json\/wp\/v2\/product"}],"about":[{"href":"https:\/\/nordicmart.andreevmaster.com\/sv\/wp-json\/wp\/v2\/types\/product"}],"replies":[{"embeddable":true,"href":"https:\/\/nordicmart.andreevmaster.com\/sv\/wp-json\/wp\/v2\/comments?post=13531"}],"wp:featuredmedia":[{"embeddable":true,"href":"https:\/\/nordicmart.andreevmaster.com\/sv\/wp-json\/wp\/v2\/media\/41655"}],"wp:attachment":[{"href":"https:\/\/nordicmart.andreevmaster.com\/sv\/wp-json\/wp\/v2\/media?parent=13531"}],"wp:term":[{"taxonomy":"product_brand","embeddable":true,"href":"https:\/\/nordicmart.andreevmaster.com\/sv\/wp-json\/wp\/v2\/product_brand?post=13531"},{"taxonomy":"product_cat","embeddable":true,"href":"https:\/\/nordicmart.andreevmaster.com\/sv\/wp-json\/wp\/v2\/product_cat?post=13531"},{"taxonomy":"product_tag","embeddable":true,"href":"https:\/\/nordicmart.andreevmaster.com\/sv\/wp-json\/wp\/v2\/product_tag?post=13531"}],"curies":[{"name":"wp","href":"https:\/\/api.w.org\/{rel}","templated":true}]}}