{"id":13530,"date":"2026-02-27T00:18:17","date_gmt":"2026-02-27T00:18:17","guid":{"rendered":"https:\/\/nordicmart.andreevmaster.com\/product\/vasagle-skohylla-5-nivaer-med-justerbara-gallerhyllor\/"},"modified":"2026-02-27T08:11:27","modified_gmt":"2026-02-27T08:11:27","slug":"vasagle-skohylla-5-nivaer-med-justerbara-gallerhyllor","status":"publish","type":"product","link":"https:\/\/nordicmart.andreevmaster.com\/sv\/produkt\/vasagle-skohylla-5-nivaer-med-justerbara-gallerhyllor\/","title":{"rendered":"VASAGLE skohylla 5 niv\u00e5er med justerbara gallerhyllor"},"content":{"rendered":"<p>VASAGLE skost\u00e4ll, skohylla med 5 niv\u00e5er och gener\u00f6s yta f\u00f6r v\u00e4skor, f\u00f6r entr\u00e9n, hallen, metall, industriell design, vintagebrun-svart LBS038B01<br \/>\nF\u00e4rg: honungsbrun-bl\u00e4ksvart<br \/>\nMaterial: Sp\u00e5nskiva, st\u00e5l<br \/>\nStorlek: 30 x 75 x 93 cm (D x B x H)<br \/>\nVikt: 7,6 kg<br \/>\nMax. statisk belastningskapacitet f\u00f6r ytan: 27 kg<br \/>\nMax. statisk belastningskapacitet per gallerhylla: 11 kg<\/p>\n","protected":false},"excerpt":{"rendered":"<p>VASAGLE skost\u00e4ll, skohylla med 5 niv\u00e5er och gener\u00f6s yta f\u00f6r v\u00e4skor, f\u00f6r entr\u00e9n, hallen, metall, industriell design, vintagebrun-svart LBS038B01<\/p>\n","protected":false},"featured_media":41654,"comment_status":"open","ping_status":"closed","template":"","meta":[],"product_brand":[],"product_cat":[33],"product_tag":[],"class_list":{"0":"post-13530","1":"product","2":"type-product","3":"status-publish","4":"has-post-thumbnail","6":"product_cat-okategoriserad","8":"first","9":"instock","10":"shipping-taxable","11":"purchasable","12":"product-type-simple"},"_links":{"self":[{"href":"https:\/\/nordicmart.andreevmaster.com\/sv\/wp-json\/wp\/v2\/product\/13530","targetHints":{"allow":["GET"]}}],"collection":[{"href":"https:\/\/nordicmart.andreevmaster.com\/sv\/wp-json\/wp\/v2\/product"}],"about":[{"href":"https:\/\/nordicmart.andreevmaster.com\/sv\/wp-json\/wp\/v2\/types\/product"}],"replies":[{"embeddable":true,"href":"https:\/\/nordicmart.andreevmaster.com\/sv\/wp-json\/wp\/v2\/comments?post=13530"}],"wp:featuredmedia":[{"embeddable":true,"href":"https:\/\/nordicmart.andreevmaster.com\/sv\/wp-json\/wp\/v2\/media\/41654"}],"wp:attachment":[{"href":"https:\/\/nordicmart.andreevmaster.com\/sv\/wp-json\/wp\/v2\/media?parent=13530"}],"wp:term":[{"taxonomy":"product_brand","embeddable":true,"href":"https:\/\/nordicmart.andreevmaster.com\/sv\/wp-json\/wp\/v2\/product_brand?post=13530"},{"taxonomy":"product_cat","embeddable":true,"href":"https:\/\/nordicmart.andreevmaster.com\/sv\/wp-json\/wp\/v2\/product_cat?post=13530"},{"taxonomy":"product_tag","embeddable":true,"href":"https:\/\/nordicmart.andreevmaster.com\/sv\/wp-json\/wp\/v2\/product_tag?post=13530"}],"curies":[{"name":"wp","href":"https:\/\/api.w.org\/{rel}","templated":true}]}}