{"id":13528,"date":"2026-02-27T00:18:16","date_gmt":"2026-02-27T00:18:16","guid":{"rendered":"https:\/\/nordicmart.andreevmaster.com\/product\/vasagle-skostall-med-5-hyllplan\/"},"modified":"2026-02-27T08:11:26","modified_gmt":"2026-02-27T08:11:26","slug":"vasagle-skostall-med-5-hyllplan","status":"publish","type":"product","link":"https:\/\/nordicmart.andreevmaster.com\/sv\/produkt\/vasagle-skostall-med-5-hyllplan\/","title":{"rendered":"VASAGLE skost\u00e4ll med 5 hyllplan"},"content":{"rendered":"<p>Produktdetaljer: &#8211; F\u00e4rg: Vintagebrun-svart &#8211; Material: Sp\u00e5nskiva, st\u00e5l &#8211; Storlek: 75 x 30 x 93 cm (L x B x H) &#8211; Vikt: 7,6 kg &#8211; Max. statisk belastningskapacitet f\u00f6r ytan: 27 kg &#8211; Max. statisk belastningskapacitet per gallerhylla: 11 kg  Leveransomfattning: &#8211; 1 x skost\u00e4ll &#8211; 1 x tillbeh\u00f6rspaket &#8211; 1 x tippskydd &#8211; 1 x bruksanvisning VASAGLE Anm\u00e4rkningar: &#8211; Av s\u00e4kerhetssk\u00e4l \u00e4r det f\u00f6rbjudet f\u00f6r barn att kl\u00e4ttra p\u00e5 eller leka med produkten. &#8211; F\u00e4st denna produkt p\u00e5 v\u00e4ggen med det medf\u00f6ljande tippskyddet f\u00f6r att garantera s\u00e4ker anv\u00e4ndning.<\/p>\n","protected":false},"excerpt":{"rendered":"<p>VASAGLE skost\u00e4ll, skohylla med 5 niv\u00e5er och gener\u00f6s yta f\u00f6r v\u00e4skor, f\u00f6r entr\u00e9n, hallen, metall, industriell design, vintagebrun-svart LBS038B01<\/p>\n","protected":false},"featured_media":41652,"comment_status":"open","ping_status":"closed","template":"","meta":[],"product_brand":[],"product_cat":[33],"product_tag":[],"class_list":{"0":"post-13528","1":"product","2":"type-product","3":"status-publish","4":"has-post-thumbnail","6":"product_cat-okategoriserad","8":"first","9":"instock","10":"shipping-taxable","11":"purchasable","12":"product-type-simple"},"_links":{"self":[{"href":"https:\/\/nordicmart.andreevmaster.com\/sv\/wp-json\/wp\/v2\/product\/13528","targetHints":{"allow":["GET"]}}],"collection":[{"href":"https:\/\/nordicmart.andreevmaster.com\/sv\/wp-json\/wp\/v2\/product"}],"about":[{"href":"https:\/\/nordicmart.andreevmaster.com\/sv\/wp-json\/wp\/v2\/types\/product"}],"replies":[{"embeddable":true,"href":"https:\/\/nordicmart.andreevmaster.com\/sv\/wp-json\/wp\/v2\/comments?post=13528"}],"wp:featuredmedia":[{"embeddable":true,"href":"https:\/\/nordicmart.andreevmaster.com\/sv\/wp-json\/wp\/v2\/media\/41652"}],"wp:attachment":[{"href":"https:\/\/nordicmart.andreevmaster.com\/sv\/wp-json\/wp\/v2\/media?parent=13528"}],"wp:term":[{"taxonomy":"product_brand","embeddable":true,"href":"https:\/\/nordicmart.andreevmaster.com\/sv\/wp-json\/wp\/v2\/product_brand?post=13528"},{"taxonomy":"product_cat","embeddable":true,"href":"https:\/\/nordicmart.andreevmaster.com\/sv\/wp-json\/wp\/v2\/product_cat?post=13528"},{"taxonomy":"product_tag","embeddable":true,"href":"https:\/\/nordicmart.andreevmaster.com\/sv\/wp-json\/wp\/v2\/product_tag?post=13528"}],"curies":[{"name":"wp","href":"https:\/\/api.w.org\/{rel}","templated":true}]}}