{"id":13516,"date":"2026-02-27T00:18:14","date_gmt":"2026-02-27T00:18:14","guid":{"rendered":"https:\/\/nordicmart.andreevmaster.com\/product\/vasagle-skohylla\/"},"modified":"2026-02-27T08:11:24","modified_gmt":"2026-02-27T08:11:24","slug":"vasagle-skohylla","status":"publish","type":"product","link":"https:\/\/nordicmart.andreevmaster.com\/sv\/produkt\/vasagle-skohylla\/","title":{"rendered":"VASAGLE Skohylla"},"content":{"rendered":"<p>Produktdetaljer: &#8211; F\u00e4rg: Vintagebrun-svart &#8211; Material: Sp\u00e5nskiva, st\u00e5l &#8211; Storlek: 100 x 30 x 110 cm (L x B x H) &#8211; Vikt: 11,2 kg &#8211; Max. statisk belastningskapacitet p\u00e5 ytan: 10 kg &#8211; Max. statisk belastningskapacitet per gallerhylla: 5 kg Leveransomfattning:- 1 x skost\u00e4ll &#8211; 1 x tillbeh\u00f6rspaket &#8211; 1 x tippskydd &#8211; 1 x bruksanvisning (DE, EN, ES, FR, IT) VASAGLE Anvisningar: &#8211; Barn f\u00e5r inte kl\u00e4ttra p\u00e5 produkten. &#8211; F\u00e4st produkten p\u00e5 v\u00e4ggen med det medf\u00f6ljande tippskyddet f\u00f6r att s\u00e4kerst\u00e4lla s\u00e4ker anv\u00e4ndning. Produktbeskrivning<\/p>\n","protected":false},"excerpt":{"rendered":"<p>VASAGLE Skohylla, skost\u00e4ll med 5 gallerhyllor och gener\u00f6s yta, f\u00f6r hallen, metallstativ, industriell design, vintagebrun-svart LBS016B01<\/p>\n","protected":false},"featured_media":41640,"comment_status":"open","ping_status":"closed","template":"","meta":[],"product_brand":[],"product_cat":[33],"product_tag":[],"class_list":{"0":"post-13516","1":"product","2":"type-product","3":"status-publish","4":"has-post-thumbnail","6":"product_cat-okategoriserad","8":"first","9":"instock","10":"shipping-taxable","11":"purchasable","12":"product-type-simple"},"_links":{"self":[{"href":"https:\/\/nordicmart.andreevmaster.com\/sv\/wp-json\/wp\/v2\/product\/13516","targetHints":{"allow":["GET"]}}],"collection":[{"href":"https:\/\/nordicmart.andreevmaster.com\/sv\/wp-json\/wp\/v2\/product"}],"about":[{"href":"https:\/\/nordicmart.andreevmaster.com\/sv\/wp-json\/wp\/v2\/types\/product"}],"replies":[{"embeddable":true,"href":"https:\/\/nordicmart.andreevmaster.com\/sv\/wp-json\/wp\/v2\/comments?post=13516"}],"wp:featuredmedia":[{"embeddable":true,"href":"https:\/\/nordicmart.andreevmaster.com\/sv\/wp-json\/wp\/v2\/media\/41640"}],"wp:attachment":[{"href":"https:\/\/nordicmart.andreevmaster.com\/sv\/wp-json\/wp\/v2\/media?parent=13516"}],"wp:term":[{"taxonomy":"product_brand","embeddable":true,"href":"https:\/\/nordicmart.andreevmaster.com\/sv\/wp-json\/wp\/v2\/product_brand?post=13516"},{"taxonomy":"product_cat","embeddable":true,"href":"https:\/\/nordicmart.andreevmaster.com\/sv\/wp-json\/wp\/v2\/product_cat?post=13516"},{"taxonomy":"product_tag","embeddable":true,"href":"https:\/\/nordicmart.andreevmaster.com\/sv\/wp-json\/wp\/v2\/product_tag?post=13516"}],"curies":[{"name":"wp","href":"https:\/\/api.w.org\/{rel}","templated":true}]}}