{"id":13515,"date":"2026-02-27T00:18:13","date_gmt":"2026-02-27T00:18:13","guid":{"rendered":"https:\/\/nordicmart.andreevmaster.com\/product\/vasagle-skohylla-med-4-gallerhyllor-honungsbrun-svart\/"},"modified":"2026-02-27T08:11:24","modified_gmt":"2026-02-27T08:11:24","slug":"vasagle-skohylla-med-4-gallerhyllor-honungsbrun-svart","status":"publish","type":"product","link":"https:\/\/nordicmart.andreevmaster.com\/sv\/produkt\/vasagle-skohylla-med-4-gallerhyllor-honungsbrun-svart\/","title":{"rendered":"VASAGLE skohylla med 4 gallerhyllor, honungsbrun-svart"},"content":{"rendered":"<p>Produktdetaljer: &#8211; F\u00e4rg: Honungsbrun-svart &#8211; Material: Sp\u00e5nskiva, st\u00e5l &#8211; Storlek: 100 x 30 x 92,5 cm (L x B x H) &#8211; Vikt: 10,6 kg &#8211; Max. statisk belastningskapacitet f\u00f6r ytan: 10 kg &#8211; Max. statisk belastningskapacitet per gallerhylla: 5 kg Leveransomfattning:- 1 x skohylla &#8211; 1 x tillbeh\u00f6rspaket &#8211; 1 x bruksanvisning (DE, EN, ES, FR, IT) VASAGLE Anvisningar: &#8211; Placera produkten s\u00e5 att den inte uts\u00e4tts f\u00f6r v\u00e4rmek\u00e4llor, direkt solljus eller fukt. &#8211; Barn f\u00e5r inte kl\u00e4ttra p\u00e5 produkten.<\/p>\n","protected":false},"excerpt":{"rendered":"<p>VASAGLE Skohylla, skost\u00e4ll med 4 gallerhyllor och gener\u00f6s yta f\u00f6r v\u00e4skor, 100 x 30 x 92,5 cm, 16-20 par skor, industriell design, hasseln\u00f6tsbrun-svart LBS015B03<\/p>\n","protected":false},"featured_media":41639,"comment_status":"open","ping_status":"closed","template":"","meta":[],"product_brand":[],"product_cat":[33],"product_tag":[],"class_list":{"0":"post-13515","1":"product","2":"type-product","3":"status-publish","4":"has-post-thumbnail","6":"product_cat-okategoriserad","8":"first","9":"instock","10":"shipping-taxable","11":"purchasable","12":"product-type-simple"},"_links":{"self":[{"href":"https:\/\/nordicmart.andreevmaster.com\/sv\/wp-json\/wp\/v2\/product\/13515","targetHints":{"allow":["GET"]}}],"collection":[{"href":"https:\/\/nordicmart.andreevmaster.com\/sv\/wp-json\/wp\/v2\/product"}],"about":[{"href":"https:\/\/nordicmart.andreevmaster.com\/sv\/wp-json\/wp\/v2\/types\/product"}],"replies":[{"embeddable":true,"href":"https:\/\/nordicmart.andreevmaster.com\/sv\/wp-json\/wp\/v2\/comments?post=13515"}],"wp:featuredmedia":[{"embeddable":true,"href":"https:\/\/nordicmart.andreevmaster.com\/sv\/wp-json\/wp\/v2\/media\/41639"}],"wp:attachment":[{"href":"https:\/\/nordicmart.andreevmaster.com\/sv\/wp-json\/wp\/v2\/media?parent=13515"}],"wp:term":[{"taxonomy":"product_brand","embeddable":true,"href":"https:\/\/nordicmart.andreevmaster.com\/sv\/wp-json\/wp\/v2\/product_brand?post=13515"},{"taxonomy":"product_cat","embeddable":true,"href":"https:\/\/nordicmart.andreevmaster.com\/sv\/wp-json\/wp\/v2\/product_cat?post=13515"},{"taxonomy":"product_tag","embeddable":true,"href":"https:\/\/nordicmart.andreevmaster.com\/sv\/wp-json\/wp\/v2\/product_tag?post=13515"}],"curies":[{"name":"wp","href":"https:\/\/api.w.org\/{rel}","templated":true}]}}