{"id":13505,"date":"2026-02-27T00:18:11","date_gmt":"2026-02-27T00:18:11","guid":{"rendered":"https:\/\/nordicmart.andreevmaster.com\/product\/songmics-hornhylla-med-5-nivaer-supersnabb-montering-utan-verktyg-stativhylla\/"},"modified":"2026-02-27T08:11:22","modified_gmt":"2026-02-27T08:11:22","slug":"songmics-hornhylla-med-5-nivaer-supersnabb-montering-utan-verktyg-stativhylla","status":"publish","type":"product","link":"https:\/\/nordicmart.andreevmaster.com\/sv\/produkt\/songmics-hornhylla-med-5-nivaer-supersnabb-montering-utan-verktyg-stativhylla\/","title":{"rendered":"SONGMICS h\u00f6rnhylla med 5 niv\u00e5er, supersnabb montering utan verktyg, stativhylla"},"content":{"rendered":"<p>SONGMICS HOME Supersnabb montering utan verktyg, h\u00f6rnhylla med 5 hyllplan, stativhylla, hylla, 38,3 x 27 x 139 cm, vardagsrum, sovrum, k\u00f6k, vintagebrun LBC610K01<br \/>\nSpecifikationer:<br \/>\n&#8211; M\u00e5tt: 38,3 x 27 x 139 cm (D x B x H)<br \/>\n&#8211; Vikt: 3,8 kg<br \/>\n&#8211; Max. statisk b\u00e4rf\u00f6rm\u00e5ga per hylla: 10 kg<br \/>\n&#8211; Max. statisk b\u00e4rf\u00f6rm\u00e5ga totalt: 50 kg<br \/>\n&#8211; Material: sp\u00e5nskiva, st\u00e5l<br \/>\n&#8211; F\u00e4rg: Vintagebrun<\/p>\n","protected":false},"excerpt":{"rendered":"<p>SONGMICS HOME Supersnabb montering utan verktyg, h\u00f6rnhylla med 5 hyllplan, stativhylla, hylla, 38,3 x 27 x 139 cm, vardagsrum, sovrum, k\u00f6k, vintagebrun LBC610K01<\/p>\n","protected":false},"featured_media":41630,"comment_status":"open","ping_status":"closed","template":"","meta":[],"product_brand":[],"product_cat":[33],"product_tag":[],"class_list":{"0":"post-13505","1":"product","2":"type-product","3":"status-publish","4":"has-post-thumbnail","6":"product_cat-okategoriserad","8":"first","9":"instock","10":"shipping-taxable","11":"purchasable","12":"product-type-simple"},"_links":{"self":[{"href":"https:\/\/nordicmart.andreevmaster.com\/sv\/wp-json\/wp\/v2\/product\/13505","targetHints":{"allow":["GET"]}}],"collection":[{"href":"https:\/\/nordicmart.andreevmaster.com\/sv\/wp-json\/wp\/v2\/product"}],"about":[{"href":"https:\/\/nordicmart.andreevmaster.com\/sv\/wp-json\/wp\/v2\/types\/product"}],"replies":[{"embeddable":true,"href":"https:\/\/nordicmart.andreevmaster.com\/sv\/wp-json\/wp\/v2\/comments?post=13505"}],"wp:featuredmedia":[{"embeddable":true,"href":"https:\/\/nordicmart.andreevmaster.com\/sv\/wp-json\/wp\/v2\/media\/41630"}],"wp:attachment":[{"href":"https:\/\/nordicmart.andreevmaster.com\/sv\/wp-json\/wp\/v2\/media?parent=13505"}],"wp:term":[{"taxonomy":"product_brand","embeddable":true,"href":"https:\/\/nordicmart.andreevmaster.com\/sv\/wp-json\/wp\/v2\/product_brand?post=13505"},{"taxonomy":"product_cat","embeddable":true,"href":"https:\/\/nordicmart.andreevmaster.com\/sv\/wp-json\/wp\/v2\/product_cat?post=13505"},{"taxonomy":"product_tag","embeddable":true,"href":"https:\/\/nordicmart.andreevmaster.com\/sv\/wp-json\/wp\/v2\/product_tag?post=13505"}],"curies":[{"name":"wp","href":"https:\/\/api.w.org\/{rel}","templated":true}]}}