{"id":13495,"date":"2026-02-27T00:18:09","date_gmt":"2026-02-27T00:18:09","guid":{"rendered":"https:\/\/nordicmart.andreevmaster.com\/product\/vasagle-bokhylla-5-hyllplan-staende-hylla-i-tradform-platsbesparande-hornhylla\/"},"modified":"2026-02-27T08:11:20","modified_gmt":"2026-02-27T08:11:20","slug":"vasagle-bokhylla-5-hyllplan-staende-hylla-i-tradform-platsbesparande-hornhylla","status":"publish","type":"product","link":"https:\/\/nordicmart.andreevmaster.com\/sv\/produkt\/vasagle-bokhylla-5-hyllplan-staende-hylla-i-tradform-platsbesparande-hornhylla\/","title":{"rendered":"VASAGLE bokhylla 5 hyllplan, st\u00e5ende hylla i tr\u00e4dform, platsbesparande h\u00f6rnhylla"},"content":{"rendered":"<p>Bokhylla med 9 hyllplan, st\u00e5ende hylla i tr\u00e4dform, platsbesparande h\u00f6rnhylla, f\u00f6r sovrum, vardagsrum, hemmakontor, vintagebrun<br \/>\nSpecifikationer:<\/p>\n<p>&#8211; M\u00e5tt: 17,2 x 30 x 51 cm (D x B x H)<br \/>\n&#8211; Vikt: 3,2 kg<br \/>\n&#8211; Max. total statisk b\u00e4rf\u00f6rm\u00e5ga: 3,7 kg<br \/>\n&#8211; Material: sp\u00e5nskiva<br \/>\n&#8211; F\u00e4rg: Vit<\/p>\n","protected":false},"excerpt":{"rendered":"<p>Bokhylla med 9 hyllplan, st\u00e5ende hylla i tr\u00e4dform, platsbesparande h\u00f6rnhylla, f\u00f6r sovrum, vardagsrum, hemmakontor, vintagebrun<\/p>\n","protected":false},"featured_media":41624,"comment_status":"open","ping_status":"closed","template":"","meta":[],"product_brand":[],"product_cat":[33],"product_tag":[],"class_list":{"0":"post-13495","1":"product","2":"type-product","3":"status-publish","4":"has-post-thumbnail","6":"product_cat-okategoriserad","8":"first","9":"instock","10":"shipping-taxable","11":"purchasable","12":"product-type-simple"},"_links":{"self":[{"href":"https:\/\/nordicmart.andreevmaster.com\/sv\/wp-json\/wp\/v2\/product\/13495","targetHints":{"allow":["GET"]}}],"collection":[{"href":"https:\/\/nordicmart.andreevmaster.com\/sv\/wp-json\/wp\/v2\/product"}],"about":[{"href":"https:\/\/nordicmart.andreevmaster.com\/sv\/wp-json\/wp\/v2\/types\/product"}],"replies":[{"embeddable":true,"href":"https:\/\/nordicmart.andreevmaster.com\/sv\/wp-json\/wp\/v2\/comments?post=13495"}],"wp:featuredmedia":[{"embeddable":true,"href":"https:\/\/nordicmart.andreevmaster.com\/sv\/wp-json\/wp\/v2\/media\/41624"}],"wp:attachment":[{"href":"https:\/\/nordicmart.andreevmaster.com\/sv\/wp-json\/wp\/v2\/media?parent=13495"}],"wp:term":[{"taxonomy":"product_brand","embeddable":true,"href":"https:\/\/nordicmart.andreevmaster.com\/sv\/wp-json\/wp\/v2\/product_brand?post=13495"},{"taxonomy":"product_cat","embeddable":true,"href":"https:\/\/nordicmart.andreevmaster.com\/sv\/wp-json\/wp\/v2\/product_cat?post=13495"},{"taxonomy":"product_tag","embeddable":true,"href":"https:\/\/nordicmart.andreevmaster.com\/sv\/wp-json\/wp\/v2\/product_tag?post=13495"}],"curies":[{"name":"wp","href":"https:\/\/api.w.org\/{rel}","templated":true}]}}