{"id":13491,"date":"2026-02-27T00:18:08","date_gmt":"2026-02-27T00:18:08","guid":{"rendered":"https:\/\/nordicmart.andreevmaster.com\/product\/vasagle-6-stegs-bokhylla-stativhylla-i-skandinavisk-stil-for-vardagsrummet\/"},"modified":"2026-02-27T08:11:19","modified_gmt":"2026-02-27T08:11:19","slug":"vasagle-6-stegs-bokhylla-stativhylla-i-skandinavisk-stil-for-vardagsrummet","status":"publish","type":"product","link":"https:\/\/nordicmart.andreevmaster.com\/sv\/produkt\/vasagle-6-stegs-bokhylla-stativhylla-i-skandinavisk-stil-for-vardagsrummet\/","title":{"rendered":"VASAGLE 6-stegs bokhylla, stativhylla i skandinavisk stil, f\u00f6r vardagsrummet"},"content":{"rendered":"<p>Produktdetaljer: &#8211; F\u00e4rg: Vit &#8211; Material: Sp\u00e5nskiva &#8211; Storlek: 40 x 24 x 178,5 cm (L x B x H) &#8211; Vikt: 17,2 kg &#8211; Max. statisk belastningskapacitet per niv\u00e5: 5 kg  Leveransomfattning: &#8211; 1 x frist\u00e5ende hyllanl\u00e4ggning &#8211; 1 x tillbeh\u00f6rspaket &#8211; 1 x tippskydd &#8211; 1 x bruksanvisning VASAGLE Anm\u00e4rkningar: &#8211; Av s\u00e4kerhetssk\u00e4l \u00e4r det f\u00f6rbjudet f\u00f6r barn att kl\u00e4ttra p\u00e5 eller leka med produkten. &#8211; F\u00e4st denna produkt p\u00e5 v\u00e4ggen med det medf\u00f6ljande tippskyddet f\u00f6r att garantera s\u00e4ker anv\u00e4ndning.<\/p>\n","protected":false},"excerpt":{"rendered":"<p>VASAGLE bokhylla, med 6 hyllplan, stativhylla, f\u00f6rvaringshylla, f\u00f6r vardagsrum, kontor, sovrum, arbetsrum, skandinavisk stil, 40 x 24 x 178,5 cm, vit LBC167T14<\/p>\n","protected":false},"featured_media":41620,"comment_status":"open","ping_status":"closed","template":"","meta":[],"product_brand":[],"product_cat":[33],"product_tag":[],"class_list":{"0":"post-13491","1":"product","2":"type-product","3":"status-publish","4":"has-post-thumbnail","6":"product_cat-okategoriserad","8":"first","9":"instock","10":"shipping-taxable","11":"purchasable","12":"product-type-simple"},"_links":{"self":[{"href":"https:\/\/nordicmart.andreevmaster.com\/sv\/wp-json\/wp\/v2\/product\/13491","targetHints":{"allow":["GET"]}}],"collection":[{"href":"https:\/\/nordicmart.andreevmaster.com\/sv\/wp-json\/wp\/v2\/product"}],"about":[{"href":"https:\/\/nordicmart.andreevmaster.com\/sv\/wp-json\/wp\/v2\/types\/product"}],"replies":[{"embeddable":true,"href":"https:\/\/nordicmart.andreevmaster.com\/sv\/wp-json\/wp\/v2\/comments?post=13491"}],"wp:featuredmedia":[{"embeddable":true,"href":"https:\/\/nordicmart.andreevmaster.com\/sv\/wp-json\/wp\/v2\/media\/41620"}],"wp:attachment":[{"href":"https:\/\/nordicmart.andreevmaster.com\/sv\/wp-json\/wp\/v2\/media?parent=13491"}],"wp:term":[{"taxonomy":"product_brand","embeddable":true,"href":"https:\/\/nordicmart.andreevmaster.com\/sv\/wp-json\/wp\/v2\/product_brand?post=13491"},{"taxonomy":"product_cat","embeddable":true,"href":"https:\/\/nordicmart.andreevmaster.com\/sv\/wp-json\/wp\/v2\/product_cat?post=13491"},{"taxonomy":"product_tag","embeddable":true,"href":"https:\/\/nordicmart.andreevmaster.com\/sv\/wp-json\/wp\/v2\/product_tag?post=13491"}],"curies":[{"name":"wp","href":"https:\/\/api.w.org\/{rel}","templated":true}]}}