{"id":13489,"date":"2026-02-27T00:18:08","date_gmt":"2026-02-27T00:18:08","guid":{"rendered":"https:\/\/nordicmart.andreevmaster.com\/product\/bokhylla-med-9-hyllplan-staende-hylla-i-traform-hornhylla-som-sparar-utrymme\/"},"modified":"2026-02-27T08:11:19","modified_gmt":"2026-02-27T08:11:19","slug":"bokhylla-med-9-hyllplan-staende-hylla-i-traform-hornhylla-som-sparar-utrymme","status":"publish","type":"product","link":"https:\/\/nordicmart.andreevmaster.com\/sv\/produkt\/bokhylla-med-9-hyllplan-staende-hylla-i-traform-hornhylla-som-sparar-utrymme\/","title":{"rendered":"Bokhylla med 9 hyllplan, st\u00e5ende hylla i tr\u00e4form, h\u00f6rnhylla som sparar utrymme"},"content":{"rendered":"<p>Unik design f\u00f6r modern inredning Bokhyllan har 8 hyllor som erbjuder gott om plats f\u00f6r ett stort antal b\u00f6cker och \u00e4r samtidigt en elegant och attraktiv m\u00f6bel i ditt rum.Stabil och s\u00e4kerLastulevyrunko, d\u00e4r det medf\u00f6ljer en lutningsskyddsanordning, garanterar stabilitet och st\u00f6d \u00e4ven n\u00e4r den \u00e4r full med b\u00f6cker. M\u00e5ngsidigDen \u00f6ppna bokhyllan ger en tydlig \u00f6verblick och enkel \u00e5tkomst till b\u00f6ckerna och passar i alla rum: vardagsrum, sovrum, lekrum, hall och balkong (inte v\u00e4derbest\u00e4ndig).Produktinformation:- F\u00e4rg: Vit &#8211; Material: Sp\u00e5nskiva &#8211; M\u00e5tt: 50 x 141,5 x 25 cm (L x H x D) &#8211; Vikt: 13 kg &#8211; Max. belastning: 10 kg per hylla. B\u00e4rf\u00f6rm\u00e5ga: 10 kg per hylla Leveransomfattning: &#8211; 1 x bokhylla &#8211; 1 x tillbeh\u00f6rsv\u00e4ska &#8211; 1 x bruksanvisning (DE, EN, FR, IT, ES) VASAGLE Anm\u00e4rkningar: &#8211; Reng\u00f6r bokhyllan med en fuktig trasa och torka den torr.- F\u00e4st produkten p\u00e5 v\u00e4ggen med ett lutningsskydd f\u00f6r s\u00e4kerhets skull.<\/p>\n","protected":false},"excerpt":{"rendered":"<p>Unik design f\u00f6r modern inredning Bokhyllan har 8 hyllor som erbjuder gott om plats f\u00f6r ett stort antal b\u00f6cker och \u00e4r samtidigt en elegant och attraktiv m\u00f6bel i ditt rum.Stabil och s\u00e4kerLastulevyrunko, d\u00e4r det medf\u00f6ljer en lutningsskyddsanordning, garanterar stabilitet och st\u00f6d \u00e4ven n\u00e4r den \u00e4r full med b\u00f6cker. M\u00e5ngsidigDen \u00f6ppna bokhyllan ger en tydlig \u00f6verblick [&hellip;]<\/p>\n","protected":false},"featured_media":0,"comment_status":"open","ping_status":"closed","template":"","meta":[],"product_brand":[],"product_cat":[33],"product_tag":[],"class_list":{"0":"post-13489","1":"product","2":"type-product","3":"status-publish","5":"product_cat-okategoriserad","7":"first","8":"instock","9":"shipping-taxable","10":"product-type-simple"},"_links":{"self":[{"href":"https:\/\/nordicmart.andreevmaster.com\/sv\/wp-json\/wp\/v2\/product\/13489","targetHints":{"allow":["GET"]}}],"collection":[{"href":"https:\/\/nordicmart.andreevmaster.com\/sv\/wp-json\/wp\/v2\/product"}],"about":[{"href":"https:\/\/nordicmart.andreevmaster.com\/sv\/wp-json\/wp\/v2\/types\/product"}],"replies":[{"embeddable":true,"href":"https:\/\/nordicmart.andreevmaster.com\/sv\/wp-json\/wp\/v2\/comments?post=13489"}],"wp:attachment":[{"href":"https:\/\/nordicmart.andreevmaster.com\/sv\/wp-json\/wp\/v2\/media?parent=13489"}],"wp:term":[{"taxonomy":"product_brand","embeddable":true,"href":"https:\/\/nordicmart.andreevmaster.com\/sv\/wp-json\/wp\/v2\/product_brand?post=13489"},{"taxonomy":"product_cat","embeddable":true,"href":"https:\/\/nordicmart.andreevmaster.com\/sv\/wp-json\/wp\/v2\/product_cat?post=13489"},{"taxonomy":"product_tag","embeddable":true,"href":"https:\/\/nordicmart.andreevmaster.com\/sv\/wp-json\/wp\/v2\/product_tag?post=13489"}],"curies":[{"name":"wp","href":"https:\/\/api.w.org\/{rel}","templated":true}]}}