{"id":13487,"date":"2026-02-27T00:18:07","date_gmt":"2026-02-27T00:18:07","guid":{"rendered":"https:\/\/nordicmart.andreevmaster.com\/product\/bokhylla-med-10-fack-oppen-hylla-trappstegsformad-hylla\/"},"modified":"2026-02-27T08:11:18","modified_gmt":"2026-02-27T08:11:18","slug":"bokhylla-med-10-fack-oppen-hylla-trappstegsformad-hylla","status":"publish","type":"product","link":"https:\/\/nordicmart.andreevmaster.com\/sv\/produkt\/bokhylla-med-10-fack-oppen-hylla-trappstegsformad-hylla\/","title":{"rendered":"Bokhylla med 10 fack, \u00f6ppen hylla, trappstegsformad hylla"},"content":{"rendered":"<p>Elegant och praktisk Denna bokhylla har gott om plats f\u00f6r prydnadsf\u00f6rem\u00e5l, hush\u00e5llsartiklar och b\u00f6cker och passar vackert in i ditt vardagsrum.  Den frist\u00e5ende hyllan passar ocks\u00e5 f\u00f6r f\u00f6rvaring av m\u00e5nga olika saker, s\u00e5som leksaker, kl\u00e4der, mappar, b\u00f6cker etc. Placera den i barnrummet, vardagsrummet, kontoret eller hemmakontoret.  Enkel montering Alla delar till denna hylla \u00e4r numrerade och detaljerade instruktioner medf\u00f6ljer. Detta g\u00f6r monteringen snabb och enkel. Dessutom \u00e4r alla kanter f\u00f6rseglade, s\u00e5 du beh\u00f6ver inte oroa dig f\u00f6r splitter. Produktinformation: Hyllan \u00e4r utformad och utrustad s\u00e5 att den \u00e4r enkel att montera: &#8211; F\u00e4rg: vit &#8211; Material: sp\u00e5nskiva med melaminbel\u00e4ggning &#8211; Produktm\u00e5tt: 1,5 mm: 129,5 x 29 cm x 129,5 (L x B x H) &#8211; Vikt: 27,3 kg &#8211; Statisk b\u00e4rf\u00f6rm\u00e5ga per kubikmeter: 15 kg Leveransomfattning: &#8211; 1 x bokhylla &#8211; 1 x tillbeh\u00f6rspaket &#8211; 1 x bruksanvisning (DE, EN, FR, ES, IT)VASAGLE Anm\u00e4rkningar: &#8211; 1 x bokhylla &#8211; 1 x tillbeh\u00f6rspaket &#8211; 1 x bruksanvisning (DE, EN, FR, ES, IT)VASAGLE Anm\u00e4rkning: &#8211; Reng\u00f6r bokhyllan med en fuktig trasa och torka sedan av den. &#8211; F\u00e4st denna produkt p\u00e5 v\u00e4ggen med den medf\u00f6ljande lutningsbegr\u00e4nsaren f\u00f6r att s\u00e4kerst\u00e4lla s\u00e4ker anv\u00e4ndning.<\/p>\n","protected":false},"excerpt":{"rendered":"<p>Elegant och praktisk Denna bokhylla har gott om plats f\u00f6r prydnadsf\u00f6rem\u00e5l, hush\u00e5llsartiklar och b\u00f6cker och passar vackert in i ditt vardagsrum. Den frist\u00e5ende hyllan passar ocks\u00e5 f\u00f6r f\u00f6rvaring av m\u00e5nga olika saker, s\u00e5som leksaker, kl\u00e4der, mappar, b\u00f6cker etc. Placera den i barnrummet, vardagsrummet, kontoret eller hemmakontoret. Enkel montering Alla delar till denna hylla \u00e4r numrerade [&hellip;]<\/p>\n","protected":false},"featured_media":0,"comment_status":"open","ping_status":"closed","template":"","meta":[],"product_brand":[],"product_cat":[33],"product_tag":[],"class_list":{"0":"post-13487","1":"product","2":"type-product","3":"status-publish","5":"product_cat-okategoriserad","7":"first","8":"instock","9":"shipping-taxable","10":"product-type-simple"},"_links":{"self":[{"href":"https:\/\/nordicmart.andreevmaster.com\/sv\/wp-json\/wp\/v2\/product\/13487","targetHints":{"allow":["GET"]}}],"collection":[{"href":"https:\/\/nordicmart.andreevmaster.com\/sv\/wp-json\/wp\/v2\/product"}],"about":[{"href":"https:\/\/nordicmart.andreevmaster.com\/sv\/wp-json\/wp\/v2\/types\/product"}],"replies":[{"embeddable":true,"href":"https:\/\/nordicmart.andreevmaster.com\/sv\/wp-json\/wp\/v2\/comments?post=13487"}],"wp:attachment":[{"href":"https:\/\/nordicmart.andreevmaster.com\/sv\/wp-json\/wp\/v2\/media?parent=13487"}],"wp:term":[{"taxonomy":"product_brand","embeddable":true,"href":"https:\/\/nordicmart.andreevmaster.com\/sv\/wp-json\/wp\/v2\/product_brand?post=13487"},{"taxonomy":"product_cat","embeddable":true,"href":"https:\/\/nordicmart.andreevmaster.com\/sv\/wp-json\/wp\/v2\/product_cat?post=13487"},{"taxonomy":"product_tag","embeddable":true,"href":"https:\/\/nordicmart.andreevmaster.com\/sv\/wp-json\/wp\/v2\/product_tag?post=13487"}],"curies":[{"name":"wp","href":"https:\/\/api.w.org\/{rel}","templated":true}]}}