{"id":13480,"date":"2026-02-27T00:18:06","date_gmt":"2026-02-27T00:18:06","guid":{"rendered":"https:\/\/nordicmart.andreevmaster.com\/product\/vasagle-hornhylla-vagghylla-med-5-hyllplan-svavande-hylla-for-bocker\/"},"modified":"2026-02-27T08:11:17","modified_gmt":"2026-02-27T08:11:17","slug":"vasagle-hornhylla-vagghylla-med-5-hyllplan-svavande-hylla-for-bocker","status":"publish","type":"product","link":"https:\/\/nordicmart.andreevmaster.com\/sv\/produkt\/vasagle-hornhylla-vagghylla-med-5-hyllplan-svavande-hylla-for-bocker\/","title":{"rendered":"VASAGLE h\u00f6rnhylla, v\u00e4gghylla med 5 hyllplan, sv\u00e4vande hylla f\u00f6r b\u00f6cker"},"content":{"rendered":"<p>H\u00f6rnhylla, v\u00e4gghylla med 5 hyllplan, sv\u00e4vande hylla f\u00f6r b\u00f6cker, bokhylla, v\u00e4xtst\u00e4ll f\u00f6r sovrum, vardagsrum, badrum, duvgr\u00e5<br \/>\n&#8211; F\u00e4rg: duvgr\u00e5<br \/>\n&#8211; Material: sp\u00e5nskiva<br \/>\n&#8211; Storlek: 20 x 20 x 126 cm (D x B x H)<br \/>\n&#8211; Vikt: 3,5 kg<br \/>\n&#8211; Max. statisk belastningskapacitet per hylla: 6 kg<\/p>\n","protected":false},"excerpt":{"rendered":"<p>H\u00f6rnhylla, v\u00e4gghylla med 5 hyllplan, sv\u00e4vande hylla f\u00f6r b\u00f6cker, bokhylla, v\u00e4xtst\u00e4ll f\u00f6r sovrum, vardagsrum, badrum, duvgr\u00e5<\/p>\n","protected":false},"featured_media":41612,"comment_status":"open","ping_status":"closed","template":"","meta":[],"product_brand":[],"product_cat":[33],"product_tag":[],"class_list":{"0":"post-13480","1":"product","2":"type-product","3":"status-publish","4":"has-post-thumbnail","6":"product_cat-okategoriserad","8":"first","9":"instock","10":"shipping-taxable","11":"purchasable","12":"product-type-simple"},"_links":{"self":[{"href":"https:\/\/nordicmart.andreevmaster.com\/sv\/wp-json\/wp\/v2\/product\/13480","targetHints":{"allow":["GET"]}}],"collection":[{"href":"https:\/\/nordicmart.andreevmaster.com\/sv\/wp-json\/wp\/v2\/product"}],"about":[{"href":"https:\/\/nordicmart.andreevmaster.com\/sv\/wp-json\/wp\/v2\/types\/product"}],"replies":[{"embeddable":true,"href":"https:\/\/nordicmart.andreevmaster.com\/sv\/wp-json\/wp\/v2\/comments?post=13480"}],"wp:featuredmedia":[{"embeddable":true,"href":"https:\/\/nordicmart.andreevmaster.com\/sv\/wp-json\/wp\/v2\/media\/41612"}],"wp:attachment":[{"href":"https:\/\/nordicmart.andreevmaster.com\/sv\/wp-json\/wp\/v2\/media?parent=13480"}],"wp:term":[{"taxonomy":"product_brand","embeddable":true,"href":"https:\/\/nordicmart.andreevmaster.com\/sv\/wp-json\/wp\/v2\/product_brand?post=13480"},{"taxonomy":"product_cat","embeddable":true,"href":"https:\/\/nordicmart.andreevmaster.com\/sv\/wp-json\/wp\/v2\/product_cat?post=13480"},{"taxonomy":"product_tag","embeddable":true,"href":"https:\/\/nordicmart.andreevmaster.com\/sv\/wp-json\/wp\/v2\/product_tag?post=13480"}],"curies":[{"name":"wp","href":"https:\/\/api.w.org\/{rel}","templated":true}]}}